{"id":999,"date":"2020-06-19T09:33:56","date_gmt":"2020-06-19T12:33:56","guid":{"rendered":"https:\/\/ocomon.com.br\/site\/?page_id=999"},"modified":"2020-06-19T09:33:56","modified_gmt":"2020-06-19T12:33:56","slug":"manual-visualizar-equipamentos","status":"publish","type":"page","link":"https:\/\/ocomon.com.br\/site\/manual-visualizar-equipamentos\/","title":{"rendered":"Manual: visualizar equipamentos"},"content":{"rendered":"<div id=\"pl-999\"  class=\"panel-layout\" ><div id=\"pg-999-0\"  class=\"panel-grid panel-no-style\" ><div id=\"pgc-999-0-0\"  class=\"panel-grid-cell\" ><div id=\"panel-999-0-0-0\" class=\"widget_text so-panel widget widget_custom_html panel-first-child panel-last-child\" data-index=\"0\" ><div class=\"textwidget custom-html-widget\"><html>\n  <head>\n    <title>ocomonphp &raquo; visualizar-equipamentos<\/title>\n    <link rel=\"stylesheet\" href=\"static\/style.css\" type=\"text\/css\" \/>\n    <meta http-equiv=\"Content-Type\" content=\"text\/html;charset=UTF-8\">\n  <\/head>\n  <body>\n    <div class=\"wiki\" id=\"content_view\" style=\"display: block;\">\n<strong>Visualizar equipamentos<\/strong> (Invent\u00e1rio -&gt; Visualizar -&gt; Equipamentos)<br \/>\n<br \/>\nAtrav\u00e9s dessa op\u00e7\u00e3o \u00e9 poss\u00edvel ter a listagem completa de equipamentos cadastrados no sistema.<br \/>\n<br \/>\n<img decoding=\"async\" src=\"..\/files\/lista-equipamentos.png\" alt=\"lista-equipamentos.png\" title=\"lista-equipamentos.png\" style=\"height: 247px; width: 870px;\" \/><br \/>\n<em>Tela de visualiza\u00e7\u00e3o da listagem de equipamentos cadastrados - vers\u00e3o 2.0rc3<\/em><br \/>\n<br \/>\nTodas as informa\u00e7\u00f5es exibidas aparecem em forma de link e podem ser filtradas apenas clicando sobre o link desejado.<br \/>\n<br \/>\n<u>N\u00famero da etiqueta<\/u>: a primeira coluna da listagem de equipamentos exibe o n\u00famero das etiquetas dos equipamentos. Ao clicar em um dos n\u00fameros ser\u00e3o exibidos os detalhes do respectivo equipamento.<br \/>\n<br \/>\n<u>Unidade<\/u>: ao clicar em um das unidades exibidas nessa coluna, a listagem ir\u00e1 filtrar para apenas equipamento com a unidade que foi clicada.<br \/>\n<br \/>\n<u>Tipo<\/u>: ao clicar em um dos tipos de equipamentos, a listagem ser\u00e1 filtrada para exibir apenas equipamentos do tipo clicado.<br \/>\n<br \/>\n<u>Modelo<\/u>: ao clicar em um dos modelos listados, a listagem ser\u00e1 filtrada para exibir apenas equipamentos do modelo clicado.<br \/>\n<br \/>\n<u>Localiza\u00e7\u00e3o<\/u>: ao clicar em um dos locais listados, a listagem ser\u00e1 filtrada para exibir apenas equipamentos com a localiza\u00e7\u00e3o clicada.<br \/>\n<br \/>\n<u>Situa\u00e7\u00e3o<\/u>: ao clicar em uma das situa\u00e7\u00f5es listadas, a listagem ser\u00e1 filtrada para exibir apenas equipamentos com a situa\u00e7\u00e3o clicada.<br \/>\n<br \/>\n<br \/>\n<strong>Filtros encadeados<\/strong>:<br \/>\n<br \/>\n\u00c9 poss\u00edvel a utiliza\u00e7\u00e3o de filtros de forma encadeada, ou seja, cada filtro \u00e9 aplicado sem perder o filtro anterior. Para isso ocorrer, basta marcar a op\u00e7\u00e3o &quot;Navega\u00e7\u00e3o encadeada&quot; no topo direito da tela.<br \/>\n<br \/>\nOutras op\u00e7\u00f5es:<br \/>\n<br \/>\n- <u>Checkbox popup<\/u>: essa op\u00e7\u00e3o servia para visualizar os detalhes dos equipamentos (ao clicar no n\u00famero da etiqueta) em uma janela popup. Na vers\u00e3o mais atual, os detalhes dos equipamentos s\u00e3o exibidos em um frame dentro da mesma p\u00e1gina da listagem.<br \/>\n<br \/>\n- <u>Checkbox N\u00c3O<\/u>: essa op\u00e7\u00e3o n\u00e3o possui fun\u00e7\u00e3o implementada (at\u00e9 a vers\u00e3o 2.0rc3). A inten\u00e7\u00e3o \u00e9 criar uma fun\u00e7\u00e3o de navega\u00e7\u00e3o exclusiva, assim como a utiliza\u00e7\u00e3o da navega\u00e7\u00e3o encadeada, por\u00e9m negando o item clicado.<br \/>\n<br \/>\n<br \/>\n<hr \/>\nA op\u00e7\u00e3o de exclus\u00e3o de equipamento s\u00f3 fica vis\u00edvel para operadores com n\u00edvel de administrador do sistema.<br \/>\n<hr \/>\n\n    <\/div>\n  <br\/><a href=\"..\/manual\">&lt;&lt; Voltar para o \u00edndice do manual<\/a><\/body>\n<\/html><\/div><\/div><\/div><\/div><\/div>","protected":false},"excerpt":{"rendered":"<p>ocomonphp &raquo; visualizar-equipamentos Visualizar equipamentos (Invent\u00e1rio -&gt; Visualizar -&gt; Equipamentos) Atrav\u00e9s dessa op\u00e7\u00e3o \u00e9 poss\u00edvel ter a listagem completa de [&hellip;]<\/p>\n","protected":false},"author":1,"featured_media":0,"parent":0,"menu_order":0,"comment_status":"closed","ping_status":"closed","template":"page-templates\/full-width.php","meta":{"_bbp_topic_count":0,"_bbp_reply_count":0,"_bbp_total_topic_count":0,"_bbp_total_reply_count":0,"_bbp_voice_count":0,"_bbp_anonymous_reply_count":0,"_bbp_topic_count_hidden":0,"_bbp_reply_count_hidden":0,"_bbp_forum_subforum_count":0,"footnotes":""},"class_list":["post-999","page","type-page","status-publish","hentry"],"_links":{"self":[{"href":"https:\/\/ocomon.com.br\/site\/wp-json\/wp\/v2\/pages\/999","targetHints":{"allow":["GET"]}}],"collection":[{"href":"https:\/\/ocomon.com.br\/site\/wp-json\/wp\/v2\/pages"}],"about":[{"href":"https:\/\/ocomon.com.br\/site\/wp-json\/wp\/v2\/types\/page"}],"author":[{"embeddable":true,"href":"https:\/\/ocomon.com.br\/site\/wp-json\/wp\/v2\/users\/1"}],"replies":[{"embeddable":true,"href":"https:\/\/ocomon.com.br\/site\/wp-json\/wp\/v2\/comments?post=999"}],"version-history":[{"count":2,"href":"https:\/\/ocomon.com.br\/site\/wp-json\/wp\/v2\/pages\/999\/revisions"}],"predecessor-version":[{"id":1001,"href":"https:\/\/ocomon.com.br\/site\/wp-json\/wp\/v2\/pages\/999\/revisions\/1001"}],"wp:attachment":[{"href":"https:\/\/ocomon.com.br\/site\/wp-json\/wp\/v2\/media?parent=999"}],"curies":[{"name":"wp","href":"https:\/\/api.w.org\/{rel}","templated":true}]}}