{"id":993,"date":"2020-06-19T09:30:28","date_gmt":"2020-06-19T12:30:28","guid":{"rendered":"https:\/\/ocomon.com.br\/site\/?page_id=993"},"modified":"2020-06-19T09:30:28","modified_gmt":"2020-06-19T12:30:28","slug":"manual-cadastro-documento","status":"publish","type":"page","link":"https:\/\/ocomon.com.br\/site\/manual-cadastro-documento\/","title":{"rendered":"Manual: cadastrar documentos"},"content":{"rendered":"<div id=\"pl-993\"  class=\"panel-layout\" ><div id=\"pg-993-0\"  class=\"panel-grid panel-no-style\" ><div id=\"pgc-993-0-0\"  class=\"panel-grid-cell\" ><div id=\"panel-993-0-0-0\" class=\"widget_text so-panel widget widget_custom_html panel-first-child panel-last-child\" data-index=\"0\" ><div class=\"textwidget custom-html-widget\"><html>\n  <head>\n    <title>ocomonphp &raquo; cadastro-documento<\/title>\n    <link rel=\"stylesheet\" href=\"static\/style.css\" type=\"text\/css\" \/>\n    <meta http-equiv=\"Content-Type\" content=\"text\/html;charset=UTF-8\">\n  <\/head>\n  <body>\n    <div class=\"wiki\" id=\"content_view\" style=\"display: block;\">\n<strong>Cadastro de documentos<\/strong> (Invent\u00e1rio -&gt; Cadastrar -&gt; Documentos)<br \/>\n<br \/>\nOcoMon possui um cadastro simplificado para cataloga\u00e7\u00e3o de documentos diversos como livros, manuais, m\u00eddias, etc.. Cada documento pode ser associado a um modelo de equipamento, desta forma, a partir da tela de informa\u00e7\u00f5es detalhadas de um equipamento \u00e9 poss\u00edvel ter acesso \u00e0 listagem de documentos relacionados a ele.\n    <\/div>\n  <br\/><a href=\"..\/manual\">&lt;&lt; Voltar para o \u00edndice do manual<\/a><\/body>\n<\/html><\/div><\/div><\/div><\/div><\/div>","protected":false},"excerpt":{"rendered":"<p>ocomonphp &raquo; cadastro-documento Cadastro de documentos (Invent\u00e1rio -&gt; Cadastrar -&gt; Documentos) OcoMon possui um cadastro simplificado para cataloga\u00e7\u00e3o de documentos [&hellip;]<\/p>\n","protected":false},"author":1,"featured_media":0,"parent":0,"menu_order":0,"comment_status":"closed","ping_status":"closed","template":"page-templates\/full-width.php","meta":{"_bbp_topic_count":0,"_bbp_reply_count":0,"_bbp_total_topic_count":0,"_bbp_total_reply_count":0,"_bbp_voice_count":0,"_bbp_anonymous_reply_count":0,"_bbp_topic_count_hidden":0,"_bbp_reply_count_hidden":0,"_bbp_forum_subforum_count":0,"footnotes":""},"class_list":["post-993","page","type-page","status-publish","hentry"],"_links":{"self":[{"href":"https:\/\/ocomon.com.br\/site\/wp-json\/wp\/v2\/pages\/993","targetHints":{"allow":["GET"]}}],"collection":[{"href":"https:\/\/ocomon.com.br\/site\/wp-json\/wp\/v2\/pages"}],"about":[{"href":"https:\/\/ocomon.com.br\/site\/wp-json\/wp\/v2\/types\/page"}],"author":[{"embeddable":true,"href":"https:\/\/ocomon.com.br\/site\/wp-json\/wp\/v2\/users\/1"}],"replies":[{"embeddable":true,"href":"https:\/\/ocomon.com.br\/site\/wp-json\/wp\/v2\/comments?post=993"}],"version-history":[{"count":2,"href":"https:\/\/ocomon.com.br\/site\/wp-json\/wp\/v2\/pages\/993\/revisions"}],"predecessor-version":[{"id":995,"href":"https:\/\/ocomon.com.br\/site\/wp-json\/wp\/v2\/pages\/993\/revisions\/995"}],"wp:attachment":[{"href":"https:\/\/ocomon.com.br\/site\/wp-json\/wp\/v2\/media?parent=993"}],"curies":[{"name":"wp","href":"https:\/\/api.w.org\/{rel}","templated":true}]}}