{"id":987,"date":"2020-06-19T09:27:30","date_gmt":"2020-06-19T12:27:30","guid":{"rendered":"https:\/\/ocomon.com.br\/site\/?page_id=987"},"modified":"2020-06-19T09:27:30","modified_gmt":"2020-06-19T12:27:30","slug":"manual-cadastro-equipamento","status":"publish","type":"page","link":"https:\/\/ocomon.com.br\/site\/manual-cadastro-equipamento\/","title":{"rendered":"Manual: Cadastrar equipamento"},"content":{"rendered":"<div id=\"pl-987\"  class=\"panel-layout\" ><div id=\"pg-987-0\"  class=\"panel-grid panel-no-style\" ><div id=\"pgc-987-0-0\"  class=\"panel-grid-cell\" ><div id=\"panel-987-0-0-0\" class=\"widget_text so-panel widget widget_custom_html panel-first-child panel-last-child\" data-index=\"0\" ><div class=\"textwidget custom-html-widget\"><html>\n  <head>\n    <title>ocomonphp &raquo; cadastro-equipamento<\/title>\n    <link rel=\"stylesheet\" href=\"static\/style.css\" type=\"text\/css\" \/>\n    <meta http-equiv=\"Content-Type\" content=\"text\/html;charset=UTF-8\">\n  <\/head>\n  <body>\n    <div class=\"wiki\" id=\"content_view\" style=\"display: block;\">\n<strong>Cadastro de equipamentos<\/strong> (Invent\u00e1rio -&gt; Cadastrar -&gt; Equipamento)<br \/>\n<br \/>\nAtrav\u00e9s dessa tela \u00e9 poss\u00edvel cadastrar equipamentos, modelos de equipamentos, componentes e modelos de configura\u00e7\u00e3o de equipamentos.<br \/>\n<br \/>\n<img decoding=\"async\" src=\"..\/files\/cadastro-equipamento-01.png\" alt=\"cadastro-equipamento-01.png\" title=\"cadastro-equipamento-01.png\" style=\"height: 550px; width: 870px;\" \/><br \/>\n<em>Tela de cadastro de equipamentos - vers\u00e3o 2.0rc3<\/em><br \/>\n<br \/>\n<strong>01<\/strong> - Tipo de equipamento: essa caixa serve para selecionar o tipo de equipamento que se est\u00e1 cadastrando. Exemplos de tipos de equipamentos: computador, notebook, monitor, impressora, etc..<br \/>\nNovos tipos de equipamentos podem ser cadastrados no menu Admin -&gt; Invent\u00e1rio -&gt; Equipamentos<br \/>\n<br \/>\n<strong>02<\/strong> - Fabricante: selecione aqui o fabricante do equipamento. Novos fabricantes podem ser cadastrados no menu Admin -&gt; Invent\u00e1rio -&gt; Fabricantes<br \/>\n<br \/>\n<strong>03<\/strong> - Etiqueta: informe aqui o n\u00famero da etiqueta de patrim\u00f4nio do equipamento. A etiqueta, juntamente com o campo Unidade, formar\u00e1 o identificador \u00fanico de cada equipamento. Somente s\u00e3o aceitos valores num\u00e9ricos inteiros para o campo etiqueta. Caso ache necess\u00e1rio a utiliza\u00e7\u00e3o de caracteres alfanum\u00e9ricos nesse campo, utilize o campo <a class=\"wiki_link\" href=\"..\/manual-unidades\">unidade<\/a> para isso.<br \/>\n<br \/>\n<strong>04<\/strong> - N\u00famero de s\u00e9rie do equipamento. S\u00e3o aceitos caracteres alfanum\u00e9ricos nesse campo.<br \/>\n<br \/>\n<strong>05<\/strong> - Modelo do equipamento. Voc\u00ea pode selecionar o modelo do equipamento a partir da listagem exibida ou ent\u00e3o cadastrar novo modelo clicando no bot\u00e3o &quot;Novo&quot; ao lado direito da caixa de sele\u00e7\u00e3o. Ao cadastrar um novo modelo ser\u00e1 necess\u00e1rio recarregar a p\u00e1gina para que o mesmo apare\u00e7a na caixa de sele\u00e7\u00e3o.<br \/>\n<br \/>\n<strong>06<\/strong> - Cadastro de modelo: ao clicar no bot\u00e3o &quot;Novo&quot; ser\u00e1 exibida uma janela com a listagem de todos os modelos j\u00e1 cadastrados no sistema, a apartir dessa tela \u00e9 poss\u00edvel cadastrar novos modelos ou editar as informa\u00e7\u00f5es j\u00e1 cadastradas.<br \/>\nPara cadastrar um modelo basta clicar no link &quot;Cadastrar modelo&quot;.<br \/>\n\n<ul>\n    <li>Campo Nome: \u00e9 a descri\u00e7\u00e3o do modelo a ser cadastrado. Ex: Optiplex GX 370<\/li>\n    <li>Campo Tipo de equipamento: selecione o tipo de equipamento a qual o modelo se refere.<\/li>\n    <li>Campo Anexar imagem: \u00e9 poss\u00edvel gravar uma ou mais imagens referentes ao modelo que se est\u00e1 cadastrando, dessa forma, equipamentos do mesmo modelo ter\u00e3o a mesma imagem associada. Para adicionar mais imagens ou excluir imagens j\u00e1 associadas basta exibir a listagem completa de modelos e editar o modelo em quest\u00e3o.<\/li>\n<\/ul>\n\n<br \/>\n<strong>07<\/strong> - Local onde est\u00e1 alocado o equipamento. Para maiores informa\u00e7\u00f5es sobre a fun\u00e7\u00e3o desse campo acesse a p\u00e1gina referente a <a class=\"wiki_link\" href=\"..\/manual-locais\">locais<\/a>.<br \/>\n<br \/>\n<strong>08<\/strong> - Carregar Configura\u00e7\u00e3o: o OcoMon permite o cadastro pr\u00e9vio de configura\u00e7\u00f5es espec\u00edfica dos modelos de equipamentos existentes, facilitando o processo de cadastro de equipamentos de mesmo modelo. Para carregar um modelo de configura\u00e7\u00e3o previamente cadastrado, basta selecionar o modelo do equipamento e clicar no &quot;Carregar Configura\u00e7\u00e3o&quot;, dessa forma, todas as configura\u00e7\u00f5es de hardware ser\u00e3o preenchidas automaticamente no formul\u00e1rio de cadastro de equipamento.<br \/>\n<br \/>\n<strong>09<\/strong> - Esse bot\u00e3o permite o cadastro de configura\u00e7\u00f5es para modelos de equipamentos. O formul\u00e1rio \u00e9 similar ao formul\u00e1rio de cadastro de equipamentos. Para exibir a listagem dos modelos que j\u00e1 possuem configura\u00e7\u00e3o cadastrada ou alterar as informa\u00e7\u00f5es de configura\u00e7\u00e3o do modelo basta clicar no link &quot;Lista os modelos de configura\u00e7\u00e3o j\u00e1 cadastrados&quot;.<br \/>\n<br \/>\n<strong>10<\/strong> - Campo Situa\u00e7\u00e3o. Cada equipamento cadastrado no sistema \u00e9 associado \u00e0 uma situa\u00e7\u00e3o quanto ao seu estado f\u00edsico. Por exemplo, um equipamento pode ser classificado com situa\u00e7\u00e3o operacional ou sucateado. Para cadastrar situa\u00e7\u00f5es, acesse o menu Admin -&gt; Invent\u00e1rio -&gt; Situa\u00e7\u00f5es.<br \/>\n<br \/>\n<strong>11<\/strong> - Anexar imagem. Diferente da inclus\u00e3o de imagens por modelo, onde as imagens ficam vinculadas a todos os equipamentos do modelo, nesse \u00e9 poss\u00edvel vincular imagens especificamente a um equipamento. Para adicionar mais imagens a um equipamento basta acessar o menu de edi\u00e7\u00e3o das informa\u00e7\u00f5es do equipamento e selecionar a imagem atrav\u00e9s do campo Anexar imagem.<br \/>\n<br \/>\n<strong>12<\/strong> - Nome do computador. Nome de rede do equipamento.<br \/>\n<br \/>\n<strong>13 a 23<\/strong> - Esses campos s\u00e3o referentes \u00e0 configura\u00e7\u00e3o de hardware do equipamento que est\u00e1 sendo cadastrado. Os tipos de componentes s\u00e3o fixos nesse formul\u00e1rio por\u00e9m \u00e9 poss\u00edvel cadastrar tipos diferentes de componentes aos quais chamados de <u>componentes avulsos<\/u>. Para saber mais sobre a utiliza\u00e7\u00e3o de <a class=\"wiki_link\" href=\"..\/manual-cadastro-componente-avulso\">componentes avulsos<\/a>, acesse a p\u00e1gina sobre o assunto.<br \/>\n<br \/>\nPara cadastrar um <strong>modelo de componente<\/strong> (fixo ou avulso) basta clicar no bot\u00e3o <strong>Incluir Componente<\/strong> no formul\u00e1rio de cadastro de equipamentos.<br \/>\nCampos necess\u00e1rios para o cadastro de modelo de componente:<br \/>\n<br \/>\n- <u>Tipo<\/u>: selecione o tipo de componente para qual o modelo est\u00e1 sendo cadastrado.<br \/>\n<br \/>\n- <u>Fabricante<\/u>: Informe o nome do fabricante do modelo que est\u00e1 sendo cadastrado.<br \/>\n<br \/>\n- <u>Modelo<\/u>: \u00e9 a descri\u00e7\u00e3o do modelo propriamente dita. Ex: 3c 905C-TX (exemplo de um modelo de placa de rede 3Com).<br \/>\n<br \/>\n- <u>Capacidade<\/u>: \u00e9 um valor inteiro correspondente \u00e0 capacidade do componente. Ex: para um HD de 120GB, o valor de capacidade ser\u00e1 120. Para um processador de 2.0 GHZ, o valor de capacidade ser\u00e1 2 ou 2000 dependendo do item que veremos a seguir: <strong>sufixo<\/strong>.<br \/>\n<br \/>\n- <u>Sufixo<\/u>: nesse campo deve ser informada a unidade de medida para o valor informado como capacidade no item anterior. S\u00e3o consideradas unidades v\u00e1lidas: MB, GB, MHZ, etc..<br \/>\n<br \/>\n<strong>24<\/strong> - Tipo de impressora: esse campo deve ser selecionado <strong>apenas<\/strong> se o tipo de equipamento for impressora.<br \/>\n<br \/>\n<strong>25<\/strong> - Monitor: esse campo deve ser selecionado <strong>apenas<\/strong> se o tipo de equipamento for monitor.<br \/>\n<br \/>\n<strong>26<\/strong> - Scanner: esse campo deve ser selecionado <strong>apenas<\/strong> se o tipo de equipamento for scanner.<br \/>\n<br \/>\nOs itens <strong>24,25 e 26<\/strong> s\u00e3o legados da primeira vers\u00e3o do m\u00f3dulo de invent\u00e1rio do sistema, a tend\u00eancia \u00e9 que eles deixem de existir otmizando o formul\u00e1rio de cadastro de equipamentos.<br \/>\n<br \/>\n<strong>27<\/strong> - Campo unidade. Esse campo, juntamente com o n\u00famero da etiqueta do equipamento formam o identificador \u00fanico do equipamento no sistema. Para saber mais sobre o papel do campo <a class=\"wiki_link\" href=\"..\/manual-unidades\">unidade<\/a>, acesse a p\u00e1gina referente a esse assunto.<br \/>\n<br \/>\n<strong>28<\/strong> - Campo para sele\u00e7\u00e3o do <a class=\"wiki_link\" href=\"..\/manual-centro-custo\">Centro de custo<\/a> do equipamento que est\u00e1 sendo cadastrado.<br \/>\n<br \/>\n<strong>29<\/strong> - Fornecedor. Campo para sele\u00e7\u00e3o do fornecedor do equipamento. Novos fornecedores podem ser cadastrados atrav\u00e9s do menu Admin -&gt; Invent\u00e1rio -&gt; Fornecedores.<br \/>\n<br \/>\n<strong>30<\/strong> - Campo para informar a nota fiscal de compra do equipamento.<br \/>\n<br \/>\n<strong>31<\/strong> - Campo para informar o valor de compra do equipamento.<br \/>\n<br \/>\n<strong>32<\/strong> - Data da Compra: esse campo \u00e9 importante pois \u00e9 a apartir dessa informa\u00e7\u00e3o em conjunto com o tempo de garantia que \u00e9 calculado o per\u00edodo de garantia do equipamento.<br \/>\n<br \/>\n<strong>33<\/strong> - Tipo de garantia: Campo para sele\u00e7\u00e3o do tipo de garantia do equipamento.<br \/>\n<br \/>\n<strong>34<\/strong> - Tempo de garantia: sele\u00e7\u00e3o do tempo de garantia do equipamento. Essa informa\u00e7\u00e3o \u00e9 associada com a data de compra para o c\u00e1lculo do per\u00edodo de garantia do equipamento. Novos tempos de garantia podem ser cadastrados em Admin -&gt; Invent\u00e1rio - &gt; Garantias.<br \/>\n<br \/>\n<strong>35<\/strong> - Campo para coment\u00e1rios diversos sobre o equipamento.\n    <\/div>\n  <br\/><a href=\"..\/manual\">&lt;&lt; Voltar para o \u00edndice do manual<\/a><\/body>\n<\/html><\/div><\/div><\/div><\/div><\/div>","protected":false},"excerpt":{"rendered":"<p>ocomonphp &raquo; cadastro-equipamento Cadastro de equipamentos (Invent\u00e1rio -&gt; Cadastrar -&gt; Equipamento) Atrav\u00e9s dessa tela \u00e9 poss\u00edvel cadastrar equipamentos, modelos de [&hellip;]<\/p>\n","protected":false},"author":1,"featured_media":0,"parent":0,"menu_order":0,"comment_status":"closed","ping_status":"closed","template":"page-templates\/full-width.php","meta":{"_bbp_topic_count":0,"_bbp_reply_count":0,"_bbp_total_topic_count":0,"_bbp_total_reply_count":0,"_bbp_voice_count":0,"_bbp_anonymous_reply_count":0,"_bbp_topic_count_hidden":0,"_bbp_reply_count_hidden":0,"_bbp_forum_subforum_count":0,"footnotes":""},"class_list":["post-987","page","type-page","status-publish","hentry"],"_links":{"self":[{"href":"https:\/\/ocomon.com.br\/site\/wp-json\/wp\/v2\/pages\/987","targetHints":{"allow":["GET"]}}],"collection":[{"href":"https:\/\/ocomon.com.br\/site\/wp-json\/wp\/v2\/pages"}],"about":[{"href":"https:\/\/ocomon.com.br\/site\/wp-json\/wp\/v2\/types\/page"}],"author":[{"embeddable":true,"href":"https:\/\/ocomon.com.br\/site\/wp-json\/wp\/v2\/users\/1"}],"replies":[{"embeddable":true,"href":"https:\/\/ocomon.com.br\/site\/wp-json\/wp\/v2\/comments?post=987"}],"version-history":[{"count":2,"href":"https:\/\/ocomon.com.br\/site\/wp-json\/wp\/v2\/pages\/987\/revisions"}],"predecessor-version":[{"id":989,"href":"https:\/\/ocomon.com.br\/site\/wp-json\/wp\/v2\/pages\/987\/revisions\/989"}],"wp:attachment":[{"href":"https:\/\/ocomon.com.br\/site\/wp-json\/wp\/v2\/media?parent=987"}],"curies":[{"name":"wp","href":"https:\/\/api.w.org\/{rel}","templated":true}]}}