{"id":984,"date":"2020-06-19T09:25:43","date_gmt":"2020-06-19T12:25:43","guid":{"rendered":"https:\/\/ocomon.com.br\/site\/?page_id=984"},"modified":"2020-06-19T09:25:43","modified_gmt":"2020-06-19T12:25:43","slug":"manual-inventario-inicio","status":"publish","type":"page","link":"https:\/\/ocomon.com.br\/site\/manual-inventario-inicio\/","title":{"rendered":"Manual: Invent\u00e1rio: In\u00edcio"},"content":{"rendered":"<div id=\"pl-984\"  class=\"panel-layout\" ><div id=\"pg-984-0\"  class=\"panel-grid panel-no-style\" ><div id=\"pgc-984-0-0\"  class=\"panel-grid-cell\" ><div id=\"panel-984-0-0-0\" class=\"widget_text so-panel widget widget_custom_html panel-first-child panel-last-child\" data-index=\"0\" ><div class=\"textwidget custom-html-widget\"><html>\n  <head>\n    <title>ocomonphp &raquo; inventario-inicio<\/title>\n    <link rel=\"stylesheet\" href=\"static\/style.css\" type=\"text\/css\" \/>\n    <meta http-equiv=\"Content-Type\" content=\"text\/html;charset=UTF-8\">\n  <\/head>\n  <body>\n    <div class=\"wiki\" id=\"content_view\" style=\"display: block;\">\n<strong>In\u00edcio<\/strong> (Invent\u00e1rio -&gt; In\u00edcio)<br \/>\n<br \/>\nNessa tela \u00e9 exibida uma estat\u00edstica geral sobre todos os equipamentos cadastrados no OcoMon. S\u00e3o exibidas as informa\u00e7\u00f5es sobre os tipos de equipamentos cadastrados, quantidade e percentual em rela\u00e7\u00e3o ao total absoluto de equipamentos.<br \/>\n<br \/>\nA partir desta tela \u00e9 poss\u00edvel obter a listagem completa de todos equipamentos de cada tipo exibido, para isso basta clicar sobre o tipo de equipamento desejado.<br \/>\n<br \/>\nAinda na tela inicial \u00e9 poss\u00edvel visualizar as informa\u00e7\u00f5es de quantidade por tipo de equipamentos em forma de gr\u00e1fico de barras, basta clicar no bot\u00e3o &quot;Gr\u00e1fico&quot; no final da p\u00e1gina.<br \/>\n<br \/>\n<img decoding=\"async\" src=\"..\/files\/graph_geral_barras.png\" alt=\"graph_geral_barras.png\" title=\"graph_geral_barras.png\" style=\"height: 502px; width: 670px;\" \/><br \/>\n<em>Exemplo de gr\u00e1fico que pode ser obtido a partir da tela inicial do m\u00f3dulo de invent\u00e1rio - vers\u00e3o 2.0rc3<\/em>\n    <\/div>\n  <br\/><a href=\"..\/manual\">&lt;&lt; Voltar para o \u00edndice do manual<\/a><\/body>\n<\/html><\/div><\/div><\/div><\/div><\/div>","protected":false},"excerpt":{"rendered":"<p>ocomonphp &raquo; inventario-inicio In\u00edcio (Invent\u00e1rio -&gt; In\u00edcio) Nessa tela \u00e9 exibida uma estat\u00edstica geral sobre todos os equipamentos cadastrados no [&hellip;]<\/p>\n","protected":false},"author":1,"featured_media":0,"parent":0,"menu_order":0,"comment_status":"closed","ping_status":"closed","template":"page-templates\/full-width.php","meta":{"_bbp_topic_count":0,"_bbp_reply_count":0,"_bbp_total_topic_count":0,"_bbp_total_reply_count":0,"_bbp_voice_count":0,"_bbp_anonymous_reply_count":0,"_bbp_topic_count_hidden":0,"_bbp_reply_count_hidden":0,"_bbp_forum_subforum_count":0,"footnotes":""},"class_list":["post-984","page","type-page","status-publish","hentry"],"_links":{"self":[{"href":"https:\/\/ocomon.com.br\/site\/wp-json\/wp\/v2\/pages\/984","targetHints":{"allow":["GET"]}}],"collection":[{"href":"https:\/\/ocomon.com.br\/site\/wp-json\/wp\/v2\/pages"}],"about":[{"href":"https:\/\/ocomon.com.br\/site\/wp-json\/wp\/v2\/types\/page"}],"author":[{"embeddable":true,"href":"https:\/\/ocomon.com.br\/site\/wp-json\/wp\/v2\/users\/1"}],"replies":[{"embeddable":true,"href":"https:\/\/ocomon.com.br\/site\/wp-json\/wp\/v2\/comments?post=984"}],"version-history":[{"count":2,"href":"https:\/\/ocomon.com.br\/site\/wp-json\/wp\/v2\/pages\/984\/revisions"}],"predecessor-version":[{"id":986,"href":"https:\/\/ocomon.com.br\/site\/wp-json\/wp\/v2\/pages\/984\/revisions\/986"}],"wp:attachment":[{"href":"https:\/\/ocomon.com.br\/site\/wp-json\/wp\/v2\/media?parent=984"}],"curies":[{"name":"wp","href":"https:\/\/api.w.org\/{rel}","templated":true}]}}