{"id":978,"date":"2020-06-19T09:22:06","date_gmt":"2020-06-19T12:22:06","guid":{"rendered":"https:\/\/ocomon.com.br\/site\/?page_id=978"},"modified":"2020-06-19T09:22:06","modified_gmt":"2020-06-19T12:22:06","slug":"manual-mural","status":"publish","type":"page","link":"https:\/\/ocomon.com.br\/site\/manual-mural\/","title":{"rendered":"Manual: Mural"},"content":{"rendered":"<div id=\"pl-978\"  class=\"panel-layout\" ><div id=\"pg-978-0\"  class=\"panel-grid panel-no-style\" ><div id=\"pgc-978-0-0\"  class=\"panel-grid-cell\" ><div id=\"panel-978-0-0-0\" class=\"widget_text so-panel widget widget_custom_html panel-first-child panel-last-child\" data-index=\"0\" ><div class=\"textwidget custom-html-widget\"><html>\n  <head>\n    <title>ocomonphp &raquo; mural<\/title>\n    <link rel=\"stylesheet\" href=\"static\/style.css\" type=\"text\/css\" \/>\n    <meta http-equiv=\"Content-Type\" content=\"text\/html;charset=UTF-8\">\n  <\/head>\n  <body>\n    <div class=\"wiki\" id=\"content_view\" style=\"display: block;\">\n<strong>Mural<\/strong> (Ocorr\u00eancias -&gt; Mural)<br \/>\n<br \/>\nO Mural \u00e9 uma \u00e1rea de recados\/avisos no sistema. Pode-se criar um recado e definir que o mesmo ser\u00e1 vis\u00edvel por uma \u00e1rea espec\u00edfica (na tela principal das ocorr\u00eancias no sistema) ou a todas \u00e1reas existentes.<br \/>\n<br \/>\nPrioridade de aviso: avisos cadastrados com prioridade Alta s\u00e3o vis\u00edveis diretamente na tela principal de ocorr\u00eancias do sistema. Avisos com prioridade Normal s\u00e3o apenas indicados na tela principal e para serem vistos integralmente \u00e9 necess\u00e1rio acessar a \u00e1rea do mural.\n    <\/div>\n  <br\/><a href=\"..\/manual\">&lt;&lt; Voltar para o \u00edndice do manual<\/a><\/body>\n<\/html><\/div><\/div><\/div><\/div><\/div>","protected":false},"excerpt":{"rendered":"<p>ocomonphp &raquo; mural Mural (Ocorr\u00eancias -&gt; Mural) O Mural \u00e9 uma \u00e1rea de recados\/avisos no sistema. Pode-se criar um recado [&hellip;]<\/p>\n","protected":false},"author":1,"featured_media":0,"parent":0,"menu_order":0,"comment_status":"closed","ping_status":"closed","template":"page-templates\/full-width.php","meta":{"_bbp_topic_count":0,"_bbp_reply_count":0,"_bbp_total_topic_count":0,"_bbp_total_reply_count":0,"_bbp_voice_count":0,"_bbp_anonymous_reply_count":0,"_bbp_topic_count_hidden":0,"_bbp_reply_count_hidden":0,"_bbp_forum_subforum_count":0,"footnotes":""},"class_list":["post-978","page","type-page","status-publish","hentry"],"_links":{"self":[{"href":"https:\/\/ocomon.com.br\/site\/wp-json\/wp\/v2\/pages\/978","targetHints":{"allow":["GET"]}}],"collection":[{"href":"https:\/\/ocomon.com.br\/site\/wp-json\/wp\/v2\/pages"}],"about":[{"href":"https:\/\/ocomon.com.br\/site\/wp-json\/wp\/v2\/types\/page"}],"author":[{"embeddable":true,"href":"https:\/\/ocomon.com.br\/site\/wp-json\/wp\/v2\/users\/1"}],"replies":[{"embeddable":true,"href":"https:\/\/ocomon.com.br\/site\/wp-json\/wp\/v2\/comments?post=978"}],"version-history":[{"count":2,"href":"https:\/\/ocomon.com.br\/site\/wp-json\/wp\/v2\/pages\/978\/revisions"}],"predecessor-version":[{"id":980,"href":"https:\/\/ocomon.com.br\/site\/wp-json\/wp\/v2\/pages\/978\/revisions\/980"}],"wp:attachment":[{"href":"https:\/\/ocomon.com.br\/site\/wp-json\/wp\/v2\/media?parent=978"}],"curies":[{"name":"wp","href":"https:\/\/api.w.org\/{rel}","templated":true}]}}