{"id":969,"date":"2020-06-19T09:18:27","date_gmt":"2020-06-19T12:18:27","guid":{"rendered":"https:\/\/ocomon.com.br\/site\/?page_id=969"},"modified":"2020-06-19T09:18:27","modified_gmt":"2020-06-19T12:18:27","slug":"manual-busca-rapida","status":"publish","type":"page","link":"https:\/\/ocomon.com.br\/site\/manual-busca-rapida\/","title":{"rendered":"Manual: busca R\u00e1pida"},"content":{"rendered":"<div id=\"pl-969\"  class=\"panel-layout\" ><div id=\"pg-969-0\"  class=\"panel-grid panel-no-style\" ><div id=\"pgc-969-0-0\"  class=\"panel-grid-cell\" ><div id=\"panel-969-0-0-0\" class=\"widget_text so-panel widget widget_custom_html panel-first-child panel-last-child\" data-index=\"0\" ><div class=\"textwidget custom-html-widget\"><html>\n  <head>\n    <title>ocomonphp &raquo; busca-rapida<\/title>\n    <link rel=\"stylesheet\" href=\"static\/style.css\" type=\"text\/css\" \/>\n    <meta http-equiv=\"Content-Type\" content=\"text\/html;charset=UTF-8\">\n  <\/head>\n  <body>\n    <div class=\"wiki\" id=\"content_view\" style=\"display: block;\">\n<strong>Busca r\u00e1pida de ocorr\u00eancias<\/strong> (Menu Ocorr\u00eancias -&gt; Busca r\u00e1pida )<br \/>\n<br \/>\n\u00c9 poss\u00edvel buscar por ocorr\u00eancias de forma r\u00e1pida atrav\u00e9s de seu n\u00famero de identifica\u00e7\u00e3o. Como \u00e9 sabido, toda ocorr\u00eancia ao ser aberta gera um n\u00famero \u00fanico que \u00e9 seu identificador no sistema.<br \/>\n<br \/>\nPara buscar uma ocorr\u00eancia basta digitar o n\u00famero da mesma no campo de pesquisa. Tamb\u00e9m \u00e9 poss\u00edvel buscar mais de uma ocorr\u00eancia ao mesmo tempo, bastando separar os n\u00famero identificadores por v\u00edrgula.<br \/>\n<br \/>\n<img decoding=\"async\" src=\"..\/files\/retorno-busca-rapida.png\" alt=\"retorno-busca-rapida.png\" title=\"retorno-busca-rapida.png\" style=\"height: 183px; width: 872px;\" \/><br \/>\n<em>Tela de retorno de uma busca r\u00e1pida - vers\u00e3o 2.0rc3<\/em><br \/>\n<br \/>\nNa tela \u00e0 cima, visualizamos o retorno de uma busca por 3 n\u00fameros de ocorr\u00eancia. Para termos acesso aos detalhes de cada ocorr\u00eancia basta clicar no n\u00famero correspondente.\n    <\/div>\n  <br\/><a href=\"..\/manual\">&lt;&lt; Voltar para o \u00edndice do manual<\/a><\/body>\n<\/html><\/div><\/div><\/div><\/div><\/div>","protected":false},"excerpt":{"rendered":"<p>ocomonphp &raquo; busca-rapida Busca r\u00e1pida de ocorr\u00eancias (Menu Ocorr\u00eancias -&gt; Busca r\u00e1pida ) \u00c9 poss\u00edvel buscar por ocorr\u00eancias de forma [&hellip;]<\/p>\n","protected":false},"author":1,"featured_media":0,"parent":0,"menu_order":0,"comment_status":"closed","ping_status":"closed","template":"page-templates\/full-width.php","meta":{"_bbp_topic_count":0,"_bbp_reply_count":0,"_bbp_total_topic_count":0,"_bbp_total_reply_count":0,"_bbp_voice_count":0,"_bbp_anonymous_reply_count":0,"_bbp_topic_count_hidden":0,"_bbp_reply_count_hidden":0,"_bbp_forum_subforum_count":0,"footnotes":""},"class_list":["post-969","page","type-page","status-publish","hentry"],"_links":{"self":[{"href":"https:\/\/ocomon.com.br\/site\/wp-json\/wp\/v2\/pages\/969","targetHints":{"allow":["GET"]}}],"collection":[{"href":"https:\/\/ocomon.com.br\/site\/wp-json\/wp\/v2\/pages"}],"about":[{"href":"https:\/\/ocomon.com.br\/site\/wp-json\/wp\/v2\/types\/page"}],"author":[{"embeddable":true,"href":"https:\/\/ocomon.com.br\/site\/wp-json\/wp\/v2\/users\/1"}],"replies":[{"embeddable":true,"href":"https:\/\/ocomon.com.br\/site\/wp-json\/wp\/v2\/comments?post=969"}],"version-history":[{"count":2,"href":"https:\/\/ocomon.com.br\/site\/wp-json\/wp\/v2\/pages\/969\/revisions"}],"predecessor-version":[{"id":971,"href":"https:\/\/ocomon.com.br\/site\/wp-json\/wp\/v2\/pages\/969\/revisions\/971"}],"wp:attachment":[{"href":"https:\/\/ocomon.com.br\/site\/wp-json\/wp\/v2\/media?parent=969"}],"curies":[{"name":"wp","href":"https:\/\/api.w.org\/{rel}","templated":true}]}}