{"id":966,"date":"2020-06-19T09:17:22","date_gmt":"2020-06-19T12:17:22","guid":{"rendered":"https:\/\/ocomon.com.br\/site\/?page_id=966"},"modified":"2020-06-19T09:17:22","modified_gmt":"2020-06-19T12:17:22","slug":"manual-consultar","status":"publish","type":"page","link":"https:\/\/ocomon.com.br\/site\/manual-consultar\/","title":{"rendered":"Manual: Consultar"},"content":{"rendered":"<div id=\"pl-966\"  class=\"panel-layout\" ><div id=\"pg-966-0\"  class=\"panel-grid panel-no-style\" ><div id=\"pgc-966-0-0\"  class=\"panel-grid-cell\" ><div id=\"panel-966-0-0-0\" class=\"widget_text so-panel widget widget_custom_html panel-first-child panel-last-child\" data-index=\"0\" ><div class=\"textwidget custom-html-widget\"><html>\n  <head>\n    <title>ocomonphp &raquo; consultar<\/title>\n    <link rel=\"stylesheet\" href=\"static\/style.css\" type=\"text\/css\" \/>\n    <meta http-equiv=\"Content-Type\" content=\"text\/html;charset=UTF-8\">\n  <\/head>\n  <body>\n    <div class=\"wiki\" id=\"content_view\" style=\"display: block;\">\n<strong>Consultar ocorr\u00eancias<\/strong> (Ocorr\u00eancias -&gt; Consultar)<br \/>\n<br \/>\nNessa tela \u00e9 poss\u00edvel pesquisar por ocorr\u00eancias a partir de uma s\u00e9rie de crit\u00e9rios para filtro.<br \/>\n<br \/>\n<img decoding=\"async\" src=\"..\/files\/consultar-01.png\" alt=\"consultar-01.png\" title=\"consultar-01.png\" style=\"height: 363px; width: 882px;\" \/><br \/>\n<em>Tela de consulta de ocorr\u00eancias - vers\u00e3o 2.0rc3<\/em><br \/>\n<br \/>\nA maioria das op\u00e7\u00f5es de filtro s\u00e3o de f\u00e1cil entendimento, portanto ser\u00e1 explicada aqui apenas a op\u00e7\u00e3o marcada como &quot;01&quot;, pois n\u00e3o \u00e9 t\u00e3o \u00f3bvia quanto as demais.<br \/>\n<br \/>\nAo selecionar um t\u00e9cnico\/operador no filtro da consulta, ser\u00e3o retornados os chamados que tiverem como t\u00e9cnico mais recente o t\u00e9cnico selecionado no filtro. Quando marcamos a op\u00e7\u00e3o &quot;<strong>Origem<\/strong>&quot;, ser\u00e3o retornados os chamados que foram <strong>abertos<\/strong> no sistema pelo t\u00e9cnico\/operador selecionado.<br \/>\n<br \/>\n<img decoding=\"async\" src=\"..\/files\/retorno-consulta.png\" alt=\"retorno-consulta.png\" title=\"retorno-consulta.png\" style=\"height: 348px; width: 876px;\" \/><br \/>\n<em>Tela de retorno de uma consulta - vers\u00e3o 2.0rc3<\/em>\n    <\/div>\n  <br\/><a href=\"..\/manual\">&lt;&lt; Voltar para o \u00edndice do manual<\/a><\/body>\n<\/html><\/div><\/div><\/div><\/div><\/div>","protected":false},"excerpt":{"rendered":"<p>ocomonphp &raquo; consultar Consultar ocorr\u00eancias (Ocorr\u00eancias -&gt; Consultar) Nessa tela \u00e9 poss\u00edvel pesquisar por ocorr\u00eancias a partir de uma s\u00e9rie [&hellip;]<\/p>\n","protected":false},"author":1,"featured_media":0,"parent":0,"menu_order":0,"comment_status":"closed","ping_status":"closed","template":"page-templates\/full-width.php","meta":{"_bbp_topic_count":0,"_bbp_reply_count":0,"_bbp_total_topic_count":0,"_bbp_total_reply_count":0,"_bbp_voice_count":0,"_bbp_anonymous_reply_count":0,"_bbp_topic_count_hidden":0,"_bbp_reply_count_hidden":0,"_bbp_forum_subforum_count":0,"footnotes":""},"class_list":["post-966","page","type-page","status-publish","hentry"],"_links":{"self":[{"href":"https:\/\/ocomon.com.br\/site\/wp-json\/wp\/v2\/pages\/966","targetHints":{"allow":["GET"]}}],"collection":[{"href":"https:\/\/ocomon.com.br\/site\/wp-json\/wp\/v2\/pages"}],"about":[{"href":"https:\/\/ocomon.com.br\/site\/wp-json\/wp\/v2\/types\/page"}],"author":[{"embeddable":true,"href":"https:\/\/ocomon.com.br\/site\/wp-json\/wp\/v2\/users\/1"}],"replies":[{"embeddable":true,"href":"https:\/\/ocomon.com.br\/site\/wp-json\/wp\/v2\/comments?post=966"}],"version-history":[{"count":2,"href":"https:\/\/ocomon.com.br\/site\/wp-json\/wp\/v2\/pages\/966\/revisions"}],"predecessor-version":[{"id":968,"href":"https:\/\/ocomon.com.br\/site\/wp-json\/wp\/v2\/pages\/966\/revisions\/968"}],"wp:attachment":[{"href":"https:\/\/ocomon.com.br\/site\/wp-json\/wp\/v2\/media?parent=966"}],"curies":[{"name":"wp","href":"https:\/\/api.w.org\/{rel}","templated":true}]}}