{"id":940,"date":"2020-06-19T08:44:34","date_gmt":"2020-06-19T11:44:34","guid":{"rendered":"https:\/\/ocomon.com.br\/site\/?page_id=940"},"modified":"2020-07-08T09:35:02","modified_gmt":"2020-07-08T12:35:02","slug":"manual-home-idioma","status":"publish","type":"page","link":"https:\/\/ocomon.com.br\/site\/manual-home-idioma\/","title":{"rendered":"Idioma"},"content":{"rendered":"<div id=\"pl-940\"  class=\"panel-layout\" ><div id=\"pg-940-0\"  class=\"panel-grid panel-no-style\" ><div id=\"pgc-940-0-0\"  class=\"panel-grid-cell\" ><div id=\"panel-940-0-0-0\" class=\"widget_text so-panel widget widget_custom_html panel-first-child panel-last-child\" data-index=\"0\" ><div class=\"textwidget custom-html-widget\"><html>\n  <head>\n    <title>ocomonphp &raquo; home-idioma<\/title>\n    <link rel=\"stylesheet\" href=\"static\/style.css\" type=\"text\/css\" \/>\n    <meta http-equiv=\"Content-Type\" content=\"text\/html;charset=UTF-8\">\n  <\/head>\n  <body>\n    <div class=\"wiki\" id=\"content_view\" style=\"display: block;\">\n<strong>Menu Home -&gt; Idioma<\/strong><br \/>\n<br \/>\nA partir da vers\u00e3o <strong>2.0RC4<\/strong>, cada usu\u00e1rio pode definir, dentre os idiomas dispon\u00edveis, qual ser\u00e1 o idioma utilizado em sua sess\u00e3o do OcoMon.<br \/>\n<br \/>\nPara isso, basta acessar o menu Home-&gt;Idioma.\n    <\/div>\n  <br\/><a href=\"..\/manual\">&lt;&lt; Voltar para o \u00edndice do manual<\/a><\/body>\n<\/html><\/div><\/div><\/div><\/div><\/div>","protected":false},"excerpt":{"rendered":"<p>ocomonphp &raquo; home-idioma Menu Home -&gt; Idioma A partir da vers\u00e3o 2.0RC4, cada usu\u00e1rio pode definir, dentre os idiomas dispon\u00edveis, [&hellip;]<\/p>\n","protected":false},"author":1,"featured_media":0,"parent":0,"menu_order":0,"comment_status":"closed","ping_status":"closed","template":"","meta":{"_bbp_topic_count":0,"_bbp_reply_count":0,"_bbp_total_topic_count":0,"_bbp_total_reply_count":0,"_bbp_voice_count":0,"_bbp_anonymous_reply_count":0,"_bbp_topic_count_hidden":0,"_bbp_reply_count_hidden":0,"_bbp_forum_subforum_count":0,"footnotes":""},"class_list":["post-940","page","type-page","status-publish","hentry"],"_links":{"self":[{"href":"https:\/\/ocomon.com.br\/site\/wp-json\/wp\/v2\/pages\/940","targetHints":{"allow":["GET"]}}],"collection":[{"href":"https:\/\/ocomon.com.br\/site\/wp-json\/wp\/v2\/pages"}],"about":[{"href":"https:\/\/ocomon.com.br\/site\/wp-json\/wp\/v2\/types\/page"}],"author":[{"embeddable":true,"href":"https:\/\/ocomon.com.br\/site\/wp-json\/wp\/v2\/users\/1"}],"replies":[{"embeddable":true,"href":"https:\/\/ocomon.com.br\/site\/wp-json\/wp\/v2\/comments?post=940"}],"version-history":[{"count":5,"href":"https:\/\/ocomon.com.br\/site\/wp-json\/wp\/v2\/pages\/940\/revisions"}],"predecessor-version":[{"id":1377,"href":"https:\/\/ocomon.com.br\/site\/wp-json\/wp\/v2\/pages\/940\/revisions\/1377"}],"wp:attachment":[{"href":"https:\/\/ocomon.com.br\/site\/wp-json\/wp\/v2\/media?parent=940"}],"curies":[{"name":"wp","href":"https:\/\/api.w.org\/{rel}","templated":true}]}}