{"id":937,"date":"2020-06-19T08:43:11","date_gmt":"2020-06-19T11:43:11","guid":{"rendered":"https:\/\/ocomon.com.br\/site\/?page_id=937"},"modified":"2020-06-19T09:03:58","modified_gmt":"2020-06-19T12:03:58","slug":"manual-home-senha","status":"publish","type":"page","link":"https:\/\/ocomon.com.br\/site\/manual-home-senha\/","title":{"rendered":"Manual: Senha"},"content":{"rendered":"<div id=\"pl-937\"  class=\"panel-layout\" ><div id=\"pg-937-0\"  class=\"panel-grid panel-no-style\" ><div id=\"pgc-937-0-0\"  class=\"panel-grid-cell\" ><div id=\"panel-937-0-0-0\" class=\"widget_text so-panel widget widget_custom_html panel-first-child panel-last-child\" data-index=\"0\" ><div class=\"textwidget custom-html-widget\"><html>\n  <head>\n    <title>ocomonphp &raquo; home-senha<\/title>\n    <link rel=\"stylesheet\" href=\"static\/style.css\" type=\"text\/css\" \/>\n    <meta http-equiv=\"Content-Type\" content=\"text\/html;charset=UTF-8\">\n  <\/head>\n  <body>\n    <div class=\"wiki\" id=\"content_view\" style=\"display: block;\">\n<strong>Senha<\/strong> (Home -&gt; Senha)<br \/>\n<br \/>\nNessa \u00e1rea \u00e9 poss\u00edvel alterar a senha do usu\u00e1rio\/operador logado no sistema. Basta informar a senha atual e nova senha (com confirma\u00e7\u00e3o).\n    <\/div>\n  <br\/><a href=\"..\/manual\">&lt;&lt; Voltar para o \u00edndice do manual<\/a><\/body>\n<\/html><\/div><\/div><\/div><\/div><\/div>","protected":false},"excerpt":{"rendered":"<p>ocomonphp &raquo; home-senha Senha (Home -&gt; Senha) Nessa \u00e1rea \u00e9 poss\u00edvel alterar a senha do usu\u00e1rio\/operador logado no sistema. Basta [&hellip;]<\/p>\n","protected":false},"author":1,"featured_media":0,"parent":0,"menu_order":0,"comment_status":"closed","ping_status":"closed","template":"","meta":{"_bbp_topic_count":0,"_bbp_reply_count":0,"_bbp_total_topic_count":0,"_bbp_total_reply_count":0,"_bbp_voice_count":0,"_bbp_anonymous_reply_count":0,"_bbp_topic_count_hidden":0,"_bbp_reply_count_hidden":0,"_bbp_forum_subforum_count":0,"footnotes":""},"class_list":["post-937","page","type-page","status-publish","hentry"],"_links":{"self":[{"href":"https:\/\/ocomon.com.br\/site\/wp-json\/wp\/v2\/pages\/937","targetHints":{"allow":["GET"]}}],"collection":[{"href":"https:\/\/ocomon.com.br\/site\/wp-json\/wp\/v2\/pages"}],"about":[{"href":"https:\/\/ocomon.com.br\/site\/wp-json\/wp\/v2\/types\/page"}],"author":[{"embeddable":true,"href":"https:\/\/ocomon.com.br\/site\/wp-json\/wp\/v2\/users\/1"}],"replies":[{"embeddable":true,"href":"https:\/\/ocomon.com.br\/site\/wp-json\/wp\/v2\/comments?post=937"}],"version-history":[{"count":3,"href":"https:\/\/ocomon.com.br\/site\/wp-json\/wp\/v2\/pages\/937\/revisions"}],"predecessor-version":[{"id":958,"href":"https:\/\/ocomon.com.br\/site\/wp-json\/wp\/v2\/pages\/937\/revisions\/958"}],"wp:attachment":[{"href":"https:\/\/ocomon.com.br\/site\/wp-json\/wp\/v2\/media?parent=937"}],"curies":[{"name":"wp","href":"https:\/\/api.w.org\/{rel}","templated":true}]}}