{"id":934,"date":"2020-06-19T08:42:14","date_gmt":"2020-06-19T11:42:14","guid":{"rendered":"https:\/\/ocomon.com.br\/site\/?page_id=934"},"modified":"2020-06-19T09:01:27","modified_gmt":"2020-06-19T12:01:27","slug":"manual-home-cores","status":"publish","type":"page","link":"https:\/\/ocomon.com.br\/site\/manual-home-cores\/","title":{"rendered":"Manual: Cores"},"content":{"rendered":"<div id=\"pl-934\"  class=\"panel-layout\" ><div id=\"pg-934-0\"  class=\"panel-grid panel-no-style\" ><div id=\"pgc-934-0-0\"  class=\"panel-grid-cell\" ><div id=\"panel-934-0-0-0\" class=\"widget_text so-panel widget widget_custom_html panel-first-child panel-last-child\" data-index=\"0\" ><div class=\"textwidget custom-html-widget\"><html>\n  <head>\n    <title>ocomonphp &raquo; home-cores<\/title>\n    <link rel=\"stylesheet\" href=\"static\/style.css\" type=\"text\/css\" \/>\n    <meta http-equiv=\"Content-Type\" content=\"text\/html;charset=UTF-8\">\n  <\/head>\n  <body>\n    <div class=\"wiki\" id=\"content_view\" style=\"display: block;\">\n<strong>Esquema de Cores<\/strong> (Home -&gt; Esquema de Cores)<br \/>\n<br \/>\nO OcoMon permite a utiliza\u00e7\u00e3o de diferentes esquemas de cores em seu layout. Cada operador pode selecionar um dos temas dispon\u00edveis para personalizar o ambiente do OcoMon.<br \/>\n<br \/>\n<hr \/>\n<strong>Aten\u00e7\u00e3o<\/strong>: a sele\u00e7\u00e3o s\u00f3 estar\u00e1 dispon\u00edvel se for habilitada pelo administrador em Admin -&gt; Configura\u00e7\u00f5es -&gt; <a class=\"wiki_link\" href=\"..\/manual-adm-config-abertura\">Abertura de chamados<\/a>.<br \/>\n<hr \/>\n\n    <\/div>\n  <br\/><a href=\"..\/manual\">&lt;&lt; Voltar para o \u00edndice do manual<\/a><\/body>\n<\/html><\/div><\/div><\/div><\/div><\/div>","protected":false},"excerpt":{"rendered":"<p>ocomonphp &raquo; home-cores Esquema de Cores (Home -&gt; Esquema de Cores) O OcoMon permite a utiliza\u00e7\u00e3o de diferentes esquemas de [&hellip;]<\/p>\n","protected":false},"author":1,"featured_media":0,"parent":0,"menu_order":0,"comment_status":"closed","ping_status":"closed","template":"","meta":{"_bbp_topic_count":0,"_bbp_reply_count":0,"_bbp_total_topic_count":0,"_bbp_total_reply_count":0,"_bbp_voice_count":0,"_bbp_anonymous_reply_count":0,"_bbp_topic_count_hidden":0,"_bbp_reply_count_hidden":0,"_bbp_forum_subforum_count":0,"footnotes":""},"class_list":["post-934","page","type-page","status-publish","hentry"],"_links":{"self":[{"href":"https:\/\/ocomon.com.br\/site\/wp-json\/wp\/v2\/pages\/934","targetHints":{"allow":["GET"]}}],"collection":[{"href":"https:\/\/ocomon.com.br\/site\/wp-json\/wp\/v2\/pages"}],"about":[{"href":"https:\/\/ocomon.com.br\/site\/wp-json\/wp\/v2\/types\/page"}],"author":[{"embeddable":true,"href":"https:\/\/ocomon.com.br\/site\/wp-json\/wp\/v2\/users\/1"}],"replies":[{"embeddable":true,"href":"https:\/\/ocomon.com.br\/site\/wp-json\/wp\/v2\/comments?post=934"}],"version-history":[{"count":3,"href":"https:\/\/ocomon.com.br\/site\/wp-json\/wp\/v2\/pages\/934\/revisions"}],"predecessor-version":[{"id":954,"href":"https:\/\/ocomon.com.br\/site\/wp-json\/wp\/v2\/pages\/934\/revisions\/954"}],"wp:attachment":[{"href":"https:\/\/ocomon.com.br\/site\/wp-json\/wp\/v2\/media?parent=934"}],"curies":[{"name":"wp","href":"https:\/\/api.w.org\/{rel}","templated":true}]}}