{"id":931,"date":"2020-06-19T08:40:48","date_gmt":"2020-06-19T11:40:48","guid":{"rendered":"https:\/\/ocomon.com.br\/site\/?page_id=931"},"modified":"2020-06-19T09:03:17","modified_gmt":"2020-06-19T12:03:17","slug":"manual-home-meus-chamados","status":"publish","type":"page","link":"https:\/\/ocomon.com.br\/site\/manual-home-meus-chamados\/","title":{"rendered":"Manual: Meus Chamados"},"content":{"rendered":"<div id=\"pl-931\"  class=\"panel-layout\" ><div id=\"pg-931-0\"  class=\"panel-grid panel-no-style\" ><div id=\"pgc-931-0-0\"  class=\"panel-grid-cell\" ><div id=\"panel-931-0-0-0\" class=\"widget_text so-panel widget widget_custom_html panel-first-child panel-last-child\" data-index=\"0\" ><div class=\"textwidget custom-html-widget\"><html>\n  <head>\n    <title>ocomonphp &raquo; home-meus-chamados<\/title>\n    <link rel=\"stylesheet\" href=\"static\/style.css\" type=\"text\/css\" \/>\n    <meta http-equiv=\"Content-Type\" content=\"text\/html;charset=UTF-8\">\n  <\/head>\n  <body>\n    <div class=\"wiki\" id=\"content_view\" style=\"display: block;\">\n<strong>Meus Chamados<\/strong> (Home -&gt; Meus Chamados)<br \/>\n<br \/>\nNessa \u00e1rea \u00e9 poss\u00edvel ter acesso r\u00e1pido aos chamados que o operador logado participou. As ocorr\u00eancias s\u00e3o exibidas em uma tela dividida em 3 pain\u00e9is paginados onde:<br \/>\n<br \/>\n<u>Primeiro painel<\/u>: exibe a listagem das ocorr\u00eancias abertas pelo operador logado e ainda ativas(n\u00e3o conclu\u00eddas) no sistema.<br \/>\n<br \/>\n<u>Segundo painel<\/u>: exibe a listagem de todas as ocorr\u00eancias abertas pelo operador logado e j\u00e1 conclu\u00eddas no sistema.<br \/>\n<br \/>\n<u>Terceiro painel<\/u>: exibe a listagem de todas as ocorr\u00eancias conclu\u00eddas pelo operador logado no sistema. Para usu\u00e1rios de n\u00edvel somente-abertura esse painel n\u00e3o traz informa\u00e7\u00f5es, visto que esse tipo de usu\u00e1rio n\u00e3o encerra chamados no sistema.\n    <\/div>\n  <br\/><a href=\"..\/manual\">&lt;&lt; Voltar para o \u00edndice do manual<\/a><\/body>\n<\/html><\/div><\/div><\/div><\/div><\/div>","protected":false},"excerpt":{"rendered":"<p>ocomonphp &raquo; home-meus-chamados Meus Chamados (Home -&gt; Meus Chamados) Nessa \u00e1rea \u00e9 poss\u00edvel ter acesso r\u00e1pido aos chamados que o [&hellip;]<\/p>\n","protected":false},"author":1,"featured_media":0,"parent":0,"menu_order":0,"comment_status":"closed","ping_status":"closed","template":"","meta":{"_bbp_topic_count":0,"_bbp_reply_count":0,"_bbp_total_topic_count":0,"_bbp_total_reply_count":0,"_bbp_voice_count":0,"_bbp_anonymous_reply_count":0,"_bbp_topic_count_hidden":0,"_bbp_reply_count_hidden":0,"_bbp_forum_subforum_count":0,"footnotes":""},"class_list":["post-931","page","type-page","status-publish","hentry"],"_links":{"self":[{"href":"https:\/\/ocomon.com.br\/site\/wp-json\/wp\/v2\/pages\/931","targetHints":{"allow":["GET"]}}],"collection":[{"href":"https:\/\/ocomon.com.br\/site\/wp-json\/wp\/v2\/pages"}],"about":[{"href":"https:\/\/ocomon.com.br\/site\/wp-json\/wp\/v2\/types\/page"}],"author":[{"embeddable":true,"href":"https:\/\/ocomon.com.br\/site\/wp-json\/wp\/v2\/users\/1"}],"replies":[{"embeddable":true,"href":"https:\/\/ocomon.com.br\/site\/wp-json\/wp\/v2\/comments?post=931"}],"version-history":[{"count":3,"href":"https:\/\/ocomon.com.br\/site\/wp-json\/wp\/v2\/pages\/931\/revisions"}],"predecessor-version":[{"id":956,"href":"https:\/\/ocomon.com.br\/site\/wp-json\/wp\/v2\/pages\/931\/revisions\/956"}],"wp:attachment":[{"href":"https:\/\/ocomon.com.br\/site\/wp-json\/wp\/v2\/media?parent=931"}],"curies":[{"name":"wp","href":"https:\/\/api.w.org\/{rel}","templated":true}]}}