{"id":928,"date":"2020-06-19T08:39:29","date_gmt":"2020-06-19T11:39:29","guid":{"rendered":"https:\/\/ocomon.com.br\/site\/?page_id=928"},"modified":"2020-06-19T16:16:09","modified_gmt":"2020-06-19T19:16:09","slug":"manual-home-abrir-chamado","status":"publish","type":"page","link":"https:\/\/ocomon.com.br\/site\/manual-home-abrir-chamado\/","title":{"rendered":"Manual: Abrir chamado"},"content":{"rendered":"<div id=\"pl-928\"  class=\"panel-layout\" ><div id=\"pg-928-0\"  class=\"panel-grid panel-no-style\" ><div id=\"pgc-928-0-0\"  class=\"panel-grid-cell\" ><div id=\"panel-928-0-0-0\" class=\"widget_text so-panel widget widget_custom_html panel-first-child panel-last-child\" data-index=\"0\" ><div class=\"textwidget custom-html-widget\"><html>\n  <head>\n    <title>ocomonphp &raquo; home-abrir-chamado<\/title>\n    <link rel=\"stylesheet\" href=\"static\/style.css\" type=\"text\/css\" \/>\n    <meta http-equiv=\"Content-Type\" content=\"text\/html;charset=UTF-8\">\n  <\/head>\n  <body>\n    <div class=\"wiki\" id=\"content_view\" style=\"display: block;\">\n<strong>Abrir Chamado<\/strong> (Home -&gt; Abrir Chamado)<br \/>\n<br \/>\n<hr \/>\nEssa op\u00e7\u00e3o s\u00f3 \u00e9 vis\u00edvel para usu\u00e1rios de n\u00edvel somente-abertura.<br \/>\n<hr \/>\n<br \/>\nAo clicar nessa op\u00e7\u00e3o, ser\u00e1 exibido o formul\u00e1rio para abertura de chamados. Esse formul\u00e1rio pode ser customizado em Admin -&gt; Configura\u00e7\u00f5es -&gt; <a class=\"wiki_link\" href=\"..\/manual-adm-config-abertura\">Abertura de chamados<\/a>, na vers\u00e3o <strong>2.0rc3<\/strong>, e em Admin -&gt; Configura\u00e7\u00f5es -&gt; <a class=\"wiki_link\" href=\"..\/manual-admin-perfis\">Perfis de tela de abertura<\/a>, a partir da vers\u00e3o <strong>2.0RC4<\/strong>.\n\t\t\t<br\/><br\/>\n\t\t\t<p>\n\t\t\t\tPara informa\u00e7\u00f5es sobre o processo de abertura de chamados por usu\u00e1rios t\u00e9cnicos acesse: <a class=\"wiki_link\" href=\"..\/manual-abertura-chamados\">Abertura de chamados no menu de Ocorr\u00eancias.<\/a>\n\t\t\t<\/p>\n    <\/div>\n  <br\/><a href=\"..\/manual\">&lt;&lt; Voltar para o \u00edndice do manual<\/a><\/body>\n<\/html><\/div><\/div><\/div><\/div><\/div>","protected":false},"excerpt":{"rendered":"<p>ocomonphp &raquo; home-abrir-chamado Abrir Chamado (Home -&gt; Abrir Chamado) Essa op\u00e7\u00e3o s\u00f3 \u00e9 vis\u00edvel para usu\u00e1rios de n\u00edvel somente-abertura. Ao [&hellip;]<\/p>\n","protected":false},"author":1,"featured_media":0,"parent":0,"menu_order":0,"comment_status":"closed","ping_status":"closed","template":"","meta":{"_bbp_topic_count":0,"_bbp_reply_count":0,"_bbp_total_topic_count":0,"_bbp_total_reply_count":0,"_bbp_voice_count":0,"_bbp_anonymous_reply_count":0,"_bbp_topic_count_hidden":0,"_bbp_reply_count_hidden":0,"_bbp_forum_subforum_count":0,"footnotes":""},"class_list":["post-928","page","type-page","status-publish","hentry"],"_links":{"self":[{"href":"https:\/\/ocomon.com.br\/site\/wp-json\/wp\/v2\/pages\/928","targetHints":{"allow":["GET"]}}],"collection":[{"href":"https:\/\/ocomon.com.br\/site\/wp-json\/wp\/v2\/pages"}],"about":[{"href":"https:\/\/ocomon.com.br\/site\/wp-json\/wp\/v2\/types\/page"}],"author":[{"embeddable":true,"href":"https:\/\/ocomon.com.br\/site\/wp-json\/wp\/v2\/users\/1"}],"replies":[{"embeddable":true,"href":"https:\/\/ocomon.com.br\/site\/wp-json\/wp\/v2\/comments?post=928"}],"version-history":[{"count":7,"href":"https:\/\/ocomon.com.br\/site\/wp-json\/wp\/v2\/pages\/928\/revisions"}],"predecessor-version":[{"id":1164,"href":"https:\/\/ocomon.com.br\/site\/wp-json\/wp\/v2\/pages\/928\/revisions\/1164"}],"wp:attachment":[{"href":"https:\/\/ocomon.com.br\/site\/wp-json\/wp\/v2\/media?parent=928"}],"curies":[{"name":"wp","href":"https:\/\/api.w.org\/{rel}","templated":true}]}}