{"id":908,"date":"2020-06-19T08:05:27","date_gmt":"2020-06-19T11:05:27","guid":{"rendered":"https:\/\/ocomon.com.br\/site\/?page_id=908"},"modified":"2020-06-19T15:42:19","modified_gmt":"2020-06-19T18:42:19","slug":"manual-usuarios","status":"publish","type":"page","link":"https:\/\/ocomon.com.br\/site\/manual-usuarios\/","title":{"rendered":"Manual: Usu\u00e1rios"},"content":{"rendered":"<div id=\"pl-908\"  class=\"panel-layout\" ><div id=\"pg-908-0\"  class=\"panel-grid panel-no-style\" ><div id=\"pgc-908-0-0\"  class=\"panel-grid-cell\" ><div id=\"panel-908-0-0-0\" class=\"widget_text so-panel widget widget_custom_html panel-first-child panel-last-child\" data-index=\"0\" ><div class=\"textwidget custom-html-widget\"><html>\n  <head>\n    <title>ocomonphp &raquo; usuarios<\/title>\n    <link rel=\"stylesheet\" href=\"..\/static\/style.css\" type=\"text\/css\" \/>\n    <meta http-equiv=\"Content-Type\" content=\"text\/html;charset=UTF-8\">\n  <\/head>\n  <body>\n    <div class=\"wiki\" id=\"content_view\" style=\"display: block;\">\n<strong>Usu\u00e1rios<\/strong><br \/>\n<br \/>\nNesse menu \u00e9 poss\u00edvel visualizar todos os usu\u00e1rios\/operadores cadastrados no sistema.<br \/>\n<br \/>\nA op\u00e7\u00e3o <strong>Resumo<\/strong> permite visualizar um quadro resumido da quantidade de usu\u00e1rios\/operadores em cada categoria do sistema, bem como, exibe a listagem de requisi\u00e7\u00f5es pendentes de confirma\u00e7\u00e3o de cadastro. Essas requisi\u00e7\u00f5es s\u00e3o oriundas do auto-cadastro para usu\u00e1rios de n\u00edvel somente abertura e s\u00e3o listadas aqui caso ainda n\u00e3o tenham sido confirmadas (atrav\u00e9s do link de confirma\u00e7\u00e3o enviado ao usu\u00e1rio logo ap\u00f3s ele efetuar a solicita\u00e7\u00e3o de cadastro) pelo usu\u00e1rio solicitante. Atrav\u00e9s dessa tela \u00e9 poss\u00edvel realizar a confirma\u00e7\u00e3o ou exclu\u00ed-la do sistema.<br \/>\n<br \/>\nA partir da tela de resumo, \u00e9 poss\u00edvel tamb\u00e9m ter acesso \u00e0 listagem de usu\u00e1rios de uma categoria espec\u00edfica, bastando clicar no link da categoria desejada.<br \/>\n<br \/>\n<strong>Cadastro de usu\u00e1rios<\/strong>: Admin -&gt; Usu\u00e1rios -&gt; Novo<br \/>\n<br \/>\n<u>Campo Login<\/u>: informar o login de acesso do novo usu\u00e1rio.<br \/>\n<br \/>\n<u>Campo N\u00edvel<\/u>: selecionar o n\u00edvel de acesso ao sistema. N\u00edveis poss\u00edveis:<br \/>\n\n<ul>\n    <li>Administrador: n\u00edvel que ter\u00e1 acesso irrestrito a todas fun\u00e7\u00f5es do sistema;<\/li>\n    <li>Operador: n\u00edvel que ter\u00e1 acesso apenas aos <a class=\"wiki_link\" href=\"..\/manual-permissoes\">m\u00f3dulos vinculados<\/a> \u00e0 sua \u00e1rea prim\u00e1ria de atendimento.<\/li>\n    <li>Contabilidade: esse n\u00edvel n\u00e3o tem fun\u00e7\u00e3o definida no sistema, apenas \u00e9 mantido para fins de compatibilidade entre vers\u00f5es do sistema.<\/li>\n    <li>Desabilitado: esse n\u00edvel bloqueia acesso ao sistema.<\/li>\n    <li>Somente abertura: esse n\u00edvel \u00e9 dedicado a usu\u00e1rios que apenas executar\u00e3o fun\u00e7\u00e3o de abrir e visualizar seus pr\u00f3prios chamados no sistema. \u00c9 o n\u00edvel atribu\u00eddo a usu\u00e1rios finais. A partir da vers\u00e3o <strong>2.0RC4<\/strong>, O usu\u00e1rio final pode adicionar coment\u00e1rios \u00e0s ocorr\u00eancias que ele tiver acesso. Para isso, basta que ele acesso os detalhes da ocorr\u00eancia, clicar no bot\u00e3o &quot;Inserir coment\u00e1rio&quot; e adicionar a informa\u00e7\u00e3o desejada. Ap\u00f3s isso \u00e9 necess\u00e1rio clicar no bot\u00e3o &quot;Cadastrar&quot;.<\/li>\n<\/ul>\n\n<br \/>\n<u>Campo Nome<\/u>: Nome completo do usu\u00e1rio\/operador.<br \/>\n<br \/>\n<u>Campo Senha<\/u>: senha para acesso ao sistema;<br \/>\n<br \/>\n<u>Campo Data do Cadastro<\/u>: Esse campo \u00e9 preenchido automaticamente pelo sistema;<br \/>\n<br \/>\n<u>Campo Data da Contrata\u00e7\u00e3o<\/u>: Data da contrata\u00e7\u00e3o do usu\u00e1rio;<br \/>\n<br \/>\n<u>Campo E-mail<\/u>: e-mail para o qual ser\u00e3o enviadas as notifica\u00e7\u00f5es do sistema nos casos devidos;<br \/>\n<br \/>\n<u>Campo Telefone<\/u>: telefone de contato do usu\u00e1rio;<br \/>\n<br \/>\n<u><a class=\"wiki_link\" href=\"..\/manual-areas\">Campo \u00c1rea prim\u00e1ria<\/a><\/u>: \u00e1rea principal do usu\u00e1rio. O acesso aos m\u00f3dulos do sistema depender\u00e1 da defini\u00e7\u00e3o dessa \u00e1rea.<br \/>\n<br \/>\n<u>Checkbox Administrador da \u00e1rea<\/u>: Indica que o operador \u00e9 administrador de sua \u00e1rea de atendimento e portanto possui acesso a fun\u00e7\u00f5es espec\u00edficas no menu Admin. Dessa forma, n\u00e3o \u00e9 necess\u00e1rio ser administrador do sistema para realizar a\u00e7\u00f5es administrativas relacionadas a sua pr\u00f3pria \u00e1rea de atendimento. <br\/><br\/>As fun\u00e7\u00f5es acess\u00edveis s\u00e3o:<br \/><br\/>\n\t\t\t<ul>\n\t\t\t\t<li>menu Admin: Ocorr\u00eancias: Problemas: gerenciamento de tipos de problemas da sua \u00e1rea de atendimento;<\/li>\n\t\t\t\t<li>menu Admin: Ocorr\u00eancias: Scripts: gerenciamento de scripts de atendimento para tipos de problemas de sua \u00e1rea de atendimento;<\/li>\n\t\t\t\t<li>menu Admin: Usu\u00e1rios: gerenciamento dos usu\u00e1rios da sua \u00e1rea de atendimento.<\/li>\n\t\t\t<\/ul>\n<br \/>\n<u>\u00c1reas secund\u00e1rias<\/u>: outras \u00e1rea que o usu\u00e1rio\/operador fa\u00e7a parte. Ao definir \u00e1reas secund\u00e1rias ao usu\u00e1rio, todos os chamados direcionados a essas \u00e1reas ser\u00e3o vis\u00edveis ao usu\u00e1rio na <a class=\"wiki_link\" href=\"..\/manual-oco-main-screen\">tela principal do sistema<\/a>.\n    <\/div>\n  <br\/><a href=\"..\/manual\">&lt;&lt; Voltar para o \u00edndice do manual<\/a><\/body>\n<\/html><\/div><\/div><\/div><\/div><\/div>","protected":false},"excerpt":{"rendered":"<p>ocomonphp &raquo; usuarios Usu\u00e1rios Nesse menu \u00e9 poss\u00edvel visualizar todos os usu\u00e1rios\/operadores cadastrados no sistema. A op\u00e7\u00e3o Resumo permite visualizar [&hellip;]<\/p>\n","protected":false},"author":1,"featured_media":0,"parent":0,"menu_order":0,"comment_status":"closed","ping_status":"closed","template":"","meta":{"_bbp_topic_count":0,"_bbp_reply_count":0,"_bbp_total_topic_count":0,"_bbp_total_reply_count":0,"_bbp_voice_count":0,"_bbp_anonymous_reply_count":0,"_bbp_topic_count_hidden":0,"_bbp_reply_count_hidden":0,"_bbp_forum_subforum_count":0,"footnotes":""},"class_list":["post-908","page","type-page","status-publish","hentry"],"_links":{"self":[{"href":"https:\/\/ocomon.com.br\/site\/wp-json\/wp\/v2\/pages\/908","targetHints":{"allow":["GET"]}}],"collection":[{"href":"https:\/\/ocomon.com.br\/site\/wp-json\/wp\/v2\/pages"}],"about":[{"href":"https:\/\/ocomon.com.br\/site\/wp-json\/wp\/v2\/types\/page"}],"author":[{"embeddable":true,"href":"https:\/\/ocomon.com.br\/site\/wp-json\/wp\/v2\/users\/1"}],"replies":[{"embeddable":true,"href":"https:\/\/ocomon.com.br\/site\/wp-json\/wp\/v2\/comments?post=908"}],"version-history":[{"count":14,"href":"https:\/\/ocomon.com.br\/site\/wp-json\/wp\/v2\/pages\/908\/revisions"}],"predecessor-version":[{"id":1159,"href":"https:\/\/ocomon.com.br\/site\/wp-json\/wp\/v2\/pages\/908\/revisions\/1159"}],"wp:attachment":[{"href":"https:\/\/ocomon.com.br\/site\/wp-json\/wp\/v2\/media?parent=908"}],"curies":[{"name":"wp","href":"https:\/\/api.w.org\/{rel}","templated":true}]}}