{"id":882,"date":"2020-06-18T21:57:22","date_gmt":"2020-06-19T00:57:22","guid":{"rendered":"https:\/\/ocomon.com.br\/site\/?page_id=882"},"modified":"2020-06-19T09:02:48","modified_gmt":"2020-06-19T12:02:48","slug":"manual-home-inicio","status":"publish","type":"page","link":"https:\/\/ocomon.com.br\/site\/manual-home-inicio\/","title":{"rendered":"Manual: Home : In\u00edcio"},"content":{"rendered":"<div id=\"pl-882\"  class=\"panel-layout\" ><div id=\"pg-882-0\"  class=\"panel-grid panel-no-style\" ><div id=\"pgc-882-0-0\"  class=\"panel-grid-cell\" ><div id=\"panel-882-0-0-0\" class=\"widget_text so-panel widget widget_custom_html panel-first-child panel-last-child\" data-index=\"0\" ><div class=\"textwidget custom-html-widget\"><html>\n  <head>\n    <title>ocomonphp &raquo; home-inicio<\/title>\n    \n    <meta http-equiv=\"Content-Type\" content=\"text\/html;charset=UTF-8\">\n  <\/head>\n  <body>\n    <div class=\"wiki\" id=\"content_view\" style=\"display: block;\">\n<strong>Home<\/strong><br \/>\n<br \/>\nO menu Home est\u00e1 acess\u00edvel a todos os usu\u00e1rios com permiss\u00e3o ao m\u00f3dulo de ocorr\u00eancias do sistema.<br \/>\n<br \/>\n<strong>Iniciar<\/strong> (Home -&gt; Iniciar)<br \/>\n<br \/>\n<hr \/>\nEssa op\u00e7\u00e3o <strong>n\u00e3o existe<\/strong> para usu\u00e1rios de n\u00edvel <a class=\"wiki_link\" href=\"..\/manual-usuarios\">somente-abertura<\/a>.<br \/>\n<hr \/>\n<br \/>\nEssa fun\u00e7\u00e3o exibe um quadro com todos os chamados em aberto no sistema para as \u00e1reas em que o usu\u00e1rio logado faz parte. As listagens de chamados s\u00e3o agrupadas por status e podem ser visualizadas ou ocultadas ao clicar no sinal de &quot;+&quot; ou &quot;-&quot; \u00e0 sua esquerda. Para ter acesso aos detalhes de cada chamado basta clicar no seu respectivo n\u00famero.<br \/>\n<br \/>\n<img decoding=\"async\" src=\"..\/files\/home-inicio.png\" alt=\"home-inicio.png\" title=\"home-inicio.png\" style=\"height: 328px; width: 876px;\" \/><br \/>\n<em>Tela exibindo o resumo do total de ocorr\u00eancias em aberto no sistema - vers\u00e3o 2.0rc3<\/em>\n    <\/div>\n\t\t<br\/><a href=\"..\/manual\">&lt;&lt; Voltar para o \u00edndice do manual<\/a>\n  <\/body>\n<\/html><\/div><\/div><\/div><\/div><\/div>","protected":false},"excerpt":{"rendered":"<p>ocomonphp &raquo; home-inicio Home O menu Home est\u00e1 acess\u00edvel a todos os usu\u00e1rios com permiss\u00e3o ao m\u00f3dulo de ocorr\u00eancias do [&hellip;]<\/p>\n","protected":false},"author":1,"featured_media":0,"parent":0,"menu_order":0,"comment_status":"closed","ping_status":"closed","template":"","meta":{"_bbp_topic_count":0,"_bbp_reply_count":0,"_bbp_total_topic_count":0,"_bbp_total_reply_count":0,"_bbp_voice_count":0,"_bbp_anonymous_reply_count":0,"_bbp_topic_count_hidden":0,"_bbp_reply_count_hidden":0,"_bbp_forum_subforum_count":0,"footnotes":""},"class_list":["post-882","page","type-page","status-publish","hentry"],"_links":{"self":[{"href":"https:\/\/ocomon.com.br\/site\/wp-json\/wp\/v2\/pages\/882","targetHints":{"allow":["GET"]}}],"collection":[{"href":"https:\/\/ocomon.com.br\/site\/wp-json\/wp\/v2\/pages"}],"about":[{"href":"https:\/\/ocomon.com.br\/site\/wp-json\/wp\/v2\/types\/page"}],"author":[{"embeddable":true,"href":"https:\/\/ocomon.com.br\/site\/wp-json\/wp\/v2\/users\/1"}],"replies":[{"embeddable":true,"href":"https:\/\/ocomon.com.br\/site\/wp-json\/wp\/v2\/comments?post=882"}],"version-history":[{"count":24,"href":"https:\/\/ocomon.com.br\/site\/wp-json\/wp\/v2\/pages\/882\/revisions"}],"predecessor-version":[{"id":955,"href":"https:\/\/ocomon.com.br\/site\/wp-json\/wp\/v2\/pages\/882\/revisions\/955"}],"wp:attachment":[{"href":"https:\/\/ocomon.com.br\/site\/wp-json\/wp\/v2\/media?parent=882"}],"curies":[{"name":"wp","href":"https:\/\/api.w.org\/{rel}","templated":true}]}}