{"id":871,"date":"2020-06-18T21:47:52","date_gmt":"2020-06-19T00:47:52","guid":{"rendered":"https:\/\/ocomon.com.br\/site\/?page_id=871"},"modified":"2023-09-06T09:08:19","modified_gmt":"2023-09-06T12:08:19","slug":"manual","status":"publish","type":"page","link":"https:\/\/ocomon.com.br\/site\/manual\/","title":{"rendered":"Manual"},"content":{"rendered":"<div id=\"pl-871\"  class=\"panel-layout\" ><div id=\"pg-871-0\"  class=\"panel-grid panel-no-style\" ><div id=\"pgc-871-0-0\"  class=\"panel-grid-cell\" ><div id=\"panel-871-0-0-0\" class=\"widget_text so-panel widget widget_custom_html panel-first-child panel-last-child\" data-index=\"0\" ><h3 class=\"widget-title\">Esse manual contempla apenas at\u00e9 a vers\u00e3o 2.0<\/h3><div class=\"textwidget custom-html-widget\"><html>\n  <head>\n    <title>ocomonphp &raquo; manual (at\u00e9 a vers\u00e3o 2.0)<\/title>\n    <link rel=\"stylesheet\" href=\"static\/style.css\" type=\"text\/css\" \/>\n    <meta http-equiv=\"Content-Type\" content=\"text\/html;charset=UTF-8\">\n  <\/head>\n  <body>\n    <div class=\"wiki\" id=\"content_view\" style=\"display: block;\">\n<h3>\n\t<small>Para a vers\u00e3o mais atual, acompanhe o material dispon\u00edvel no nosso <a href=\"https:\/\/www.youtube.com\/c\/OcoMonOficial\" target=\"_blank\">canal do Youtube<\/a><\/small>\t\n<\/h3><br\/>\n\t\t\t<strong>Menu Home<\/strong><br \/>\n\n<ul>\n    <li><a class=\"wiki_link\" href=\"..\/manual-home-inicio\">In\u00edcio<\/a><\/li>\n    <li><a class=\"wiki_link\" href=\"..\/manual-home-abrir-chamado\">Abrir Chamados<\/a> (usu\u00e1rio final)<\/li>\n    <li><a class=\"wiki_link\" href=\"..\/manual-home-meus-chamados\">Meus chamados<\/a><\/li>\n    <li><a class=\"wiki_link\" href=\"..\/manual-home-cores\">Esquema de Cores<\/a><\/li>\n    <li><a class=\"wiki_link\" href=\"..\/manual-home-senha\">Senha<\/a><\/li>\n    <li><a class=\"wiki_link\" href=\"..\/manual-home-idioma\">Idioma<\/a><\/li>\n<\/ul>\n\n<br \/>\n<strong>M\u00f3dulo de Ocorr\u00eancias<\/strong><br \/>\n\n<ul>\n    <li><a class=\"wiki_link\" href=\"..\/manual-oco-main-screen\">In\u00edcio<\/a> (Tela principal)<\/li>\n    <li><a class=\"wiki_link\" href=\"..\/manual-abertura-chamados\">Abrir chamado<\/a><\/li>\n    <li><a class=\"wiki_link\" href=\"..\/manual-oco-detalhes\">&lt;&lt;Detalhamento dos chamados&gt;&gt;<\/a><\/li>\n    <li><a class=\"wiki_link\" href=\"..\/manual-encerramento\">Encerramento de chamados<\/a><\/li>\n    <li><a class=\"wiki_link\" href=\"..\/manual-consultar\">Consultar<\/a><\/li>\n    <li><a class=\"wiki_link\" href=\"..\/manual-busca-rapida\">Busca r\u00e1pida<\/a><\/li>\n    <li><a class=\"wiki_link\" href=\"..\/manual-oco-solucoes\">Solu\u00e7\u00f5es<\/a><\/li>\n    <li><a class=\"wiki_link\" href=\"..\/manual-emprestimos\">Empr\u00e9stimos<\/a><\/li>\n    <li><a class=\"wiki_link\" href=\"..\/manual-mural\">Mural<\/a><\/li>\n    <li><a class=\"wiki_link\" href=\"..\/manual-relatorios\">Relat\u00f3rios<\/a><\/li>\n<\/ul>\n\n<br \/>\n<strong>M\u00f3dulo de Invent\u00e1rio<\/strong><br \/>\n\n<ul>\n    <li><a class=\"wiki_link\" href=\"..\/manual-inventario-inicio\">In\u00edcio<\/a> (Tela principal)<\/li>\n    <li>Cadastrar -&gt; <a class=\"wiki_link\" href=\"..\/manual-cadastro-equipamento\">Equipamento<\/a><\/li>\n    <li><a class=\"wiki_link\" href=\"..\/manual-equipamento-detalhes\">&lt;&lt;Detalhamento dos equipamentos&gt;&gt;<\/a><\/li>\n    <li>Cadastrar -&gt; <a class=\"wiki_link\" href=\"..\/manual-cadastro-documento\">Documento<\/a><\/li>\n    <li>Cadastrar -&gt; <a class=\"wiki_link\" href=\"..\/manual-cadastro-componente-avulso\">Componente avulso<\/a><hr \/>\n<\/li>\n    <li>Visualizar -&gt; <a class=\"wiki_link\" href=\"..\/manual-visualizar-equipamentos\">Equipamentos<\/a><\/li>\n    <li>Visualizar -&gt; <a class=\"wiki_link\" href=\"..\/manual-visualizar-componentes\">Componentes avulsos<\/a><hr \/>\n<\/li>\n    <li>Consultar -&gt; <a class=\"wiki_link\" href=\"..\/manual-consulta-rapida\">Consulta R\u00e1pida<\/a><\/li>\n    <li>Consultar -&gt; <a class=\"wiki_link\" href=\"..\/manual-consulta-especial\">Consulta Especial<\/a><\/li>\n    <li>Consultar -&gt; <a class=\"wiki_link\" href=\"..\/manual-consulta-componentes\">Componentes avulsos<\/a><\/li>\n    <li>Consultar -&gt; Hist\u00f3rico -&gt; <a class=\"wiki_link\" href=\"..\/manual-historico-etiqueta\">Por Etiqueta<\/a><\/li>\n    <li>Consultar -&gt; Hist\u00f3rico -&gt; <a class=\"wiki_link\" href=\"..\/manual-historico-localizacao\">Por Localiza\u00e7\u00e3o Anterior<\/a><hr \/>\n<\/li>\n    <li><a class=\"wiki_link\" href=\"..\/manual-inv-relatorios\">Estat\u00edsticas e Relat\u00f3rios<\/a><\/li>\n<\/ul>\n\n<br \/>\n<strong>M\u00f3dulo de Administra\u00e7\u00e3o<\/strong><br \/>\n\n<ul>\n    <li>Configura\u00e7\u00f5es -&gt; <a class=\"wiki_link\" href=\"..\/manual-adm-config-geral\">Configura\u00e7\u00f5es gerais<\/a><\/li>\n    <li>Configura\u00e7\u00f5es -&gt; <a class=\"wiki_link\" href=\"..\/manual-adm-config-abertura\">Abertura de chamados<\/a><\/li>\n    <li>Configura\u00e7\u00f5es -&gt; <a class=\"wiki_link\" href=\"..\/manual-admin-perfis\">Perfis de tela de abertura<\/a><\/li>\n    <li>Configura\u00e7\u00f5es -&gt; <a class=\"wiki_link\" href=\"..\/manual-smtp\">E-mail - SMTP<\/a><\/li>\n    <li>Configura\u00e7\u00f5es -&gt; <a class=\"wiki_link\" href=\"..\/manual-email-mensagens\">E-mail - Mensagens<\/a><\/li>\n    <li>Configura\u00e7\u00f5es -&gt; <a class=\"wiki_link\" href=\"..\/manual-aparencia\">Apar\u00eancia<\/a><hr \/>\n<\/li>\n    <li>Ocorr\u00eancias -&gt; <a class=\"wiki_link\" href=\"..\/manual-areas\">\u00c1reas<\/a><\/li>\n\t<li>Ocorr\u00eancias -&gt; <a class=\"wiki_link\" href=\"..\/manual-areas-configuracao\">\u00c1reas - Configura\u00e7\u00e3o<\/a><\/li>\n    <li>Ocorr\u00eancias -&gt; <a class=\"wiki_link\" href=\"..\/manual-problemas\">Problemas<\/a><\/li>\n    <li>Ocorr\u00eancias -&gt; <a class=\"wiki_link\" href=\"..\/manual-status\">Status<\/a><\/li>\n    <li>Ocorr\u00eancias -&gt; <a class=\"wiki_link\" href=\"..\/manual-prioridades\">Prioridades<\/a> (<em>at\u00e9 a vers\u00e3o 2.0RC4.1<\/em>)<\/li>\n    <li>Ocorr\u00eancias -&gt; N\u00edveis de Resposta (<em>a partir da vers\u00e3o 2.0RC5<\/em>)<\/li>\n    <li>Ocorr\u00eancias -&gt; <a class=\"wiki_link\" href=\"..\/manual-prioridades-atendimento\">Prioridades de atendimento<\/a> (<em>a partir da vers\u00e3o 2.0RC5<\/em>)<\/li>\n    <li>Ocorr\u00eancias -&gt; <a class=\"wiki_link\" href=\"..\/manual-feriados\">Feriados<\/a><\/li>\n    <li>Ocorr\u00eancias -&gt; <a class=\"wiki_link\" href=\"..\/manual-adm-solucoes\">Solu\u00e7\u00f5es<\/a><\/li>\n\t<li>Ocorr\u00eancias -&gt; <a class=\"wiki_link\" href=\"..\/manual-adm-scripts\">Scripts<\/a><\/li>\n    <li>Ocorr\u00eancias -&gt; <a class=\"wiki_link\" href=\"..\/manual-adm-ocorrencias\">Ocorr\u00eancias<\/a><\/li>\n    <li>Ocorr\u00eancias -&gt; <a class=\"wiki_link\" href=\"..\/manual-email-templates\">E-mail templates<\/a><\/li>\n    <li>Ocorr\u00eancias -&gt; <a class=\"wiki_link\" href=\"..\/manual-listas-distribuicao\">Listas de distribui\u00e7\u00e3o<\/a><hr \/>\n<\/li>\n    <li>Invent\u00e1rio -&gt; <a class=\"wiki_link\" href=\"..\/manual-adm-equipamentos\">Equipamentos<\/a><\/li>\n    <li>Invent\u00e1rio -&gt; <a class=\"wiki_link\" href=\"..\/manual-adm-componentes\">Componentes<\/a><\/li>\n    <li>Invent\u00e1rio -&gt; <a class=\"wiki_link\" href=\"..\/manual-adm-fabricantes\">Fabricantes<\/a><\/li>\n    <li>Invent\u00e1rio -&gt; <a class=\"wiki_link\" href=\"..\/manual-adm-fornecedores\">Fornecedores<\/a><\/li>\n    <li>Invent\u00e1rio -&gt; <a class=\"wiki_link\" href=\"..\/manual-adm-situacoes\">Situa\u00e7\u00f5es<\/a><\/li>\n    <li>Invent\u00e1rio -&gt; <a class=\"wiki_link\" href=\"..\/manual-adm-garantias\">Garantias<\/a><\/li>\n    <li>Invent\u00e1rio -&gt; <a class=\"wiki_link\" href=\"..\/manual-adm-softwares\">Softwares<\/a><hr \/>\n<\/li>\n    <li><a class=\"wiki_link\" href=\"..\/manual-usuarios\">Usu\u00e1rios<\/a><\/li>\n    <li><a class=\"wiki_link\" href=\"..\/manual-locais\">Locais<\/a><\/li>\n    <li><a class=\"wiki_link\" href=\"..\/manual-unidades\">Unidades<\/a><\/li>\n    <li><a class=\"wiki_link\" href=\"..\/manual-centro-custo\">Centros de Custo<\/a><\/li>\n    <li><a class=\"wiki_link\" href=\"..\/manual-permissoes\">Permiss\u00f5es<\/a><\/li>\n<\/ul>\n\n\n    <\/div>\n  <\/body>\n<\/html><\/div><\/div><\/div><\/div><\/div>","protected":false},"excerpt":{"rendered":"<p>Esse manual contempla apenas at\u00e9 a vers\u00e3o 2.0 ocomonphp &raquo; manual (at\u00e9 a vers\u00e3o 2.0) Para a vers\u00e3o mais atual, [&hellip;]<\/p>\n","protected":false},"author":1,"featured_media":0,"parent":0,"menu_order":0,"comment_status":"closed","ping_status":"closed","template":"","meta":{"_bbp_topic_count":0,"_bbp_reply_count":0,"_bbp_total_topic_count":0,"_bbp_total_reply_count":0,"_bbp_voice_count":0,"_bbp_anonymous_reply_count":0,"_bbp_topic_count_hidden":0,"_bbp_reply_count_hidden":0,"_bbp_forum_subforum_count":0,"footnotes":""},"class_list":["post-871","page","type-page","status-publish","hentry"],"_links":{"self":[{"href":"https:\/\/ocomon.com.br\/site\/wp-json\/wp\/v2\/pages\/871","targetHints":{"allow":["GET"]}}],"collection":[{"href":"https:\/\/ocomon.com.br\/site\/wp-json\/wp\/v2\/pages"}],"about":[{"href":"https:\/\/ocomon.com.br\/site\/wp-json\/wp\/v2\/types\/page"}],"author":[{"embeddable":true,"href":"https:\/\/ocomon.com.br\/site\/wp-json\/wp\/v2\/users\/1"}],"replies":[{"embeddable":true,"href":"https:\/\/ocomon.com.br\/site\/wp-json\/wp\/v2\/comments?post=871"}],"version-history":[{"count":43,"href":"https:\/\/ocomon.com.br\/site\/wp-json\/wp\/v2\/pages\/871\/revisions"}],"predecessor-version":[{"id":2233,"href":"https:\/\/ocomon.com.br\/site\/wp-json\/wp\/v2\/pages\/871\/revisions\/2233"}],"wp:attachment":[{"href":"https:\/\/ocomon.com.br\/site\/wp-json\/wp\/v2\/media?parent=871"}],"curies":[{"name":"wp","href":"https:\/\/api.w.org\/{rel}","templated":true}]}}