{"id":2012,"date":"2021-06-01T16:17:20","date_gmt":"2021-06-01T19:17:20","guid":{"rendered":"https:\/\/ocomon.com.br\/site\/?page_id=2012"},"modified":"2024-12-20T13:45:25","modified_gmt":"2024-12-20T16:45:25","slug":"doacoes","status":"publish","type":"page","link":"https:\/\/ocomon.com.br\/site\/doacoes\/","title":{"rendered":"Doa\u00e7\u00f5es"},"content":{"rendered":"\n<p>Amigos, como podem imaginar, o desenvolvimento e manuten\u00e7\u00e3o de um software livre para a comunidade \u00e9 uma atividade dispendiosa que requer muita dedica\u00e7\u00e3o, motiva\u00e7\u00e3o e esfor\u00e7o para que o projeto se mantenha relevante e continue agregando boas funcionalidades e evoluindo em diversos aspectos.<\/p>\n\n\n\n<p>Conseguem imaginar a quantidade de tempo que \u00e9 investido em planejamento, desenvolvimento, cria\u00e7\u00e3o de material e suporte gratuito para a comunidade? Garanto que n\u00e3o \u00e9 pouco.<\/p>\n\n\n\n<p>Tudo isso ocorre pela cren\u00e7a na causa do Software Livre. Acreditar no software livre tamb\u00e9m \u00e9 acreditar que juntos somos mais fortes e que dessa forma podemos obter realiza\u00e7\u00f5es e fazermos a diferen\u00e7a para nos tornarmos uma sociedade mais justa.<\/p>\n\n\n\n<p>Se o OcoMon lhe tem sido \u00fatil, poupado seu trabalho e lhe permitido direcionar seus recursos para outros investimentos, considere contribuir para a continuidade e crescimento do projeto.<\/p>\n\n\n\n<p>Apoiadores sempre ter\u00e3o a vantagem de um suporte mais \u00e1gil e personalizado.<\/p>\n\n\n\n<h4 class=\"wp-block-heading\">Como contribuir financeiramente?<\/h4>\n\n\n\n<p><\/p>\n\n\n\n<p><strong>Transfer\u00eancia Pix:<\/strong> transfira qualquer valor para a chave flaviorib@gmail.com (n\u00e3o esque\u00e7a de enviar seu e-mail para contato);<\/p>\n\n\n\n<ol class=\"wp-block-list\"><\/ol>\n\n\n\n<p>Independentemente das contribui\u00e7\u00f5es, o sistema continua  em desenvolvimento e continuar\u00e1 trazendo grandes avan\u00e7os e melhorias significativas para a sua comunidade de utilizadores. <\/p>\n\n\n\n<p>Grande abra\u00e7o a todos e vida longa ao OcoMon!<\/p>\n\n\n\n<p>Fl\u00e1vio<\/p>\n","protected":false},"excerpt":{"rendered":"<p>Amigos, como podem imaginar, o desenvolvimento e manuten\u00e7\u00e3o de um software livre para a comunidade \u00e9 uma atividade dispendiosa que [&hellip;]<\/p>\n","protected":false},"author":1,"featured_media":2015,"parent":0,"menu_order":0,"comment_status":"closed","ping_status":"closed","template":"","meta":{"_bbp_topic_count":0,"_bbp_reply_count":0,"_bbp_total_topic_count":0,"_bbp_total_reply_count":0,"_bbp_voice_count":0,"_bbp_anonymous_reply_count":0,"_bbp_topic_count_hidden":0,"_bbp_reply_count_hidden":0,"_bbp_forum_subforum_count":0,"footnotes":""},"class_list":["post-2012","page","type-page","status-publish","has-post-thumbnail","hentry"],"_links":{"self":[{"href":"https:\/\/ocomon.com.br\/site\/wp-json\/wp\/v2\/pages\/2012","targetHints":{"allow":["GET"]}}],"collection":[{"href":"https:\/\/ocomon.com.br\/site\/wp-json\/wp\/v2\/pages"}],"about":[{"href":"https:\/\/ocomon.com.br\/site\/wp-json\/wp\/v2\/types\/page"}],"author":[{"embeddable":true,"href":"https:\/\/ocomon.com.br\/site\/wp-json\/wp\/v2\/users\/1"}],"replies":[{"embeddable":true,"href":"https:\/\/ocomon.com.br\/site\/wp-json\/wp\/v2\/comments?post=2012"}],"version-history":[{"count":9,"href":"https:\/\/ocomon.com.br\/site\/wp-json\/wp\/v2\/pages\/2012\/revisions"}],"predecessor-version":[{"id":2274,"href":"https:\/\/ocomon.com.br\/site\/wp-json\/wp\/v2\/pages\/2012\/revisions\/2274"}],"wp:featuredmedia":[{"embeddable":true,"href":"https:\/\/ocomon.com.br\/site\/wp-json\/wp\/v2\/media\/2015"}],"wp:attachment":[{"href":"https:\/\/ocomon.com.br\/site\/wp-json\/wp\/v2\/media?parent=2012"}],"curies":[{"name":"wp","href":"https:\/\/api.w.org\/{rel}","templated":true}]}}