{"id":1703,"date":"2020-07-11T16:03:19","date_gmt":"2020-07-11T19:03:19","guid":{"rendered":"https:\/\/ocomon.com.br\/site\/?page_id=1703"},"modified":"2021-10-15T09:41:16","modified_gmt":"2021-10-15T12:41:16","slug":"o-ocomon","status":"publish","type":"page","link":"https:\/\/ocomon.com.br\/site\/o-ocomon\/","title":{"rendered":"O OcoMon"},"content":{"rendered":"\n<figure class=\"wp-block-image size-full\"><img loading=\"lazy\" decoding=\"async\" width=\"1024\" height=\"682\" src=\"https:\/\/ocomon.com.br\/site\/wp-content\/uploads\/2020\/07\/absolutvision-82TpEld0_e4-unsplash-1024-1.jpg\" alt=\"\" class=\"wp-image-1710\" srcset=\"https:\/\/ocomon.com.br\/site\/wp-content\/uploads\/2020\/07\/absolutvision-82TpEld0_e4-unsplash-1024-1.jpg 1024w, https:\/\/ocomon.com.br\/site\/wp-content\/uploads\/2020\/07\/absolutvision-82TpEld0_e4-unsplash-1024-1-300x200.jpg 300w, https:\/\/ocomon.com.br\/site\/wp-content\/uploads\/2020\/07\/absolutvision-82TpEld0_e4-unsplash-1024-1-768x512.jpg 768w\" sizes=\"auto, (max-width: 1024px) 100vw, 1024px\" \/><\/figure>\n\n\n\n<p><\/p>\n\n\n\n<p class=\"has-drop-cap line\">O OcoMon surgiu em Mar\u00e7o de 2002 como projeto pontual e pessoal do programador Franque Cust\u00f3dio, tendo como caracter\u00edsticas b\u00e1sicas o cadastro, acompanhamento e consulta de ocorr\u00eancias de suporte. O sistema foi inicialmente utilizado pela \u00e1rea de suporte do Centro Universit\u00e1rio La Salle (UNILASALLE) e a partir daquele momento foi assumido pelo ent\u00e3o Analista de Suporte Fl\u00e1vio Ribeiro que herdou a ferramenta b\u00e1sica e a transformou em um robusto sistema de gest\u00e3o de chamados atrav\u00e9s da implementa\u00e7\u00e3o de diversas caracter\u00edsticas buscando atender a quest\u00f5es de ordem pr\u00e1tica, operacional e gerencial de \u00e1reas de suporte t\u00e9cnico como Helpdesks e Service Desks.<\/p>\n\n\n\n<p><\/p>\n\n\n\n<p class=\"line\">Em Maio de 2003 foi desenvolvida a primeira vers\u00e3o do m\u00f3dulo de invent\u00e1rio (Invmon) que funcionava como um sistema em separado, e a partir de ent\u00e3o todas as informa\u00e7\u00f5es de atendimentos come\u00e7aram a ficar vinculadas ao respectivo equipamento, acrescentando grande praticidade e valor ao sistema de atendimento.<\/p>\n\n\n\n<p class=\"line\">Com a percep\u00e7\u00e3o da necessidade crescente de informa\u00e7\u00f5es mais relacionadas com a quest\u00e3o de qualidade no suporte, no in\u00edcio de 2004 foram adicionadas caracter\u00edsticas de gerenciamento de SLAs, mudando de forma sens\u00edvel a maneira como o gerenciamento de chamados vinha acontecendo e obtendo crescente melhoria da qualidade final de acordo com os indicadores fixados para os servi\u00e7os realizados.<\/p>\n\n\n\n<p>No in\u00edcio de 2005, os dois sistemas: OcoMon e InvMon foram integrados em um layout unificado e permanecendo com o nome \u00fanico de OCOMON.<\/p>\n\n\n\n<p>O sistema se popularizou no Brasil principalmente entre os anos de 2005 e 2009 quando foi lan\u00e7ada a RC6 da vers\u00e3o 2.0, no entanto, ap\u00f3s esse lan\u00e7amento o desenvolvimento do sistema ficou estagnado, sem atualiza\u00e7\u00f5es de qualquer ordem, e sua utiliza\u00e7\u00e3o foi diminuindo com o tempo.<\/p>\n\n\n\n<p>No entanto, em 2020 o projeto retornou com muita for\u00e7a e impacto na comunidade do Software Livre nacional, trazendo um novo site (<a href=\"https:\/\/ocomon.com.br\/site\" target=\"_blank\" rel=\"noreferrer noopener\">https:\/\/ocomon.com.br\/site<\/a>), canal de v\u00eddeos com dicas de uso do sistema (<a href=\"https:\/\/www.youtube.com\/c\/OcoMonOficial\" target=\"_blank\" rel=\"noreferrer noopener\">https:\/\/www.youtube.com\/c\/OcoMonOficial<\/a>) e uma conta no Twitter para intera\u00e7\u00e3o din\u00e2mica com a comunidade de utilizadores (<a href=\"https:\/\/twitter.com\/OcomonOficial\" target=\"_blank\" rel=\"noreferrer noopener\">https:\/\/twitter.com\/OcomonOficial<\/a>).<\/p>\n\n\n\n<p>Inicialmente, em meados de Julho de 2020 foi lan\u00e7ada a vers\u00e3o 2.0 que trouxe algumas novas funcionalidades mas principalmente corre\u00e7\u00f5es diversas para a vers\u00e3o lan\u00e7ada ainda l\u00e1 em 2009. Em Dezembro de 2020 foi lan\u00e7ada a <strong>vers\u00e3o 3.0<\/strong>, essa sim, trazendo <strong>mudan\u00e7as substanciais<\/strong>, tanto na parte visual, com uma nova experi\u00eancia de uso, quanto no <em>core<\/em> do sistema com melhorias importantes e significativas.<\/p>\n\n\n\n<p>Em Outubro de 2021, ap\u00f3s 3 atualiza\u00e7\u00f5es da s\u00e9rie 3x, foi lan\u00e7ada a vers\u00e3o 4.0. Marcando de vez a nova fase de desenvolvimento da ferramenta com a incorpora\u00e7\u00e3o de importantes funcionalidades como API para integra\u00e7\u00e3o, campos customizados e abertura de chamados por email.<\/p>\n\n\n\n<p>Atualmente, merecem destaque o sistema de <strong>paradas de rel\u00f3gio<\/strong> e a \u00e1rea de <strong>configura\u00e7\u00e3o de Jornadas de Trabalho<\/strong>, que em conjunto \u00e0s defini\u00e7\u00f5es de tempos para respostas e tempos para solu\u00e7\u00f5es deixam a opera\u00e7\u00e3o e gerenciamento de <em>SLAs\/OLAs<\/em> muito mais simples e vers\u00e1teis. Al\u00e9m disso, cabe ressaltar o excelente <strong>painel de controle<\/strong> que al\u00e9m dos gr\u00e1ficos com as principais estat\u00edsticas dos chamados tamb\u00e9m traz um sistema de <strong>cards informativos<\/strong> extremamente \u00fateis e funcionais. Uma outra poderosa fun\u00e7\u00e3o que merece men\u00e7\u00e3o \u00e9 ferramenta para cria\u00e7\u00e3o de <strong>campos customizados<\/strong>, permitindo que praticamente qualquer tipo de informa\u00e7\u00e3o possa ser obtida por meio dos formul\u00e1rios.<\/p>\n\n\n\n<p>Mesmo com de tantas mudan\u00e7as, a principal caracter\u00edstica do sistema permanece inalterada, a simplicidade. \u00c9 muito f\u00e1cil entender seu funcionamento e adapt\u00e1-lo \u00e0s suas necessidades e processos.<\/p>\n\n\n\n<h3 class=\"line\"><a name=\"ocorrencias\"><\/a>Fun\u00e7\u00f5es cl\u00e1ssicas do m\u00f3dulo de&nbsp;<strong>Ocorr\u00eancias:<\/strong><\/h3>\n\n\n\n<ul class=\"line wp-block-list\"><li>abertura de chamados de suporte por \u00e1rea de compet\u00eancia;<\/li><li>v\u00ednculo do chamado com a etiqueta de patrim\u00f4nio do equipamento;<\/li><li>busca r\u00e1pida de informa\u00e7\u00f5es referentes ao equipamento (configura\u00e7\u00e3o, localiza\u00e7\u00e3o, hist\u00f3rico de chamados, garantia..) no momento da abertura do chamado;<\/li><li>envio autom\u00e1tico de e-mail para as \u00e1reas de compet\u00eancia;<\/li><li>acompanhamento do andamento do processo de atendimento das ocorr\u00eancias;<\/li><li>encerramento das ocorr\u00eancias;<\/li><li>controle de horas v\u00e1lidas;<\/li><li>defini\u00e7\u00f5es de n\u00edveis de prioridades para os setores da empresa;<\/li><li>gerenciamento de tempo de resposta baseado nas defini\u00e7\u00f5es de prioridades dos setores;<\/li><li>gerenciamento de tempo de solu\u00e7\u00e3o baseado nas defini\u00e7\u00f5es de categorias de problemas;<\/li><li>controle de depend\u00eancias para o andamento do chamado;<\/li><li>base de conhecimento;<\/li><li>consultas personalizadas;<\/li><li>relat\u00f3rios gerenciais;<\/li><li>controle de SLAs;<\/li><\/ul>\n\n\n\n<p><\/p>\n\n\n\n<h3 class=\"line\"><a name=\"inventario\"><\/a>Fun\u00e7\u00f5es cl\u00e1ssicas do m\u00f3dulo de&nbsp;<strong>Invent\u00e1rio:<\/strong><\/h3>\n\n\n\n<ul class=\"line wp-block-list\"><li>cadastro detalhado das informa\u00e7\u00f5es (configura\u00e7\u00e3o) de hardware do equipamento;<\/li><li>cadastro de informa\u00e7\u00f5es cont\u00e1beis do equipamento (valor, centro de custo,localiza\u00e7\u00e3o, reitoria, fornecedor..);<\/li><li>cadastro de modelos de configura\u00e7\u00e3o para carga r\u00e1pida de informa\u00e7\u00f5es de novos equipamentos;<\/li><li>cadastro de documenta\u00e7\u00f5es relacionadas aos equipamentos (manuais, termos de garantia, m\u00eddias..);<\/li><li>controle de garantias dos equipamentos;<\/li><li>hist\u00f3rico de mudan\u00e7as (de localidades) dos equipamentos;<\/li><li>controle de licen\u00e7as de softwares;<\/li><li>busca r\u00e1pida das informa\u00e7\u00f5es de chamados de suporte para o equipamento;<\/li><li>busca r\u00e1pida de informa\u00e7\u00f5es dos equipamentos;<\/li><li>buscas por hist\u00f3rico de mudan\u00e7as (localiza\u00e7\u00e3o);<\/li><li>consultas personalizadas;<\/li><li>estat\u00edsticas t\u00e9cnicas e gerenciais do parque de equipamentos;<\/li><li>relat\u00f3rios gerenciais;<\/li><\/ul>\n\n\n\n<p class=\"line\">Novas funcionalidades t\u00eam sido acrescentadas ao sistema ao longo do tempo e o objetivo \u00e9 torn\u00e1-lo cada vez mais aderente \u00e0s boas pr\u00e1ticas relacionadas tanto a operacionaliza\u00e7\u00e3o quanto a gest\u00e3o de \u00e1reas de atendimento t\u00e9cnico.<\/p>\n\n\n\n<p class=\"line\">Atenciosamente<\/p>\n\n\n\n<p><a href=\"mailto:flaviorib@gmail.com\">Fl\u00e1vio Ribeiro<\/a><\/p>\n","protected":false},"excerpt":{"rendered":"<p>O OcoMon surgiu em Mar\u00e7o de 2002 como projeto pontual e pessoal do programador Franque Cust\u00f3dio, tendo como caracter\u00edsticas b\u00e1sicas [&hellip;]<\/p>\n","protected":false},"author":1,"featured_media":1710,"parent":0,"menu_order":0,"comment_status":"closed","ping_status":"closed","template":"","meta":{"_bbp_topic_count":0,"_bbp_reply_count":0,"_bbp_total_topic_count":0,"_bbp_total_reply_count":0,"_bbp_voice_count":0,"_bbp_anonymous_reply_count":0,"_bbp_topic_count_hidden":0,"_bbp_reply_count_hidden":0,"_bbp_forum_subforum_count":0,"footnotes":""},"class_list":["post-1703","page","type-page","status-publish","has-post-thumbnail","hentry"],"_links":{"self":[{"href":"https:\/\/ocomon.com.br\/site\/wp-json\/wp\/v2\/pages\/1703","targetHints":{"allow":["GET"]}}],"collection":[{"href":"https:\/\/ocomon.com.br\/site\/wp-json\/wp\/v2\/pages"}],"about":[{"href":"https:\/\/ocomon.com.br\/site\/wp-json\/wp\/v2\/types\/page"}],"author":[{"embeddable":true,"href":"https:\/\/ocomon.com.br\/site\/wp-json\/wp\/v2\/users\/1"}],"replies":[{"embeddable":true,"href":"https:\/\/ocomon.com.br\/site\/wp-json\/wp\/v2\/comments?post=1703"}],"version-history":[{"count":11,"href":"https:\/\/ocomon.com.br\/site\/wp-json\/wp\/v2\/pages\/1703\/revisions"}],"predecessor-version":[{"id":2053,"href":"https:\/\/ocomon.com.br\/site\/wp-json\/wp\/v2\/pages\/1703\/revisions\/2053"}],"wp:featuredmedia":[{"embeddable":true,"href":"https:\/\/ocomon.com.br\/site\/wp-json\/wp\/v2\/media\/1710"}],"wp:attachment":[{"href":"https:\/\/ocomon.com.br\/site\/wp-json\/wp\/v2\/media?parent=1703"}],"curies":[{"name":"wp","href":"https:\/\/api.w.org\/{rel}","templated":true}]}}