{"id":1693,"date":"2020-07-11T07:30:07","date_gmt":"2020-07-11T10:30:07","guid":{"rendered":"https:\/\/ocomon.com.br\/site\/?page_id=1693"},"modified":"2021-02-08T09:29:11","modified_gmt":"2021-02-08T11:29:11","slug":"suporte","status":"publish","type":"page","link":"https:\/\/ocomon.com.br\/site\/suporte\/","title":{"rendered":"SUPORTE"},"content":{"rendered":"\n<figure class=\"wp-block-image size-large\"><img loading=\"lazy\" decoding=\"async\" width=\"1024\" height=\"681\" src=\"https:\/\/ocomon.com.br\/site\/wp-content\/uploads\/2021\/01\/handshake-pexels-pixabay-327540-1024x681.jpg\" alt=\"\" class=\"wp-image-1897\" srcset=\"https:\/\/ocomon.com.br\/site\/wp-content\/uploads\/2021\/01\/handshake-pexels-pixabay-327540-1024x681.jpg 1024w, https:\/\/ocomon.com.br\/site\/wp-content\/uploads\/2021\/01\/handshake-pexels-pixabay-327540-300x200.jpg 300w, https:\/\/ocomon.com.br\/site\/wp-content\/uploads\/2021\/01\/handshake-pexels-pixabay-327540-768x511.jpg 768w, https:\/\/ocomon.com.br\/site\/wp-content\/uploads\/2021\/01\/handshake-pexels-pixabay-327540.jpg 1500w\" sizes=\"auto, (max-width: 1024px) 100vw, 1024px\" \/><\/figure>\n\n\n\n<p><\/p>\n\n\n\n<p>O OcoMon \u00e9 um <strong>software livre<\/strong> e pode utilizado por qualquer pessoa\/empresa sem a necessidade de pagar por uma licen\u00e7a de uso. Voc\u00ea pode realizar o download, customizar e implantar em sua empresa sem <strong>nenhum encargo<\/strong>, desde que respeite os termos da licen\u00e7a <a rel=\"noreferrer noopener\" href=\"https:\/\/www.gnu.org\/licenses\/gpl-3.0-standalone.html\" target=\"_blank\">GPL<\/a>.<\/p>\n\n\n\n<p>Se voc\u00ea precisa de ajuda para realizar sua <strong>implanta\u00e7\u00e3o<\/strong>, seja para <strong>treinamento<\/strong>, <strong>customiza\u00e7\u00f5es<\/strong> (precisa de alguma funcionalidade especial?) ou quaisquer outras necessidades espec\u00edficas, n\u00e3o hesite em entrar em contato por meio do seguinte endere\u00e7o de e-mail:<\/p>\n\n\n\n<p class=\"has-text-align-center\"><a href=\"mailto:ocomon.oficial@gmail.com\">ocomon.oficial@gmail.com<\/a><\/p>\n\n\n\n<p>Tenho convic\u00e7\u00e3o de que o OcoMon tem potencial para ser a ferramenta que lhe ser\u00e1 indispens\u00e1vel na organiza\u00e7\u00e3o e ger\u00eancia de sua \u00e1rea de atendimento liberando seu precioso tempo para outras realiza\u00e7\u00f5es.<\/p>\n\n\n\n<p>Atenciosamente<\/p>\n\n\n\n<p>Fl\u00e1vio Ribeiro (<a href=\"mailto:flaviorib@gmail.com\">flaviorib@gmail.com<\/a>)<\/p>\n","protected":false},"excerpt":{"rendered":"<p>O OcoMon \u00e9 um software livre e pode utilizado por qualquer pessoa\/empresa sem a necessidade de pagar por uma licen\u00e7a [&hellip;]<\/p>\n","protected":false},"author":1,"featured_media":1897,"parent":0,"menu_order":0,"comment_status":"closed","ping_status":"closed","template":"","meta":{"_bbp_topic_count":0,"_bbp_reply_count":0,"_bbp_total_topic_count":0,"_bbp_total_reply_count":0,"_bbp_voice_count":0,"_bbp_anonymous_reply_count":0,"_bbp_topic_count_hidden":0,"_bbp_reply_count_hidden":0,"_bbp_forum_subforum_count":0,"footnotes":""},"class_list":["post-1693","page","type-page","status-publish","has-post-thumbnail","hentry"],"_links":{"self":[{"href":"https:\/\/ocomon.com.br\/site\/wp-json\/wp\/v2\/pages\/1693","targetHints":{"allow":["GET"]}}],"collection":[{"href":"https:\/\/ocomon.com.br\/site\/wp-json\/wp\/v2\/pages"}],"about":[{"href":"https:\/\/ocomon.com.br\/site\/wp-json\/wp\/v2\/types\/page"}],"author":[{"embeddable":true,"href":"https:\/\/ocomon.com.br\/site\/wp-json\/wp\/v2\/users\/1"}],"replies":[{"embeddable":true,"href":"https:\/\/ocomon.com.br\/site\/wp-json\/wp\/v2\/comments?post=1693"}],"version-history":[{"count":6,"href":"https:\/\/ocomon.com.br\/site\/wp-json\/wp\/v2\/pages\/1693\/revisions"}],"predecessor-version":[{"id":1909,"href":"https:\/\/ocomon.com.br\/site\/wp-json\/wp\/v2\/pages\/1693\/revisions\/1909"}],"wp:featuredmedia":[{"embeddable":true,"href":"https:\/\/ocomon.com.br\/site\/wp-json\/wp\/v2\/media\/1897"}],"wp:attachment":[{"href":"https:\/\/ocomon.com.br\/site\/wp-json\/wp\/v2\/media?parent=1693"}],"curies":[{"name":"wp","href":"https:\/\/api.w.org\/{rel}","templated":true}]}}