{"id":1572,"date":"2020-07-09T11:28:07","date_gmt":"2020-07-09T14:28:07","guid":{"rendered":"https:\/\/ocomon.com.br\/site\/?page_id=1572"},"modified":"2025-08-03T19:49:18","modified_gmt":"2025-08-03T22:49:18","slug":"downloads","status":"publish","type":"page","link":"https:\/\/ocomon.com.br\/site\/downloads\/","title":{"rendered":"DOWNLOADS"},"content":{"rendered":"\n<figure class=\"wp-block-image size-large\"><img loading=\"lazy\" decoding=\"async\" width=\"1024\" height=\"576\" src=\"https:\/\/ocomon.com.br\/site\/wp-content\/uploads\/2020\/07\/download-1920x1080-1-1024x576.jpg\" alt=\"\" class=\"wp-image-1669\" srcset=\"https:\/\/ocomon.com.br\/site\/wp-content\/uploads\/2020\/07\/download-1920x1080-1-1024x576.jpg 1024w, https:\/\/ocomon.com.br\/site\/wp-content\/uploads\/2020\/07\/download-1920x1080-1-300x169.jpg 300w, https:\/\/ocomon.com.br\/site\/wp-content\/uploads\/2020\/07\/download-1920x1080-1-768x432.jpg 768w, https:\/\/ocomon.com.br\/site\/wp-content\/uploads\/2020\/07\/download-1920x1080-1-1536x864.jpg 1536w, https:\/\/ocomon.com.br\/site\/wp-content\/uploads\/2020\/07\/download-1920x1080-1.jpg 1920w\" sizes=\"auto, (max-width: 1024px) 100vw, 1024px\" \/><\/figure>\n\n\n\n<p><\/p>\n\n\n\n<h3 class=\"wp-block-heading\">OcoMon 6.3<\/h3>\n\n\n\n<p><\/p>\n\n\n\n<p><a href=\"https:\/\/sourceforge.net\/projects\/ocomonphp\/files\/latest\/download\" target=\"_blank\" class=\"oc_button\" rel=\"noopener noreferrer\">Baixe aqui a vers\u00e3o 6.x<\/a><\/p>\n\n\n\n<p>Veja aqui o passo a passo para realizar a instala\u00e7\u00e3o: <a href=\"https:\/\/ocomon.com.br\/site\/instalacao\/\">Instalando o OcoMon<\/a> 6.x<\/p>\n\n\n\n<h3 class=\"wp-block-heading\">Prefere testar antes de instalar?<\/h3>\n\n\n\n<p><\/p>\n\n\n\n<p>Voc\u00ea j\u00e1 pode rodar um container preparado com a vers\u00e3o <strong>6.0<\/strong> do OcoMon, assim pode testar o quanto quiser antes mesmo de instalar o sistema.<\/p>\n\n\n\n<p>Para testar a vers\u00e3o <strong>6.0<\/strong> &#8211; Se voc\u00ea tem o <a href=\"https:\/\/www.docker.com\/\" target=\"_blank\" rel=\"noreferrer noopener\">docker<\/a> instalado, basta executar o seguinte comando em seu terminal:<\/p>\n\n\n\n<pre class=\"wp-block-code\"><code>docker run -it -p 8080:80 flaviorib\/ocomon:6.3.1 \/start_ocomon<\/code><\/pre>\n\n\n\n<p>Em seguida basta abrir o seu navegador e digitar na barra de endere\u00e7os:<\/p>\n\n\n\n<pre class=\"wp-block-code\"><code>localhost:8080<\/code><\/pre>\n\n\n\n<p>E pronto! Voc\u00ea j\u00e1 est\u00e1 com uma instala\u00e7\u00e3o do OcoMon prontinha para testes com os seguintes usu\u00e1rios cadastrados:<\/p>\n\n\n\n<figure class=\"wp-block-table center\"><table><tbody><tr><td><strong>Usu\u00e1rio<\/strong><\/td><td><strong>Senha<\/strong><\/td><td><strong>Descri\u00e7\u00e3o<\/strong><\/td><\/tr><tr><td>admin<\/td><td>admin<\/td><td>N\u00edvel de administra\u00e7\u00e3o do sistema<\/td><\/tr><tr><td>operador<\/td><td>operador<\/td><td>Operador padr\u00e3o &#8211; n\u00edvel 1<\/td><\/tr><tr><td>abertura<\/td><td>abertura<\/td><td>Usu\u00e1rio apenas para abertura de ocorr\u00eancias<\/td><\/tr><\/tbody><\/table><\/figure>\n\n\n\n<p><\/p>\n\n\n\n<p>Caso n\u00e3o tenha o Docker, acesse o site e instale a vers\u00e3o referente ao seu sistema operacional:<\/p>\n\n\n\n<p><a href=\"https:\/\/docs.docker.com\/get-docker\/\" target=\"_blank\" rel=\"noreferrer noopener\">https:\/\/docs.docker.com\/get-docker\/<\/a><\/p>\n\n\n\n<p>Ou ent\u00e3o assista a esse v\u00eddeo para ver como \u00e9 simples testar o OcoMon sem precisar de nenhuma instala\u00e7\u00e3o:<br><a href=\"https:\/\/www.youtube.com\/watch?v=Wtq-Z4M9w5M\" target=\"_blank\" rel=\"noreferrer noopener\">https:\/\/www.youtube.com\/watch?v=Wtq-Z4M9w5M<\/a><\/p>\n","protected":false},"excerpt":{"rendered":"<p>OcoMon 6.3 Baixe aqui a vers\u00e3o 6.x Veja aqui o passo a passo para realizar a instala\u00e7\u00e3o: Instalando o OcoMon [&hellip;]<\/p>\n","protected":false},"author":1,"featured_media":1669,"parent":0,"menu_order":0,"comment_status":"closed","ping_status":"closed","template":"","meta":{"_bbp_topic_count":0,"_bbp_reply_count":0,"_bbp_total_topic_count":0,"_bbp_total_reply_count":0,"_bbp_voice_count":0,"_bbp_anonymous_reply_count":0,"_bbp_topic_count_hidden":0,"_bbp_reply_count_hidden":0,"_bbp_forum_subforum_count":0,"footnotes":""},"class_list":["post-1572","page","type-page","status-publish","has-post-thumbnail","hentry"],"_links":{"self":[{"href":"https:\/\/ocomon.com.br\/site\/wp-json\/wp\/v2\/pages\/1572","targetHints":{"allow":["GET"]}}],"collection":[{"href":"https:\/\/ocomon.com.br\/site\/wp-json\/wp\/v2\/pages"}],"about":[{"href":"https:\/\/ocomon.com.br\/site\/wp-json\/wp\/v2\/types\/page"}],"author":[{"embeddable":true,"href":"https:\/\/ocomon.com.br\/site\/wp-json\/wp\/v2\/users\/1"}],"replies":[{"embeddable":true,"href":"https:\/\/ocomon.com.br\/site\/wp-json\/wp\/v2\/comments?post=1572"}],"version-history":[{"count":60,"href":"https:\/\/ocomon.com.br\/site\/wp-json\/wp\/v2\/pages\/1572\/revisions"}],"predecessor-version":[{"id":2315,"href":"https:\/\/ocomon.com.br\/site\/wp-json\/wp\/v2\/pages\/1572\/revisions\/2315"}],"wp:featuredmedia":[{"embeddable":true,"href":"https:\/\/ocomon.com.br\/site\/wp-json\/wp\/v2\/media\/1669"}],"wp:attachment":[{"href":"https:\/\/ocomon.com.br\/site\/wp-json\/wp\/v2\/media?parent=1572"}],"curies":[{"name":"wp","href":"https:\/\/api.w.org\/{rel}","templated":true}]}}