{"id":1349,"date":"2020-07-08T08:16:28","date_gmt":"2020-07-08T11:16:28","guid":{"rendered":"https:\/\/ocomon.com.br\/site\/?page_id=1349"},"modified":"2025-05-05T17:04:30","modified_gmt":"2025-05-05T20:04:30","slug":"versoes-requisitos","status":"publish","type":"page","link":"https:\/\/ocomon.com.br\/site\/versoes-requisitos\/","title":{"rendered":"VERS\u00d5ES E REQUISITOS"},"content":{"rendered":"\n<figure class=\"wp-block-image size-large\"><img loading=\"lazy\" decoding=\"async\" width=\"1024\" height=\"533\" src=\"https:\/\/ocomon.com.br\/site\/wp-content\/uploads\/2016\/09\/slider-1024x533.jpg\" alt=\"\" class=\"wp-image-663\" srcset=\"https:\/\/ocomon.com.br\/site\/wp-content\/uploads\/2016\/09\/slider-1024x533.jpg 1024w, https:\/\/ocomon.com.br\/site\/wp-content\/uploads\/2016\/09\/slider-300x156.jpg 300w, https:\/\/ocomon.com.br\/site\/wp-content\/uploads\/2016\/09\/slider-768x400.jpg 768w, https:\/\/ocomon.com.br\/site\/wp-content\/uploads\/2016\/09\/slider-1536x800.jpg 1536w, https:\/\/ocomon.com.br\/site\/wp-content\/uploads\/2016\/09\/slider-600x313.jpg 600w, https:\/\/ocomon.com.br\/site\/wp-content\/uploads\/2016\/09\/slider.jpg 1920w\" sizes=\"auto, (max-width: 1024px) 100vw, 1024px\" \/><\/figure>\n\n\n\n<p><\/p>\n\n\n\n<p>Nesse momento a principal vers\u00e3o do sistema \u00e9 a <strong>6.x<\/strong> (lan\u00e7amento em Dezembro de 2024). <\/p>\n\n\n\n<p>Confira a seguir os requisitos da vers\u00e3o:<\/p>\n\n\n\n<h3 class=\"wp-block-heading\">Requisitos para o OcoMon 6.x:<\/h3>\n\n\n\n<p><\/p>\n\n\n\n<ul class=\"wp-block-list\">\n<li>Servidor web com PHP + Apache + MySQL (ou MariaDB):\n<ul class=\"wp-block-list\">\n<li><strong>PHP <\/strong>a partir da vers\u00e3o<strong> 8.1<\/strong>\n<ul class=\"wp-block-list\">\n<li><strong>M\u00f3dulos<\/strong>: PDO, pdo_mysql, curl, iconv, gd, openssl, imap, ldap, mbstring, fileinfo<\/li>\n<\/ul>\n<\/li>\n\n\n\n<li><strong>MySQL<\/strong> a partir da vers\u00e3o <strong>5.7<\/strong> (Ou <strong>MariaDB<\/strong> a partir da vers\u00e3o<strong> 10.2<\/strong>)<\/li>\n<\/ul>\n<\/li>\n<\/ul>\n\n\n\n<p>Consulte a documenta\u00e7\u00e3o de <a href=\"https:\/\/ocomon.com.br\/site\/instalacao\/\" data-type=\"page\" data-id=\"1318\" target=\"_blank\" rel=\"noreferrer noopener\">instala\u00e7\u00e3o<\/a> para verificar sobre requisitos de configura\u00e7\u00f5es para a utiliza\u00e7\u00e3o de funcionalidades espec\u00edficas.<\/p>\n\n\n\n<p><\/p>\n","protected":false},"excerpt":{"rendered":"<p>Nesse momento a principal vers\u00e3o do sistema \u00e9 a 6.x (lan\u00e7amento em Dezembro de 2024). Confira a seguir os requisitos [&hellip;]<\/p>\n","protected":false},"author":1,"featured_media":0,"parent":0,"menu_order":0,"comment_status":"open","ping_status":"closed","template":"","meta":{"_bbp_topic_count":0,"_bbp_reply_count":0,"_bbp_total_topic_count":0,"_bbp_total_reply_count":0,"_bbp_voice_count":0,"_bbp_anonymous_reply_count":0,"_bbp_topic_count_hidden":0,"_bbp_reply_count_hidden":0,"_bbp_forum_subforum_count":0,"footnotes":""},"class_list":["post-1349","page","type-page","status-publish","hentry"],"_links":{"self":[{"href":"https:\/\/ocomon.com.br\/site\/wp-json\/wp\/v2\/pages\/1349","targetHints":{"allow":["GET"]}}],"collection":[{"href":"https:\/\/ocomon.com.br\/site\/wp-json\/wp\/v2\/pages"}],"about":[{"href":"https:\/\/ocomon.com.br\/site\/wp-json\/wp\/v2\/types\/page"}],"author":[{"embeddable":true,"href":"https:\/\/ocomon.com.br\/site\/wp-json\/wp\/v2\/users\/1"}],"replies":[{"embeddable":true,"href":"https:\/\/ocomon.com.br\/site\/wp-json\/wp\/v2\/comments?post=1349"}],"version-history":[{"count":28,"href":"https:\/\/ocomon.com.br\/site\/wp-json\/wp\/v2\/pages\/1349\/revisions"}],"predecessor-version":[{"id":2298,"href":"https:\/\/ocomon.com.br\/site\/wp-json\/wp\/v2\/pages\/1349\/revisions\/2298"}],"wp:attachment":[{"href":"https:\/\/ocomon.com.br\/site\/wp-json\/wp\/v2\/media?parent=1349"}],"curies":[{"name":"wp","href":"https:\/\/api.w.org\/{rel}","templated":true}]}}