{"id":1103,"date":"2020-06-19T10:39:15","date_gmt":"2020-06-19T13:39:15","guid":{"rendered":"https:\/\/ocomon.com.br\/site\/?page_id=1103"},"modified":"2020-06-19T10:39:24","modified_gmt":"2020-06-19T13:39:24","slug":"manual-unidades","status":"publish","type":"page","link":"https:\/\/ocomon.com.br\/site\/manual-unidades\/","title":{"rendered":"Manual: Admin: Unidades"},"content":{"rendered":"<div id=\"pl-1103\"  class=\"panel-layout\" ><div id=\"pg-1103-0\"  class=\"panel-grid panel-no-style\" ><div id=\"pgc-1103-0-0\"  class=\"panel-grid-cell\" ><div id=\"panel-1103-0-0-0\" class=\"widget_text so-panel widget widget_custom_html panel-first-child panel-last-child\" data-index=\"0\" ><div class=\"textwidget custom-html-widget\"><html>\n  <head>\n    <title>ocomonphp &raquo; unidades<\/title>\n    <link rel=\"stylesheet\" href=\"static\/style.css\" type=\"text\/css\" \/>\n    <meta http-equiv=\"Content-Type\" content=\"text\/html;charset=UTF-8\">\n  <\/head>\n  <body>\n    <div class=\"wiki\" id=\"content_view\" style=\"display: block;\">\nUnidades (Admin -&gt; Unidades)<br \/>\n<br \/>\nO Ocomon utiliza o campo <strong>Unidade<\/strong> em conjunto com o campo <strong>Etiqueta<\/strong> para designar o identificador \u00fanico de cada equipamento cadastrado no m\u00f3dulo de invent\u00e1rio. Isso significa que podemos ter mais de um equipamento com o mesmo n\u00famero de etiqueta por\u00e9m com unidades distintas. O campo unidade pode tamb\u00e9m ser entendido pelo conceito de filial, assim \u00e9 poss\u00edvel cadastrar todos os equipamentos de uma mesma filial com uma mesma unidade, facilitando o entendimento r\u00e1pido sobre a origem do equipamento. Outra forma de utiliza\u00e7\u00e3o deste campo \u00e9 imagin\u00e1-lo como um prefixo alfanum\u00e9rico para cada etiqueta de numera\u00e7\u00e3o sequencial.<br \/>\n<br \/>\nCadastre unidades em Admin -&gt; Unidades -&gt; Incluir unidades\n    <\/div>\n  <br\/><a href=\"..\/manual\">&lt;&lt; Voltar para o \u00edndice do manual<\/a><\/body>\n<\/html><\/div><\/div><\/div><\/div><\/div>","protected":false},"excerpt":{"rendered":"<p>ocomonphp &raquo; unidades Unidades (Admin -&gt; Unidades) O Ocomon utiliza o campo Unidade em conjunto com o campo Etiqueta para [&hellip;]<\/p>\n","protected":false},"author":1,"featured_media":0,"parent":0,"menu_order":0,"comment_status":"closed","ping_status":"closed","template":"page-templates\/full-width.php","meta":{"_bbp_topic_count":0,"_bbp_reply_count":0,"_bbp_total_topic_count":0,"_bbp_total_reply_count":0,"_bbp_voice_count":0,"_bbp_anonymous_reply_count":0,"_bbp_topic_count_hidden":0,"_bbp_reply_count_hidden":0,"_bbp_forum_subforum_count":0,"footnotes":""},"class_list":["post-1103","page","type-page","status-publish","hentry"],"_links":{"self":[{"href":"https:\/\/ocomon.com.br\/site\/wp-json\/wp\/v2\/pages\/1103","targetHints":{"allow":["GET"]}}],"collection":[{"href":"https:\/\/ocomon.com.br\/site\/wp-json\/wp\/v2\/pages"}],"about":[{"href":"https:\/\/ocomon.com.br\/site\/wp-json\/wp\/v2\/types\/page"}],"author":[{"embeddable":true,"href":"https:\/\/ocomon.com.br\/site\/wp-json\/wp\/v2\/users\/1"}],"replies":[{"embeddable":true,"href":"https:\/\/ocomon.com.br\/site\/wp-json\/wp\/v2\/comments?post=1103"}],"version-history":[{"count":2,"href":"https:\/\/ocomon.com.br\/site\/wp-json\/wp\/v2\/pages\/1103\/revisions"}],"predecessor-version":[{"id":1105,"href":"https:\/\/ocomon.com.br\/site\/wp-json\/wp\/v2\/pages\/1103\/revisions\/1105"}],"wp:attachment":[{"href":"https:\/\/ocomon.com.br\/site\/wp-json\/wp\/v2\/media?parent=1103"}],"curies":[{"name":"wp","href":"https:\/\/api.w.org\/{rel}","templated":true}]}}