{"id":1100,"date":"2020-06-19T10:38:12","date_gmt":"2020-06-19T13:38:12","guid":{"rendered":"https:\/\/ocomon.com.br\/site\/?page_id=1100"},"modified":"2020-06-19T10:38:12","modified_gmt":"2020-06-19T13:38:12","slug":"manual-locais","status":"publish","type":"page","link":"https:\/\/ocomon.com.br\/site\/manual-locais\/","title":{"rendered":"Manual: Admin: Locais"},"content":{"rendered":"<div id=\"pl-1100\"  class=\"panel-layout\" ><div id=\"pg-1100-0\"  class=\"panel-grid panel-no-style\" ><div id=\"pgc-1100-0-0\"  class=\"panel-grid-cell\" ><div id=\"panel-1100-0-0-0\" class=\"widget_text so-panel widget widget_custom_html panel-first-child panel-last-child\" data-index=\"0\" ><div class=\"textwidget custom-html-widget\"><html>\n  <head>\n    <title>ocomonphp &raquo; locais<\/title>\n    <link rel=\"stylesheet\" href=\"static\/style.css\" type=\"text\/css\" \/>\n    <meta http-equiv=\"Content-Type\" content=\"text\/html;charset=UTF-8\">\n  <\/head>\n  <body>\n    <div class=\"wiki\" id=\"content_view\" style=\"display: block;\">\n<strong>Locais<\/strong> (admin -&gt; Locais)<br \/>\n<br \/>\nNo OcoMon todo chamado aberto ou equipamento cadastrado \u00e9 associado a um <a class=\"wiki_link\" href=\"..\/manual-abertura-chamados#abertura-local\">local<\/a>. Cada local representa um departamento\/setor da empresa.<br \/>\nExemplo de locais: Contabilidade, Almoxarifado, Recursos Humanos, sala da Diretoria, etc...<br \/>\n<br \/>\n<strong>Cadastro de local<\/strong> (admin -&gt; Locais -&gt; Incluir local)<br \/>\n<br \/>\n<u>Campo Local<\/u>: \u00e9 o local propriamente dito. Ex: Almoxarifado.<br \/>\n<a name=\"predio\"><\/a><br \/>\n<u>Campo pr\u00e9dio<\/u>: \u00e9 o pr\u00e9dio no qual o local est\u00e1 localizado. Para cadastrar pr\u00e9dios basta clicar no bot\u00e3o &quot;Novo&quot; ao lado direito do campo pr\u00e9dio. Para visualizar\/editar os pr\u00e9dios cadastrados basta clicar no bot\u00e3o &quot;Novo&quot; -&gt; Listagem geral.<br \/>\n<a name=\"reitoria\"><\/a><br \/>\n<u>Reitoria<\/u>: esse campo foi concebido pensando em sua utiliza\u00e7\u00e3o dentro de um ambiente educacional. Se esse n\u00e3o for o seu caso, voc\u00ea pode <a class=\"wiki_link\" href=\"..\/manual-adm-config-geral#idioma\">renome\u00e1-lo<\/a> de acordo com a sua realidade. De modo geral, o campo Reitoria pode agrupar uma s\u00e9rie de locais em fun\u00e7\u00e3o de uma mesma administra\u00e7\u00e3o. Para cadastrar novas reitorias basta clicar no bot\u00e3o &quot;Novo&quot; ao lado direito do campo reitoria. Para visualizar\/editar as reitorias cadastradas basta clicar no bot\u00e3o &quot;Novo&quot; -&gt; Listagem geral.<br \/>\n<a name=\"dominio\"><\/a><br \/>\n<u>Dom\u00ednio<\/u>: \u00e9 o dom\u00ednio de rede acessado atrav\u00e9s desse local. Essa informa\u00e7\u00e3o \u00e9 v\u00e1lida para realizar agrupamento de equipamentos x dom\u00ednio na rede. Para cadastrar novos dom\u00ednios basta clicar no bot\u00e3o &quot;Novo&quot; ao lado direito do campo dom\u00ednio. Para visualizar\/editar os dom\u00ednios cadastradas basta clicar no bot\u00e3o &quot;Novo&quot; -&gt; Listagem geral.<br \/>\n<a name=\"prioridade\"><\/a><br \/>\n<u>Prioridade de Resposta<\/u>: o OcoMon vincula os locais a n\u00edveis de SLA. Dessa forma \u00e9 poss\u00edvel priorizar o atendimento a locais considerados mais cr\u00edticos dentro da organiza\u00e7\u00e3o. Ex: O n\u00edvel de atendimento para o local Almoxarifado deve ser maior do que para o local Diretoria (quanto menor o n\u00edvel mais urgente ele \u00e9).<br \/>\nPara criar\/editar n\u00edveis de prioridade \u00e9 necess\u00e1rio acessar: Admin -&gt; Ocorr\u00eancias -&gt; <a class=\"wiki_link\" href=\"..\/manual-prioridades\">Prioridades<\/a><br \/>\n<br \/>\n<u>Campo Status<\/u>: esse campo s\u00f3 \u00e9 vis\u00edvel na op\u00e7\u00e3o de edi\u00e7\u00e3o do local. \u00c9 utilizado para definir se o local continua v\u00e1lido no sistema.\n    <\/div>\n  <br\/><a href=\"..\/manual\">&lt;&lt; Voltar para o \u00edndice do manual<\/a><\/body>\n<\/html><\/div><\/div><\/div><\/div><\/div>","protected":false},"excerpt":{"rendered":"<p>ocomonphp &raquo; locais Locais (admin -&gt; Locais) No OcoMon todo chamado aberto ou equipamento cadastrado \u00e9 associado a um local. [&hellip;]<\/p>\n","protected":false},"author":1,"featured_media":0,"parent":0,"menu_order":0,"comment_status":"closed","ping_status":"closed","template":"page-templates\/full-width.php","meta":{"_bbp_topic_count":0,"_bbp_reply_count":0,"_bbp_total_topic_count":0,"_bbp_total_reply_count":0,"_bbp_voice_count":0,"_bbp_anonymous_reply_count":0,"_bbp_topic_count_hidden":0,"_bbp_reply_count_hidden":0,"_bbp_forum_subforum_count":0,"footnotes":""},"class_list":["post-1100","page","type-page","status-publish","hentry"],"_links":{"self":[{"href":"https:\/\/ocomon.com.br\/site\/wp-json\/wp\/v2\/pages\/1100","targetHints":{"allow":["GET"]}}],"collection":[{"href":"https:\/\/ocomon.com.br\/site\/wp-json\/wp\/v2\/pages"}],"about":[{"href":"https:\/\/ocomon.com.br\/site\/wp-json\/wp\/v2\/types\/page"}],"author":[{"embeddable":true,"href":"https:\/\/ocomon.com.br\/site\/wp-json\/wp\/v2\/users\/1"}],"replies":[{"embeddable":true,"href":"https:\/\/ocomon.com.br\/site\/wp-json\/wp\/v2\/comments?post=1100"}],"version-history":[{"count":2,"href":"https:\/\/ocomon.com.br\/site\/wp-json\/wp\/v2\/pages\/1100\/revisions"}],"predecessor-version":[{"id":1102,"href":"https:\/\/ocomon.com.br\/site\/wp-json\/wp\/v2\/pages\/1100\/revisions\/1102"}],"wp:attachment":[{"href":"https:\/\/ocomon.com.br\/site\/wp-json\/wp\/v2\/media?parent=1100"}],"curies":[{"name":"wp","href":"https:\/\/api.w.org\/{rel}","templated":true}]}}