{"id":1097,"date":"2020-06-19T10:36:52","date_gmt":"2020-06-19T13:36:52","guid":{"rendered":"https:\/\/ocomon.com.br\/site\/?page_id=1097"},"modified":"2020-06-19T10:36:52","modified_gmt":"2020-06-19T13:36:52","slug":"manual-adm-softwares","status":"publish","type":"page","link":"https:\/\/ocomon.com.br\/site\/manual-adm-softwares\/","title":{"rendered":"Manual: Admin: Invent\u00e1rio: Softwares"},"content":{"rendered":"<div id=\"pl-1097\"  class=\"panel-layout\" ><div id=\"pg-1097-0\"  class=\"panel-grid panel-no-style\" ><div id=\"pgc-1097-0-0\"  class=\"panel-grid-cell\" ><div id=\"panel-1097-0-0-0\" class=\"widget_text so-panel widget widget_custom_html panel-first-child panel-last-child\" data-index=\"0\" ><div class=\"textwidget custom-html-widget\"><html>\n  <head>\n    <title>ocomonphp &raquo; adm-softwares<\/title>\n    <link rel=\"stylesheet\" href=\"static\/style.css\" type=\"text\/css\" \/>\n    <meta http-equiv=\"Content-Type\" content=\"text\/html;charset=UTF-8\">\n  <\/head>\n  <body>\n    <div class=\"wiki\" id=\"content_view\" style=\"display: block;\">\n<strong>Softwares<\/strong> (Admin -&gt; Invent\u00e1rio -&gt; Softwares)<br \/>\n<br \/>\nO OcoMon permite um controle simples de licen\u00e7as de software. Atrav\u00e9s dessa tela \u00e9 poss\u00edvel visualizar e cadastrar softwares no sistema.<br \/>\n<br \/>\nTodos os softwares cadastrados podem ser vincalos a um equipamento. Para isso, basta acessar o menu superior na <a class=\"wiki_link\" href=\"..\/manual-equipamento-detalhes\">tela de detalhes do equipamento<\/a>. A cada equipamento que um software for vinculado o sistema atualizar\u00e1 a listagem de softwares dispon\u00edveis.<br \/>\n<br \/>\nAl\u00e9m do cadastro simples de softwares, o OcoMon permite que seja criada uma lista com uma listagem padr\u00e3o de softwares, dessa forma \u00e9 poss\u00edvel associar diretamente a lista de softwares a um equipamento sem a necessidade de adicion\u00e1-los um a um.\n    <\/div>\n  <br\/><a href=\"..\/manual\">&lt;&lt; Voltar para o \u00edndice do manual<\/a><\/body>\n<\/html><\/div><\/div><\/div><\/div><\/div>","protected":false},"excerpt":{"rendered":"<p>ocomonphp &raquo; adm-softwares Softwares (Admin -&gt; Invent\u00e1rio -&gt; Softwares) O OcoMon permite um controle simples de licen\u00e7as de software. Atrav\u00e9s [&hellip;]<\/p>\n","protected":false},"author":1,"featured_media":0,"parent":0,"menu_order":0,"comment_status":"closed","ping_status":"closed","template":"page-templates\/full-width.php","meta":{"_bbp_topic_count":0,"_bbp_reply_count":0,"_bbp_total_topic_count":0,"_bbp_total_reply_count":0,"_bbp_voice_count":0,"_bbp_anonymous_reply_count":0,"_bbp_topic_count_hidden":0,"_bbp_reply_count_hidden":0,"_bbp_forum_subforum_count":0,"footnotes":""},"class_list":["post-1097","page","type-page","status-publish","hentry"],"_links":{"self":[{"href":"https:\/\/ocomon.com.br\/site\/wp-json\/wp\/v2\/pages\/1097","targetHints":{"allow":["GET"]}}],"collection":[{"href":"https:\/\/ocomon.com.br\/site\/wp-json\/wp\/v2\/pages"}],"about":[{"href":"https:\/\/ocomon.com.br\/site\/wp-json\/wp\/v2\/types\/page"}],"author":[{"embeddable":true,"href":"https:\/\/ocomon.com.br\/site\/wp-json\/wp\/v2\/users\/1"}],"replies":[{"embeddable":true,"href":"https:\/\/ocomon.com.br\/site\/wp-json\/wp\/v2\/comments?post=1097"}],"version-history":[{"count":2,"href":"https:\/\/ocomon.com.br\/site\/wp-json\/wp\/v2\/pages\/1097\/revisions"}],"predecessor-version":[{"id":1099,"href":"https:\/\/ocomon.com.br\/site\/wp-json\/wp\/v2\/pages\/1097\/revisions\/1099"}],"wp:attachment":[{"href":"https:\/\/ocomon.com.br\/site\/wp-json\/wp\/v2\/media?parent=1097"}],"curies":[{"name":"wp","href":"https:\/\/api.w.org\/{rel}","templated":true}]}}