{"id":1094,"date":"2020-06-19T10:35:56","date_gmt":"2020-06-19T13:35:56","guid":{"rendered":"https:\/\/ocomon.com.br\/site\/?page_id=1094"},"modified":"2020-06-19T10:35:56","modified_gmt":"2020-06-19T13:35:56","slug":"manual-adm-garantias","status":"publish","type":"page","link":"https:\/\/ocomon.com.br\/site\/manual-adm-garantias\/","title":{"rendered":"Manual: Admin: Invent\u00e1rio: Garantias"},"content":{"rendered":"<div id=\"pl-1094\"  class=\"panel-layout\" ><div id=\"pg-1094-0\"  class=\"panel-grid panel-no-style\" ><div id=\"pgc-1094-0-0\"  class=\"panel-grid-cell\" ><div id=\"panel-1094-0-0-0\" class=\"widget_text so-panel widget widget_custom_html panel-first-child panel-last-child\" data-index=\"0\" ><div class=\"textwidget custom-html-widget\"><html>\n  <head>\n    <title>ocomonphp &raquo; adm-garantias<\/title>\n    <link rel=\"stylesheet\" href=\"static\/style.css\" type=\"text\/css\" \/>\n    <meta http-equiv=\"Content-Type\" content=\"text\/html;charset=UTF-8\">\n  <\/head>\n  <body>\n    <div class=\"wiki\" id=\"content_view\" style=\"display: block;\">\n<strong>Garantias<\/strong> (Admin -&gt; Invent\u00e1rio -&gt; Garantias)<br \/>\n<br \/>\nA partir dessa tela \u00e9 poss\u00edvel visualizar e cadastrar os tempos (em meses) de garantia para os equipamentos.\n    <\/div>\n  <br\/><a href=\"..\/manual\">&lt;&lt; Voltar para o \u00edndice do manual<\/a><\/body>\n<\/html><\/div><\/div><\/div><\/div><\/div>","protected":false},"excerpt":{"rendered":"<p>ocomonphp &raquo; adm-garantias Garantias (Admin -&gt; Invent\u00e1rio -&gt; Garantias) A partir dessa tela \u00e9 poss\u00edvel visualizar e cadastrar os tempos [&hellip;]<\/p>\n","protected":false},"author":1,"featured_media":0,"parent":0,"menu_order":0,"comment_status":"closed","ping_status":"closed","template":"page-templates\/full-width.php","meta":{"_bbp_topic_count":0,"_bbp_reply_count":0,"_bbp_total_topic_count":0,"_bbp_total_reply_count":0,"_bbp_voice_count":0,"_bbp_anonymous_reply_count":0,"_bbp_topic_count_hidden":0,"_bbp_reply_count_hidden":0,"_bbp_forum_subforum_count":0,"footnotes":""},"class_list":["post-1094","page","type-page","status-publish","hentry"],"_links":{"self":[{"href":"https:\/\/ocomon.com.br\/site\/wp-json\/wp\/v2\/pages\/1094","targetHints":{"allow":["GET"]}}],"collection":[{"href":"https:\/\/ocomon.com.br\/site\/wp-json\/wp\/v2\/pages"}],"about":[{"href":"https:\/\/ocomon.com.br\/site\/wp-json\/wp\/v2\/types\/page"}],"author":[{"embeddable":true,"href":"https:\/\/ocomon.com.br\/site\/wp-json\/wp\/v2\/users\/1"}],"replies":[{"embeddable":true,"href":"https:\/\/ocomon.com.br\/site\/wp-json\/wp\/v2\/comments?post=1094"}],"version-history":[{"count":2,"href":"https:\/\/ocomon.com.br\/site\/wp-json\/wp\/v2\/pages\/1094\/revisions"}],"predecessor-version":[{"id":1096,"href":"https:\/\/ocomon.com.br\/site\/wp-json\/wp\/v2\/pages\/1094\/revisions\/1096"}],"wp:attachment":[{"href":"https:\/\/ocomon.com.br\/site\/wp-json\/wp\/v2\/media?parent=1094"}],"curies":[{"name":"wp","href":"https:\/\/api.w.org\/{rel}","templated":true}]}}