{"id":1082,"date":"2020-06-19T10:31:12","date_gmt":"2020-06-19T13:31:12","guid":{"rendered":"https:\/\/ocomon.com.br\/site\/?page_id=1082"},"modified":"2020-06-19T10:31:12","modified_gmt":"2020-06-19T13:31:12","slug":"manual-adm-componentes","status":"publish","type":"page","link":"https:\/\/ocomon.com.br\/site\/manual-adm-componentes\/","title":{"rendered":"Manual: Admin: Invent\u00e1rio: Componentes"},"content":{"rendered":"<div id=\"pl-1082\"  class=\"panel-layout\" ><div id=\"pg-1082-0\"  class=\"panel-grid panel-no-style\" ><div id=\"pgc-1082-0-0\"  class=\"panel-grid-cell\" ><div id=\"panel-1082-0-0-0\" class=\"widget_text so-panel widget widget_custom_html panel-first-child panel-last-child\" data-index=\"0\" ><div class=\"textwidget custom-html-widget\"><html>\n  <head>\n    <title>ocomonphp &raquo; adm-componentes<\/title>\n    <link rel=\"stylesheet\" href=\"static\/style.css\" type=\"text\/css\" \/>\n    <meta http-equiv=\"Content-Type\" content=\"text\/html;charset=UTF-8\">\n  <\/head>\n  <body>\n    <div class=\"wiki\" id=\"content_view\" style=\"display: block;\">\n<strong>Componentes<\/strong> (Admin -&gt; Inventario -&gt; Componentes)<br \/>\n<br \/>\nEssa tela permite a visualiza\u00e7\u00e3o e cadastro de tipos de <a class=\"wiki_link\" href=\"..\/manual-cadastro-componente-avulso\">componentes avulsos<\/a>.<br \/>\n<br \/>\nNa listagem de tipos de componentes \u00e9 poss\u00edvel clicar em qualquer um dos tipos listados para ter acesso aos respectivos modelos associados. A partir da\u00ed \u00e9 poss\u00edvel tamb\u00e9m cadastrar novos modelos de componentes.\n    <\/div>\n  <br\/><a href=\"..\/manual\">&lt;&lt; Voltar para o \u00edndice do manual<\/a><\/body>\n<\/html><\/div><\/div><\/div><\/div><\/div>","protected":false},"excerpt":{"rendered":"<p>ocomonphp &raquo; adm-componentes Componentes (Admin -&gt; Inventario -&gt; Componentes) Essa tela permite a visualiza\u00e7\u00e3o e cadastro de tipos de componentes [&hellip;]<\/p>\n","protected":false},"author":1,"featured_media":0,"parent":0,"menu_order":0,"comment_status":"closed","ping_status":"closed","template":"page-templates\/full-width.php","meta":{"_bbp_topic_count":0,"_bbp_reply_count":0,"_bbp_total_topic_count":0,"_bbp_total_reply_count":0,"_bbp_voice_count":0,"_bbp_anonymous_reply_count":0,"_bbp_topic_count_hidden":0,"_bbp_reply_count_hidden":0,"_bbp_forum_subforum_count":0,"footnotes":""},"class_list":["post-1082","page","type-page","status-publish","hentry"],"_links":{"self":[{"href":"https:\/\/ocomon.com.br\/site\/wp-json\/wp\/v2\/pages\/1082","targetHints":{"allow":["GET"]}}],"collection":[{"href":"https:\/\/ocomon.com.br\/site\/wp-json\/wp\/v2\/pages"}],"about":[{"href":"https:\/\/ocomon.com.br\/site\/wp-json\/wp\/v2\/types\/page"}],"author":[{"embeddable":true,"href":"https:\/\/ocomon.com.br\/site\/wp-json\/wp\/v2\/users\/1"}],"replies":[{"embeddable":true,"href":"https:\/\/ocomon.com.br\/site\/wp-json\/wp\/v2\/comments?post=1082"}],"version-history":[{"count":2,"href":"https:\/\/ocomon.com.br\/site\/wp-json\/wp\/v2\/pages\/1082\/revisions"}],"predecessor-version":[{"id":1084,"href":"https:\/\/ocomon.com.br\/site\/wp-json\/wp\/v2\/pages\/1082\/revisions\/1084"}],"wp:attachment":[{"href":"https:\/\/ocomon.com.br\/site\/wp-json\/wp\/v2\/media?parent=1082"}],"curies":[{"name":"wp","href":"https:\/\/api.w.org\/{rel}","templated":true}]}}