{"id":1077,"date":"2020-06-19T10:28:41","date_gmt":"2020-06-19T13:28:41","guid":{"rendered":"https:\/\/ocomon.com.br\/site\/?page_id=1077"},"modified":"2020-06-19T10:29:43","modified_gmt":"2020-06-19T13:29:43","slug":"manual-adm-equipamentos","status":"publish","type":"page","link":"https:\/\/ocomon.com.br\/site\/manual-adm-equipamentos\/","title":{"rendered":"Manual: Admin: Invent\u00e1rio: Equipamentos"},"content":{"rendered":"<div id=\"pl-1077\"  class=\"panel-layout\" ><div id=\"pg-1077-0\"  class=\"panel-grid panel-no-style\" ><div id=\"pgc-1077-0-0\"  class=\"panel-grid-cell\" ><div id=\"panel-1077-0-0-0\" class=\"widget_text so-panel widget widget_custom_html panel-first-child panel-last-child\" data-index=\"0\" ><div class=\"textwidget custom-html-widget\"><html>\n  <head>\n    <title>ocomonphp &raquo; adm-equipamentos<\/title>\n    <link rel=\"stylesheet\" href=\"static\/style.css\" type=\"text\/css\" \/>\n    <meta http-equiv=\"Content-Type\" content=\"text\/html;charset=UTF-8\">\n  <\/head>\n  <body>\n    <div class=\"wiki\" id=\"content_view\" style=\"display: block;\">\n<strong>Equipamentos<\/strong> (Admin -&gt; Invent\u00e1rio -&gt; Equipamentos)<br \/>\n<br \/>\nNessa tela \u00e9 poss\u00edvel visualizar e cadastrar tipos de equipamentos.<br \/>\n<br \/>\nExemplo de tipos de equipamentos: computador pc, notebook, impressora, switch, access point, etc..\n    <\/div>\n  <br\/><a href=\"..\/manual\">&lt;&lt; Voltar para o \u00edndice do manual<\/a><\/body>\n<\/html><\/div><\/div><\/div><\/div><\/div>","protected":false},"excerpt":{"rendered":"<p>ocomonphp &raquo; adm-equipamentos Equipamentos (Admin -&gt; Invent\u00e1rio -&gt; Equipamentos) Nessa tela \u00e9 poss\u00edvel visualizar e cadastrar tipos de equipamentos. Exemplo [&hellip;]<\/p>\n","protected":false},"author":1,"featured_media":0,"parent":0,"menu_order":0,"comment_status":"closed","ping_status":"closed","template":"page-templates\/full-width.php","meta":{"_bbp_topic_count":0,"_bbp_reply_count":0,"_bbp_total_topic_count":0,"_bbp_total_reply_count":0,"_bbp_voice_count":0,"_bbp_anonymous_reply_count":0,"_bbp_topic_count_hidden":0,"_bbp_reply_count_hidden":0,"_bbp_forum_subforum_count":0,"footnotes":""},"class_list":["post-1077","page","type-page","status-publish","hentry"],"_links":{"self":[{"href":"https:\/\/ocomon.com.br\/site\/wp-json\/wp\/v2\/pages\/1077","targetHints":{"allow":["GET"]}}],"collection":[{"href":"https:\/\/ocomon.com.br\/site\/wp-json\/wp\/v2\/pages"}],"about":[{"href":"https:\/\/ocomon.com.br\/site\/wp-json\/wp\/v2\/types\/page"}],"author":[{"embeddable":true,"href":"https:\/\/ocomon.com.br\/site\/wp-json\/wp\/v2\/users\/1"}],"replies":[{"embeddable":true,"href":"https:\/\/ocomon.com.br\/site\/wp-json\/wp\/v2\/comments?post=1077"}],"version-history":[{"count":4,"href":"https:\/\/ocomon.com.br\/site\/wp-json\/wp\/v2\/pages\/1077\/revisions"}],"predecessor-version":[{"id":1081,"href":"https:\/\/ocomon.com.br\/site\/wp-json\/wp\/v2\/pages\/1077\/revisions\/1081"}],"wp:attachment":[{"href":"https:\/\/ocomon.com.br\/site\/wp-json\/wp\/v2\/media?parent=1077"}],"curies":[{"name":"wp","href":"https:\/\/api.w.org\/{rel}","templated":true}]}}