{"id":1074,"date":"2020-06-19T10:27:13","date_gmt":"2020-06-19T13:27:13","guid":{"rendered":"https:\/\/ocomon.com.br\/site\/?page_id=1074"},"modified":"2020-06-19T10:27:13","modified_gmt":"2020-06-19T13:27:13","slug":"manual-listas-distribuicao","status":"publish","type":"page","link":"https:\/\/ocomon.com.br\/site\/manual-listas-distribuicao\/","title":{"rendered":"Manual: Listas de distribui\u00e7\u00e3o"},"content":{"rendered":"<div id=\"pl-1074\"  class=\"panel-layout\" ><div id=\"pg-1074-0\"  class=\"panel-grid panel-no-style\" ><div id=\"pgc-1074-0-0\"  class=\"panel-grid-cell\" ><div id=\"panel-1074-0-0-0\" class=\"widget_text so-panel widget widget_custom_html panel-first-child panel-last-child\" data-index=\"0\" ><div class=\"textwidget custom-html-widget\"><html>\n  <head>\n    <title>ocomonphp &raquo; listas-distribuicao<\/title>\n    <link rel=\"stylesheet\" href=\"static\/style.css\" type=\"text\/css\" \/>\n    <meta http-equiv=\"Content-Type\" content=\"text\/html;charset=UTF-8\">\n  <\/head>\n  <body>\n    <div class=\"wiki\" id=\"content_view\" style=\"display: block;\">\n<strong>Listas de Distribui\u00e7\u00e3o<\/strong> (Admin -&gt; Ocorr\u00eancias -&gt; Listas de Distribui\u00e7\u00e3o)<br \/>\n<br \/>\nO OcoMon permite a cri\u00e7\u00e3o de listagem de endere\u00e7os de e-mails pr\u00e9-cadastrados e agrupados de acordo com contextos de cada ambiente. Essas listagens s\u00e3o \u00fateis para o caso de envio de e-mails para grupos espec\u00edficos de destinat\u00e1rios, agilizando o envio.<br \/>\n<br \/>\nCampos para edi\u00e7\u00e3o:<br \/>\n<br \/>\n<strong>Sigla<\/strong>: aqui deve ser colocada uma sigla ou abrevia\u00e7\u00e3o que servir\u00e1 para identificar\/nomear o conjunto de endere\u00e7os de e-mail.<br \/>\n<br \/>\n<strong>Assunto<\/strong>: \u00e9 equipamente ao campo &quot;subject&quot; do formul\u00e1rio de e-mail, ou seja, ser\u00e1 o assunto da mensagem de e-mail enviada. No envio de e-mails atrav\u00e9s dos templates, esse campo ser\u00e1 concatenado ao campo assunto do modelo de e-mail selecionado.<br \/>\n<br \/>\n<strong>Para<\/strong>: aqui devem ser digitados os endere\u00e7os de e-mail da listagem. Os endere\u00e7os devem ser digitados separados por v\u00edrgula. Esse campo \u00e9 equivalente ao campo &quot;para&quot; do formul\u00e1rio de e-mail.<br \/>\n<br \/>\n<strong>Com c\u00f3pia<\/strong>: aqui devem ser digitados os endere\u00e7os de e-mail que receber\u00e3o a c\u00f3pia da mensagem. Os endere\u00e7os devem ser digitados separados por v\u00edrgula. Esse campo \u00e9 equipamente ao campo &quot;CC&quot; do formul\u00e1rio de e-mail.<br \/>\n<br \/>\nAs listas criadas poder\u00e3o ser selecionadas no formul\u00e1rio de envio de e-mail acess\u00edvel na tela de <a class=\"wiki_link\" href=\"..\/manual-oco-detalhes#archor-enviar-email\">detalhes das ocorr\u00eancias<\/a>.\n    <\/div>\n  <br\/><a href=\"..\/manual\">&lt;&lt; Voltar para o \u00edndice do manual<\/a><\/body>\n<\/html><\/div><\/div><\/div><\/div><\/div>","protected":false},"excerpt":{"rendered":"<p>ocomonphp &raquo; listas-distribuicao Listas de Distribui\u00e7\u00e3o (Admin -&gt; Ocorr\u00eancias -&gt; Listas de Distribui\u00e7\u00e3o) O OcoMon permite a cri\u00e7\u00e3o de listagem [&hellip;]<\/p>\n","protected":false},"author":1,"featured_media":0,"parent":0,"menu_order":0,"comment_status":"closed","ping_status":"closed","template":"page-templates\/full-width.php","meta":{"_bbp_topic_count":0,"_bbp_reply_count":0,"_bbp_total_topic_count":0,"_bbp_total_reply_count":0,"_bbp_voice_count":0,"_bbp_anonymous_reply_count":0,"_bbp_topic_count_hidden":0,"_bbp_reply_count_hidden":0,"_bbp_forum_subforum_count":0,"footnotes":""},"class_list":["post-1074","page","type-page","status-publish","hentry"],"_links":{"self":[{"href":"https:\/\/ocomon.com.br\/site\/wp-json\/wp\/v2\/pages\/1074","targetHints":{"allow":["GET"]}}],"collection":[{"href":"https:\/\/ocomon.com.br\/site\/wp-json\/wp\/v2\/pages"}],"about":[{"href":"https:\/\/ocomon.com.br\/site\/wp-json\/wp\/v2\/types\/page"}],"author":[{"embeddable":true,"href":"https:\/\/ocomon.com.br\/site\/wp-json\/wp\/v2\/users\/1"}],"replies":[{"embeddable":true,"href":"https:\/\/ocomon.com.br\/site\/wp-json\/wp\/v2\/comments?post=1074"}],"version-history":[{"count":2,"href":"https:\/\/ocomon.com.br\/site\/wp-json\/wp\/v2\/pages\/1074\/revisions"}],"predecessor-version":[{"id":1076,"href":"https:\/\/ocomon.com.br\/site\/wp-json\/wp\/v2\/pages\/1074\/revisions\/1076"}],"wp:attachment":[{"href":"https:\/\/ocomon.com.br\/site\/wp-json\/wp\/v2\/media?parent=1074"}],"curies":[{"name":"wp","href":"https:\/\/api.w.org\/{rel}","templated":true}]}}