{"id":1071,"date":"2020-06-19T10:25:51","date_gmt":"2020-06-19T13:25:51","guid":{"rendered":"https:\/\/ocomon.com.br\/site\/?page_id=1071"},"modified":"2020-06-19T10:26:07","modified_gmt":"2020-06-19T13:26:07","slug":"manual-email-templates","status":"publish","type":"page","link":"https:\/\/ocomon.com.br\/site\/manual-email-templates\/","title":{"rendered":"Manual: E-mail &#8211; Templates"},"content":{"rendered":"<div id=\"pl-1071\"  class=\"panel-layout\" ><div id=\"pg-1071-0\"  class=\"panel-grid panel-no-style\" ><div id=\"pgc-1071-0-0\"  class=\"panel-grid-cell\" ><div id=\"panel-1071-0-0-0\" class=\"widget_text so-panel widget widget_custom_html panel-first-child panel-last-child\" data-index=\"0\" ><div class=\"textwidget custom-html-widget\"><html>\n  <head>\n    <title>ocomonphp &raquo; email-templates<\/title>\n    <link rel=\"stylesheet\" href=\"static\/style.css\" type=\"text\/css\" \/>\n    <meta http-equiv=\"Content-Type\" content=\"text\/html;charset=UTF-8\">\n  <\/head>\n  <body>\n    <div class=\"wiki\" id=\"content_view\" style=\"display: block;\">\n<strong>Cadastro e edi\u00e7\u00e3o de templates de e-mails<\/strong> (Admin -&gt; Ocorr\u00eancias -&gt; E-mail templates)<br \/>\n<br \/>\nO OcoMon permite a cria\u00e7\u00e3o de modelos de mensagens para serem enviadas por e-mail atrav\u00e9s da <a class=\"wiki_link\" href=\"..\/manual-oco-detalhes#archor-enviar-email\">tela de detalhes das ocorr\u00eancias<\/a>. Esses modelos s\u00e3o \u00fateis para manter a padroniza\u00e7\u00e3o das mensagens enviadas aos usu\u00e1rios para cada tipo espec\u00edfico de situa\u00e7\u00e3o.<br \/>\n<br \/>\nOs campos para cadastro s\u00e3o:<br \/>\n<br \/>\n<u>Sigla<\/u>: aqui deve ser definida uma sigla ou abreviatura para o modelo. Essa sigla \u00e9 apenas um identificador para o modelo.<br \/>\n<br \/>\n<u>Assunto<\/u>: aqui deve ser definido o assunto do modelo. Aqui o campo &quot;assunto&quot; corresponde ao campo &quot;assunto&quot; ou subject no formul\u00e1rio de e-mail.<br \/>\n<br \/>\n<u>Mensagem<\/u>: aqui deve ser colocada a mensagem propriamente dita, ou seja, \u00e9 o texto de e-mail a ser enviado.<br \/>\n<br \/>\n<strong>Novo:<\/strong> A partir da vers\u00e3o 2.0RC5, \u00e9 poss\u00edvel utilizar vari\u00e1veis de ambiente dentro dos templates criados, dessa forma diversas informa\u00e7\u00f5es sobre os chamados ser\u00e3o preenchidas automaticamente pelo sistema.<br \/>\n<br \/>\n<u>As vari\u00e1veis poss\u00edveis s\u00e3o:<\/u><br \/>\nN\u00famero do chamado: %numero%<br \/>\nPatrim\u00f4nio do equipamento: %patrimonio%<br \/>\nData de Abertura: %data_abertura%<br \/>\nURL Global: %url%<br \/>\nStatus do chamado: %status%<br \/>\nUsu\u00e1rio: %usuario%<br \/>\nContato: %contato%<br \/>\nDescri\u00e7ao do chamado: %descricao%<br \/>\nSetor origem do chamado: %setor%<br \/>\nRamal: %ramal%<br \/>\n\u00c1rea t\u00e9cnica respons\u00e1vel pelo chamado: %area%<br \/>\nOperador: %operador%<br \/>\nQuem abriu o chamado no sistema: %aberto_por%<br \/>\nProblema: %problema%<br \/>\nVers\u00e3o do OcoMon: %versao%<br \/>\nURL para acesso ao OcoMon: %site%\n    <\/div>\n  <br\/><a href=\"..\/manual\">&lt;&lt; Voltar para o \u00edndice do manual<\/a><\/body>\n<\/html><\/div><\/div><\/div><\/div><\/div>","protected":false},"excerpt":{"rendered":"<p>ocomonphp &raquo; email-templates Cadastro e edi\u00e7\u00e3o de templates de e-mails (Admin -&gt; Ocorr\u00eancias -&gt; E-mail templates) O OcoMon permite a [&hellip;]<\/p>\n","protected":false},"author":1,"featured_media":0,"parent":0,"menu_order":0,"comment_status":"closed","ping_status":"closed","template":"page-templates\/full-width.php","meta":{"_bbp_topic_count":0,"_bbp_reply_count":0,"_bbp_total_topic_count":0,"_bbp_total_reply_count":0,"_bbp_voice_count":0,"_bbp_anonymous_reply_count":0,"_bbp_topic_count_hidden":0,"_bbp_reply_count_hidden":0,"_bbp_forum_subforum_count":0,"footnotes":""},"class_list":["post-1071","page","type-page","status-publish","hentry"],"_links":{"self":[{"href":"https:\/\/ocomon.com.br\/site\/wp-json\/wp\/v2\/pages\/1071","targetHints":{"allow":["GET"]}}],"collection":[{"href":"https:\/\/ocomon.com.br\/site\/wp-json\/wp\/v2\/pages"}],"about":[{"href":"https:\/\/ocomon.com.br\/site\/wp-json\/wp\/v2\/types\/page"}],"author":[{"embeddable":true,"href":"https:\/\/ocomon.com.br\/site\/wp-json\/wp\/v2\/users\/1"}],"replies":[{"embeddable":true,"href":"https:\/\/ocomon.com.br\/site\/wp-json\/wp\/v2\/comments?post=1071"}],"version-history":[{"count":2,"href":"https:\/\/ocomon.com.br\/site\/wp-json\/wp\/v2\/pages\/1071\/revisions"}],"predecessor-version":[{"id":1073,"href":"https:\/\/ocomon.com.br\/site\/wp-json\/wp\/v2\/pages\/1071\/revisions\/1073"}],"wp:attachment":[{"href":"https:\/\/ocomon.com.br\/site\/wp-json\/wp\/v2\/media?parent=1071"}],"curies":[{"name":"wp","href":"https:\/\/api.w.org\/{rel}","templated":true}]}}