{"id":1065,"date":"2020-06-19T10:22:10","date_gmt":"2020-06-19T13:22:10","guid":{"rendered":"https:\/\/ocomon.com.br\/site\/?page_id=1065"},"modified":"2020-06-19T10:22:10","modified_gmt":"2020-06-19T13:22:10","slug":"manual-adm-solucoes","status":"publish","type":"page","link":"https:\/\/ocomon.com.br\/site\/manual-adm-solucoes\/","title":{"rendered":"Manual: Administra\u00e7\u00e3o de Solu\u00e7\u00f5es"},"content":{"rendered":"<div id=\"pl-1065\"  class=\"panel-layout\" ><div id=\"pg-1065-0\"  class=\"panel-grid panel-no-style\" ><div id=\"pgc-1065-0-0\"  class=\"panel-grid-cell\" ><div id=\"panel-1065-0-0-0\" class=\"widget_text so-panel widget widget_custom_html panel-first-child panel-last-child\" data-index=\"0\" ><div class=\"textwidget custom-html-widget\"><html>\n  <head>\n    <title>ocomonphp &raquo; adm-solucoes<\/title>\n    <link rel=\"stylesheet\" href=\"static\/style.css\" type=\"text\/css\" \/>\n    <meta http-equiv=\"Content-Type\" content=\"text\/html;charset=UTF-8\">\n  <\/head>\n  <body>\n    <div class=\"wiki\" id=\"content_view\" style=\"display: block;\">\n<strong>Solu\u00e7\u00f5es<\/strong> (Admin -&gt; Ocorr\u00eancias -&gt; Solu\u00e7\u00f5es)<br \/>\n<br \/>\nEssa fun\u00e7\u00e3o ainda est\u00e1 sendo implementada no OcoMon (vers\u00e3o 2.0rc3). A id\u00e9ia \u00e9 cadastrar scripts de solu\u00e7\u00f5es para serem associados aos chamados no momento de seu encerramento no sistema.\n    <\/div>\n  <br\/><a href=\"..\/manual\">&lt;&lt; Voltar para o \u00edndice do manual<\/a><\/body>\n<\/html><\/div><\/div><\/div><\/div><\/div>","protected":false},"excerpt":{"rendered":"<p>ocomonphp &raquo; adm-solucoes Solu\u00e7\u00f5es (Admin -&gt; Ocorr\u00eancias -&gt; Solu\u00e7\u00f5es) Essa fun\u00e7\u00e3o ainda est\u00e1 sendo implementada no OcoMon (vers\u00e3o 2.0rc3). A [&hellip;]<\/p>\n","protected":false},"author":1,"featured_media":0,"parent":0,"menu_order":0,"comment_status":"closed","ping_status":"closed","template":"page-templates\/full-width.php","meta":{"_bbp_topic_count":0,"_bbp_reply_count":0,"_bbp_total_topic_count":0,"_bbp_total_reply_count":0,"_bbp_voice_count":0,"_bbp_anonymous_reply_count":0,"_bbp_topic_count_hidden":0,"_bbp_reply_count_hidden":0,"_bbp_forum_subforum_count":0,"footnotes":""},"class_list":["post-1065","page","type-page","status-publish","hentry"],"_links":{"self":[{"href":"https:\/\/ocomon.com.br\/site\/wp-json\/wp\/v2\/pages\/1065","targetHints":{"allow":["GET"]}}],"collection":[{"href":"https:\/\/ocomon.com.br\/site\/wp-json\/wp\/v2\/pages"}],"about":[{"href":"https:\/\/ocomon.com.br\/site\/wp-json\/wp\/v2\/types\/page"}],"author":[{"embeddable":true,"href":"https:\/\/ocomon.com.br\/site\/wp-json\/wp\/v2\/users\/1"}],"replies":[{"embeddable":true,"href":"https:\/\/ocomon.com.br\/site\/wp-json\/wp\/v2\/comments?post=1065"}],"version-history":[{"count":2,"href":"https:\/\/ocomon.com.br\/site\/wp-json\/wp\/v2\/pages\/1065\/revisions"}],"predecessor-version":[{"id":1067,"href":"https:\/\/ocomon.com.br\/site\/wp-json\/wp\/v2\/pages\/1065\/revisions\/1067"}],"wp:attachment":[{"href":"https:\/\/ocomon.com.br\/site\/wp-json\/wp\/v2\/media?parent=1065"}],"curies":[{"name":"wp","href":"https:\/\/api.w.org\/{rel}","templated":true}]}}