{"id":1062,"date":"2020-06-19T10:19:13","date_gmt":"2020-06-19T13:19:13","guid":{"rendered":"https:\/\/ocomon.com.br\/site\/?page_id=1062"},"modified":"2020-06-19T10:19:13","modified_gmt":"2020-06-19T13:19:13","slug":"manual-feriados","status":"publish","type":"page","link":"https:\/\/ocomon.com.br\/site\/manual-feriados\/","title":{"rendered":"Manual: Feriados"},"content":{"rendered":"<div id=\"pl-1062\"  class=\"panel-layout\" ><div id=\"pg-1062-0\"  class=\"panel-grid panel-no-style\" ><div id=\"pgc-1062-0-0\"  class=\"panel-grid-cell\" ><div id=\"panel-1062-0-0-0\" class=\"widget_text so-panel widget widget_custom_html panel-first-child panel-last-child\" data-index=\"0\" ><div class=\"textwidget custom-html-widget\"><html>\n  <head>\n    <title>ocomonphp &raquo; feriados<\/title>\n    <link rel=\"stylesheet\" href=\"static\/style.css\" type=\"text\/css\" \/>\n    <meta http-equiv=\"Content-Type\" content=\"text\/html;charset=UTF-8\">\n  <\/head>\n  <body>\n    <div class=\"wiki\" id=\"content_view\" style=\"display: block;\">\n<strong>Feriados<\/strong> (Admin -&gt; Ocorr\u00eancias -&gt; Feriados)<br \/>\n<br \/>\nO OcoMon permite o cadastramento de feriados no sistema, desta forma, possibilita o desconto do tempo correspondente a essas datas na consolida\u00e7\u00e3o dos <a class=\"wiki_link\" href=\"..\/manual-relatorios#sla\">SLAs<\/a>.<br \/>\n<br \/>\nAo cadastrar um feriado \u00e9 poss\u00edvel marc\u00e1-lo como permanente ou n\u00e3o. Feriados permanentes s\u00e3o recorrentes (anualmente) no sistema, n\u00e3o sendo necess\u00e1rio cadastr\u00e1-los novamente a cada ano. Feriados que n\u00e3o forem marcados como permanentes ser\u00e3o v\u00e1lidos apenas para o ano especificado no cadastro do mesmo.\n    <\/div>\n  <br\/><a href=\"..\/manual\">&lt;&lt; Voltar para o \u00edndice do manual<\/a><\/body>\n<\/html><\/div><\/div><\/div><\/div><\/div>","protected":false},"excerpt":{"rendered":"<p>ocomonphp &raquo; feriados Feriados (Admin -&gt; Ocorr\u00eancias -&gt; Feriados) O OcoMon permite o cadastramento de feriados no sistema, desta forma, [&hellip;]<\/p>\n","protected":false},"author":1,"featured_media":0,"parent":0,"menu_order":0,"comment_status":"closed","ping_status":"closed","template":"page-templates\/full-width.php","meta":{"_bbp_topic_count":0,"_bbp_reply_count":0,"_bbp_total_topic_count":0,"_bbp_total_reply_count":0,"_bbp_voice_count":0,"_bbp_anonymous_reply_count":0,"_bbp_topic_count_hidden":0,"_bbp_reply_count_hidden":0,"_bbp_forum_subforum_count":0,"footnotes":""},"class_list":["post-1062","page","type-page","status-publish","hentry"],"_links":{"self":[{"href":"https:\/\/ocomon.com.br\/site\/wp-json\/wp\/v2\/pages\/1062","targetHints":{"allow":["GET"]}}],"collection":[{"href":"https:\/\/ocomon.com.br\/site\/wp-json\/wp\/v2\/pages"}],"about":[{"href":"https:\/\/ocomon.com.br\/site\/wp-json\/wp\/v2\/types\/page"}],"author":[{"embeddable":true,"href":"https:\/\/ocomon.com.br\/site\/wp-json\/wp\/v2\/users\/1"}],"replies":[{"embeddable":true,"href":"https:\/\/ocomon.com.br\/site\/wp-json\/wp\/v2\/comments?post=1062"}],"version-history":[{"count":2,"href":"https:\/\/ocomon.com.br\/site\/wp-json\/wp\/v2\/pages\/1062\/revisions"}],"predecessor-version":[{"id":1064,"href":"https:\/\/ocomon.com.br\/site\/wp-json\/wp\/v2\/pages\/1062\/revisions\/1064"}],"wp:attachment":[{"href":"https:\/\/ocomon.com.br\/site\/wp-json\/wp\/v2\/media?parent=1062"}],"curies":[{"name":"wp","href":"https:\/\/api.w.org\/{rel}","templated":true}]}}