{"id":1042,"date":"2020-06-19T10:04:16","date_gmt":"2020-06-19T13:04:16","guid":{"rendered":"https:\/\/ocomon.com.br\/site\/?page_id=1042"},"modified":"2020-06-19T10:04:16","modified_gmt":"2020-06-19T13:04:16","slug":"manual-email-mensagens","status":"publish","type":"page","link":"https:\/\/ocomon.com.br\/site\/manual-email-mensagens\/","title":{"rendered":"Manual: E-mail &#8211; Mensagens"},"content":{"rendered":"<div id=\"pl-1042\"  class=\"panel-layout\" ><div id=\"pg-1042-0\"  class=\"panel-grid panel-no-style\" ><div id=\"pgc-1042-0-0\"  class=\"panel-grid-cell\" ><div id=\"panel-1042-0-0-0\" class=\"widget_text so-panel widget widget_custom_html panel-first-child panel-last-child\" data-index=\"0\" ><div class=\"textwidget custom-html-widget\"><html>\n  <head>\n    <title>ocomonphp &raquo; email-mensagens<\/title>\n    <link rel=\"stylesheet\" href=\"static\/style.css\" type=\"text\/css\" \/>\n    <meta http-equiv=\"Content-Type\" content=\"text\/html;charset=UTF-8\">\n  <\/head>\n  <body>\n    <div class=\"wiki\" id=\"content_view\" style=\"display: block;\">\n<strong>Configura\u00e7\u00e3o de mensagens para envio de e-mail pelo Ocomon<\/strong> (Admin -&gt; Configura\u00e7\u00f5es -&gt; E-mail-Mensagens)<br \/>\n<br \/>\nVoc\u00ea pode customizar as mensagens de e-mail, enviadas de forma <strong>autom\u00e1tica<\/strong> pelo Ocomon, em qualquer um dos eventos espec\u00edficos do sistema:<br \/>\n<br \/>\n<strong>Os eventos poss\u00edveis s\u00e3o:<\/strong><br \/>\n<br \/>\n<br \/>\n<u>abertura-para-usuario<\/u>: E-mail enviado para o usu\u00e1rio-final no momento em que um chamado \u00e9 aberto no sistema;<br \/>\n<br \/>\n<u>abertura-para-area<\/u>: E-mail enviado para a \u00e1rea de atendimento no momento em que um chamado \u00e9 aberto no sistema;<br \/>\n<br \/>\n<u>encerra-para-area<\/u>: E-mail enviado para a \u00e1rea de atendimento no momento em que o um chamado \u00e9 encerrado no sistema;<br \/>\n<br \/>\n<u>encerra-para-usuario<\/u>: E-mail enviado para o usu\u00e1rio-final no momento em que o um chamado \u00e9 encerrado no sistema;<br \/>\n<br \/>\n<u>edita-para-area<\/u>: E-mail enviado para a \u00e1rea de atendimento no momento em que o um chamado \u00e9 editado no sistema;<br \/>\n<br \/>\n<u>edita-para-usuario<\/u>: E-mail enviado para o usu\u00e1rio-final no momento em que o um chamado \u00e9 editado no sistema;<br \/>\n<br \/>\n<u>edita-para-operador<\/u>: E-mail enviado para o operador\/t\u00e9cnico no momento em que o um chamado \u00e9 editado no sistema;<br \/>\n<br \/>\n<u>cadastro-usuario<\/u>: E-mail enviado para o usu\u00e1rio-final para confirma\u00e7\u00e3o de cadastro para abertura de chamados no sistema.<br \/>\n<br \/>\n<u>cadastro-usuario-from-admin<\/u>: E-mail enviado para o usu\u00e1rio-final para confirma\u00e7\u00e3o de cadastro quando o cadastro for confirmado diretamente atrav\u00e9s da interface administrativa do sistema.<br \/>\n<br \/>\n<u>mail-about-warranty<\/u>: E-mail enviado para uma \u00e1rea pr\u00e9-definida informando sobre o vencimento de garantia de equipamentos.<br \/>\n<br \/>\n<u>Abertura-para-operador<\/u>: E-mail enviado para um t\u00e9cnico toda vez que receber um encaminhamento de chamado diretamente na tela de abertura do mesmo.<br \/>\n<br \/>\n<br \/>\n<strong>As op\u00e7\u00f5es de configura\u00e7\u00e3o s\u00e3o:<\/strong><br \/>\n<br \/>\n<u>FROM<\/u>: Ser\u00e1 o &quot;nome&quot; do endere\u00e7o de e-mail que aparecer\u00e1 como remetente da mensagem;<br \/>\n<br \/>\n<u>Responder para<\/u>: endere\u00e7o de resposta do e-mail;<br \/>\n<br \/>\n<u>Assunto<\/u>: ser\u00e1 o campo &quot;assunto&quot; da mensagem enviada;<br \/>\n<br \/>\n<u>Mensagem HTML<\/u>: texto que ser\u00e1 enviado nas mensagens de e-mail se a op\u00e7\u00e3o de conte\u00fado HTML estiver habilitada;<br \/>\n<br \/>\n<u>Mensagem alternativa<\/u>: texto que ser\u00e1 enviado nas mensagens de e-mail se a op\u00e7\u00e3o de conte\u00fado HTML estiver desabilitada.<br \/>\n<br \/>\n<br \/>\n<strong>Voc\u00ea pode utilizar vari\u00e1veis de ambiente para customizar as mensagens de e-mail:<\/strong><br \/>\n<br \/>\nAs vari\u00e1veis poss\u00edveis s\u00e3o:<br \/>\n<br \/>\n%area%: \u00e1rea t\u00e9cnica para atendimento do chamado;<br \/>\n<br \/>\n%assentamento%: assentamento definido durante uma edi\u00e7\u00e3o do chamado;<br \/>\n<br \/>\n%contato%: campo contato;<br \/>\n<br \/>\n%descricao%: campo descri\u00e7\u00e3o do chamado;<br \/>\n<br \/>\n%editor%: usu\u00e1rio logado que est\u00e1 editando um chamado;<br \/>\n<br \/>\n%fornecedor%: fornecedor do equipamento;<br \/>\n<br \/>\n%linkconfirma%: link para confirma\u00e7\u00e3o do auto-cadastro de usu\u00e1rio somente abertura;<br \/>\n<br \/>\n%local%: localiza\u00e7\u00e3o do equipamento (componentes avulsos);<br \/>\n<br \/>\n%login%: s\u00f3 tem valor se for utilizado na mensagem de confirma\u00e7\u00e3o de cadastro;<br \/>\n<br \/>\n%modelo%: modelo do equipamento;<br \/>\n<br \/>\n%notafiscal%: n\u00famero da nota fiscal de compra do equipamento;<br \/>\n<br \/>\n%numero%: n\u00famero do chamado;<br \/>\n<br \/>\n%operador%: operador t\u00e9cnico do chamado;<br \/>\n<br \/>\n%partnumber%: partnumber do componente (para mensagens sobre o vencimento de garantia);<br \/>\n<br \/>\n%problema%: problema classificado para o chamado;<br \/>\n<br \/>\n%ramal%: telefone de contato do usu\u00e1rio que solicitou a abertura do chamado;<br \/>\n<br \/>\n%serial%: n\u00famero de s\u00e9rie do equipamento (at\u00e9 a vers\u00e3o 2.0rc3, apenas de componentes);<br \/>\n<br \/>\n%setor%: local\/departamento do usu\u00e1rio que solicitou a abertura do chamado;<br \/>\n<br \/>\n%site%: endere\u00e7o do sistema Ocomon na sua empresa (definido no arquivo config.inc.php);<br \/>\n<br \/>\n%solucao%: solu\u00e7\u00e3o adotada para o chamado;<br \/>\n<br \/>\n%usuario%: dependendo do evento ser\u00e1 o pr\u00f3prio usu\u00e1rio-final que abriu o chamado;<br \/>\n<br \/>\n%tipo%: tipo do equipamento. Interessante para os casos de mensagens sobre vencimento de garantia;<br \/>\n<br \/>\n%vencimento%: data de vencimento da garantia do equipamento\/componente;<br \/>\n<br \/>\n%versao%: vers\u00e3o do Ocomon.\n    <\/div>\n  <br\/><a href=\"..\/manual\">&lt;&lt; Voltar para o \u00edndice do manual<\/a><\/body>\n<\/html><\/div><\/div><\/div><\/div><\/div>","protected":false},"excerpt":{"rendered":"<p>ocomonphp &raquo; email-mensagens Configura\u00e7\u00e3o de mensagens para envio de e-mail pelo Ocomon (Admin -&gt; Configura\u00e7\u00f5es -&gt; E-mail-Mensagens) Voc\u00ea pode customizar [&hellip;]<\/p>\n","protected":false},"author":1,"featured_media":0,"parent":0,"menu_order":0,"comment_status":"closed","ping_status":"closed","template":"page-templates\/full-width.php","meta":{"_bbp_topic_count":0,"_bbp_reply_count":0,"_bbp_total_topic_count":0,"_bbp_total_reply_count":0,"_bbp_voice_count":0,"_bbp_anonymous_reply_count":0,"_bbp_topic_count_hidden":0,"_bbp_reply_count_hidden":0,"_bbp_forum_subforum_count":0,"footnotes":""},"class_list":["post-1042","page","type-page","status-publish","hentry"],"_links":{"self":[{"href":"https:\/\/ocomon.com.br\/site\/wp-json\/wp\/v2\/pages\/1042","targetHints":{"allow":["GET"]}}],"collection":[{"href":"https:\/\/ocomon.com.br\/site\/wp-json\/wp\/v2\/pages"}],"about":[{"href":"https:\/\/ocomon.com.br\/site\/wp-json\/wp\/v2\/types\/page"}],"author":[{"embeddable":true,"href":"https:\/\/ocomon.com.br\/site\/wp-json\/wp\/v2\/users\/1"}],"replies":[{"embeddable":true,"href":"https:\/\/ocomon.com.br\/site\/wp-json\/wp\/v2\/comments?post=1042"}],"version-history":[{"count":2,"href":"https:\/\/ocomon.com.br\/site\/wp-json\/wp\/v2\/pages\/1042\/revisions"}],"predecessor-version":[{"id":1044,"href":"https:\/\/ocomon.com.br\/site\/wp-json\/wp\/v2\/pages\/1042\/revisions\/1044"}],"wp:attachment":[{"href":"https:\/\/ocomon.com.br\/site\/wp-json\/wp\/v2\/media?parent=1042"}],"curies":[{"name":"wp","href":"https:\/\/api.w.org\/{rel}","templated":true}]}}