{"id":1039,"date":"2020-06-19T10:01:30","date_gmt":"2020-06-19T13:01:30","guid":{"rendered":"https:\/\/ocomon.com.br\/site\/?page_id=1039"},"modified":"2020-06-19T17:49:17","modified_gmt":"2020-06-19T20:49:17","slug":"manual-smtp","status":"publish","type":"page","link":"https:\/\/ocomon.com.br\/site\/manual-smtp\/","title":{"rendered":"Manual: E-mail-SMTP"},"content":{"rendered":"<div id=\"pl-1039\"  class=\"panel-layout\" ><div id=\"pg-1039-0\"  class=\"panel-grid panel-no-style\" ><div id=\"pgc-1039-0-0\"  class=\"panel-grid-cell\" ><div id=\"panel-1039-0-0-0\" class=\"widget_text so-panel widget widget_custom_html panel-first-child panel-last-child\" data-index=\"0\" ><div class=\"textwidget custom-html-widget\"><html>\n  <head>\n    <title>ocomonphp &raquo; smtp<\/title>\n    <link rel=\"stylesheet\" href=\"static\/style.css\" type=\"text\/css\" \/>\n    <meta http-equiv=\"Content-Type\" content=\"text\/html;charset=UTF-8\">\n  <\/head>\n  <body>\n    <div class=\"wiki\" id=\"content_view\" style=\"display: block;\">\n<strong>Configura\u00e7\u00e3o para envio de e-mails<\/strong> (Admin -&gt; Configura\u00e7\u00f5es -&gt; E-mail - SMTP)<br \/>\n<br \/>\nNessa tela voc\u00ea poder\u00e1 configurar as op\u00e7\u00f5es globais para envio de e-mail pelo sistema Ocomon, as op\u00e7\u00f5es s\u00e3o:<br \/>\n<br \/>\n\n<ul>\n    <li><u>Utiliza SMTP<\/u>: essa op\u00e7\u00e3o vem marcada por padr\u00e3o, isso significa que os e-mails enviados pelo sistema utilizar\u00e3o o endere\u00e7o SMTP especificado por voc\u00ea. Caso voc\u00ea desabilite essa op\u00e7\u00e3o os e-mails ser\u00e3o enviados utilizando a fun\u00e7\u00e3o &quot;mail&quot; do PHP e o arquivo php.ini deve estar configurado com essa fun\u00e7\u00e3o para funcionar de maneira adequada.<\/li>\n    <li><u>Endere\u00e7o SMTP<\/u>: aqui voc\u00ea deve especificar o endere\u00e7o SMTP que dever\u00e1 ser utilizado para o envio das mensagens do sistema se a op\u00e7\u00e3o &quot;Utiliza SMTP&quot; estiver habilitada.<\/li>\n\t<li><u>Porta<\/u>: Porta para conex\u00e3o SMTP. (a partir da vers\u00e3o 2.0)<\/li>\n\t<li><u>Seguran\u00e7a<\/u>: Camada de seguran\u00e7a (SSL ou TLS) (a partir da vers\u00e3o 2.0)<\/li>\n    <li><u>Precisa de autentica\u00e7\u00e3o<\/u>: se o seu servidor de e-mail requerer autentica\u00e7\u00e3o para envio de mensagens voc\u00ea deve habilitar essa op\u00e7\u00e3o.<\/li>\n    <li><u>Usu\u00e1rio<\/u>: usu\u00e1rio v\u00e1lido para autentica\u00e7\u00e3o de envio de e-mail pelo SMTP definido por voc\u00ea. Tamb\u00e9m \u00e9 necess\u00e1rio digitar a senha para a autentica\u00e7\u00e3o.<\/li>\n    <li><u>Endere\u00e7o de envio(FROM)<\/u>: endere\u00e7o que aparecer\u00e1 como remetente das mensagens enviadas pelo sistema. Ex: <a class=\"wiki_link_ext\" href=\"..\/manual-mailto:ocomon@sua-empresa.com\" rel=\"nofollow\">ocomon@sua-empresa.com<\/a><\/li>\n    <li><u>Nome do From (alias)<\/u>: apelido para o endere\u00e7o de envio. Ex: SUPORTE OCOMON.<\/li>\n    <li><u>Conte\u00fado HTML<\/u>: se essa op\u00e7\u00e3o estiver habilitada, o sistema aceitar\u00e1 o envio de mensagens no formato HTML, do contr\u00e1rio apenas mensagens texto ser\u00e3o enviadas.<\/li>\n<\/ul>\n\n\n    <\/div>\n  <br\/><a href=\"..\/manual\">&lt;&lt; Voltar para o \u00edndice do manual<\/a><\/body>\n<\/html><\/div><\/div><\/div><\/div><\/div>","protected":false},"excerpt":{"rendered":"<p>ocomonphp &raquo; smtp Configura\u00e7\u00e3o para envio de e-mails (Admin -&gt; Configura\u00e7\u00f5es -&gt; E-mail &#8211; SMTP) Nessa tela voc\u00ea poder\u00e1 configurar [&hellip;]<\/p>\n","protected":false},"author":1,"featured_media":0,"parent":0,"menu_order":0,"comment_status":"closed","ping_status":"closed","template":"page-templates\/full-width.php","meta":{"_bbp_topic_count":0,"_bbp_reply_count":0,"_bbp_total_topic_count":0,"_bbp_total_reply_count":0,"_bbp_voice_count":0,"_bbp_anonymous_reply_count":0,"_bbp_topic_count_hidden":0,"_bbp_reply_count_hidden":0,"_bbp_forum_subforum_count":0,"footnotes":""},"class_list":["post-1039","page","type-page","status-publish","hentry"],"_links":{"self":[{"href":"https:\/\/ocomon.com.br\/site\/wp-json\/wp\/v2\/pages\/1039","targetHints":{"allow":["GET"]}}],"collection":[{"href":"https:\/\/ocomon.com.br\/site\/wp-json\/wp\/v2\/pages"}],"about":[{"href":"https:\/\/ocomon.com.br\/site\/wp-json\/wp\/v2\/types\/page"}],"author":[{"embeddable":true,"href":"https:\/\/ocomon.com.br\/site\/wp-json\/wp\/v2\/users\/1"}],"replies":[{"embeddable":true,"href":"https:\/\/ocomon.com.br\/site\/wp-json\/wp\/v2\/comments?post=1039"}],"version-history":[{"count":4,"href":"https:\/\/ocomon.com.br\/site\/wp-json\/wp\/v2\/pages\/1039\/revisions"}],"predecessor-version":[{"id":1170,"href":"https:\/\/ocomon.com.br\/site\/wp-json\/wp\/v2\/pages\/1039\/revisions\/1170"}],"wp:attachment":[{"href":"https:\/\/ocomon.com.br\/site\/wp-json\/wp\/v2\/media?parent=1039"}],"curies":[{"name":"wp","href":"https:\/\/api.w.org\/{rel}","templated":true}]}}