{"id":1025,"date":"2020-06-19T09:50:43","date_gmt":"2020-06-19T12:50:43","guid":{"rendered":"https:\/\/ocomon.com.br\/site\/?page_id=1025"},"modified":"2020-06-19T09:50:43","modified_gmt":"2020-06-19T12:50:43","slug":"manual-inv-relatorios","status":"publish","type":"page","link":"https:\/\/ocomon.com.br\/site\/manual-inv-relatorios\/","title":{"rendered":"Manual: Invent\u00e1rio: Relat\u00f3rios"},"content":{"rendered":"<div id=\"pl-1025\"  class=\"panel-layout\" ><div id=\"pg-1025-0\"  class=\"panel-grid panel-no-style\" ><div id=\"pgc-1025-0-0\"  class=\"panel-grid-cell\" ><div id=\"panel-1025-0-0-0\" class=\"widget_text so-panel widget widget_custom_html panel-first-child panel-last-child\" data-index=\"0\" ><div class=\"textwidget custom-html-widget\"><html>\n  <head>\n    <title>ocomonphp &raquo; inv-relatorios<\/title>\n    <link rel=\"stylesheet\" href=\"static\/style.css\" type=\"text\/css\" \/>\n    <meta http-equiv=\"Content-Type\" content=\"text\/html;charset=UTF-8\">\n  <\/head>\n  <body>\n    <div class=\"wiki\" id=\"content_view\" style=\"display: block;\">\n<strong>Estat\u00edsticas e relat\u00f3rios de invent\u00e1rio<\/strong> (Invent\u00e1rio -&gt; Estat\u00edsticas e relat\u00f3rios)<br \/>\n<br \/>\nNessa \u00e1rea o OcoMon concentra todas as estat\u00edsticas e relat\u00f3rios dispon\u00edveis sobre o parque de equipamentos do sistema.<br \/>\n<br \/>\n<hr \/>\n<strong>01<\/strong> - Estat\u00edstica geral de equipamentos cadastrados: aqui as informa\u00e7\u00f5es s\u00e3o exibidas da mesma forma do que na tela <a class=\"wiki_link\" href=\"..\/manual-inventario-inicio\">inicial<\/a> do m\u00f3dulo de invent\u00e1rio, por\u00e9m aqui \u00e9 poss\u00edvel filtrar a exibi\u00e7\u00e3o por <a class=\"wiki_link\" href=\"..\/manual-unidades\">unidade<\/a>. O filtro permite a sele\u00e7\u00e3o de m\u00faltiplas unidades.<br \/>\n<hr \/>\n<br \/>\n<br \/>\n<hr \/>\n<strong>02<\/strong> - 10 modelos mais cadastrados: essa op\u00e7\u00e3o exibe a lista dos top-ten modelos de equipamento cadastrados.<br \/>\n<hr \/>\n<br \/>\n<br \/>\n<hr \/>\n<strong>03<\/strong> - Quantidade de equipamentos cadastrados por dia: essa op\u00e7\u00e3o exibe a quantidade de equipamentos cadastrados por cada dia. Ao clicar em uma data espec\u00edfica ser\u00e1 exibida a listagem dos equipamentos cadastros na respectiva data.<br \/>\n<hr \/>\n<br \/>\n<br \/>\n<hr \/>\n<strong>04<\/strong> - Quantidade de equipamentos por setor: essa op\u00e7\u00e3o exibe o quadro de equipamentos por departamento\/local. Nessa tela, ao clicar em local ser\u00e1 exibida a listagem com os respectivos equipamentos.<br \/>\n<hr \/>\n<br \/>\n<br \/>\n<hr \/>\n<strong>05<\/strong> - Computadores x Setor: nessa tela s\u00e3o exibidos apenas equipamentos do tipo <strong>computador<\/strong> por local. \u00c9 poss\u00edvel selecionar m\u00faltiplas unidades como filtro. Tamb\u00e9m \u00e9 poss\u00edvel visualizar a listagem dos equipamentos de cada local apenas clicando no respectivo local.<br \/>\n<hr \/>\n<br \/>\n<br \/>\n<hr \/>\n<strong>06<\/strong> - Computadores x Mem\u00f3ria: esse quadro exibe a rela\u00e7\u00e3o de equipamentos por mem\u00f3ria. Tamb\u00e9m \u00e9 poss\u00edvel filtrar essa sa\u00edda por m\u00faltiplas unidades. Ao clicar no montante de mem\u00f3ria o sistema exibir\u00e1 a listagem dos respectivos equipamentos.<br \/>\n<hr \/>\n<br \/>\n<br \/>\n<hr \/>\n<strong>07<\/strong> - Modelos x Mem\u00f3ria: essa quadro exibe a rela\u00e7\u00e3o de modelos de equipamentos por quantidade de mem\u00f3ria. Ao clicar em qualquer modelo ser\u00e1 exibida a listagem dos respectivos modelos com a quantidade de mem\u00f3ria correspondente.<br \/>\n<hr \/>\n<br \/>\n<br \/>\n<hr \/>\n<strong>08<\/strong> - Computadores x Processador: esse quadro exibe a rela\u00e7\u00e3o de equipamentos por processador. \u00c9 poss\u00edvel filtrar o quadro em fun\u00e7\u00e3o das unidades dos equipamentos. Tamb\u00e9m \u00e9 poss\u00edvel ter acesso \u00e0 listagem de equipamentos por processador bastando clicar no link do respectivo processador.<br \/>\n<hr \/>\n<br \/>\n<br \/>\n<hr \/>\n<strong>09<\/strong> - Computadores x HD: esse quadro exibe a rela\u00e7\u00e3o de equipamentos por HD. \u00c9 poss\u00edvel filtrar o quadro em fun\u00e7\u00e3o das unidades dos equipamentos. Tamb\u00e9m \u00e9 poss\u00edvel ter acesso \u00e0 listagem de equipamentos por HD bastando clicar no link do respectivo HD.<br \/>\n<hr \/>\n<br \/>\n<br \/>\n<hr \/>\n<strong>10<\/strong> - Situa\u00e7\u00e3o geral dos equipamentos: esse quadro exibe a rela\u00e7\u00e3o de equipamentos por <a class=\"wiki_link\" href=\"..\/manual-adm-situacoes\">situa\u00e7\u00e3o<\/a>. \u00c9 poss\u00edvel filtrar o quadro em fun\u00e7\u00e3o das situa\u00e7\u00f5es dos equipamentos. Tamb\u00e9m \u00e9 poss\u00edvel ter acesso \u00e0 listagem de equipamentos por situa\u00e7\u00e3o bastando clicar no link da respectiva situa\u00e7\u00e3o.<br \/>\n<hr \/>\n<br \/>\n<br \/>\n<hr \/>\n<strong>11<\/strong> - Equipamentos x Situa\u00e7\u00e3o: similar \u00e0s informa\u00e7\u00f5es do item <strong>10<\/strong>, por\u00e9m aqui as informa\u00e7\u00f5es s\u00e3o agrupadas por tipo de equipamento.<br \/>\n<hr \/>\n<br \/>\n<br \/>\n<hr \/>\n<strong>12<\/strong> - Distribui\u00e7\u00e3o geral dos equipamentos por unidade: esse quadro exibe a rela\u00e7\u00e3o de equipamentos por <a class=\"wiki_link\" href=\"..\/manual-unidades\">unidade<\/a>. \u00c9 poss\u00edvel ter acesso a listagem de equipamentos clicando no link da respectiva unidade.<br \/>\n<hr \/>\n<br \/>\n<br \/>\n<hr \/>\n<strong>13<\/strong> - Equipamentos x Reitoria: exibe o quadro de distribui\u00e7\u00e3o dos equipamentos por <a class=\"wiki_link\" href=\"..\/manual-locais#reitoria\">reitoria<\/a>. Para saber mais sobre o que \u00e9 uma reitoria, acesse a <a class=\"wiki_link\" href=\"..\/manual-locais#reitoria\">p\u00e1gina de locais<\/a>.<br \/>\n<br \/>\n<u>Dica<\/u>: ao clicar sobre a quantidade de equipamentos, ser\u00e1 exibida a mesma distribui\u00e7\u00e3o por\u00e9m agrupada por tipos de equipamentos.<br \/>\n<hr \/>\n<br \/>\n<br \/>\n<hr \/>\n<strong>14<\/strong> - Equipamentos x Dom\u00ednio: exibe o quadro de distribui\u00e7\u00e3o dos equipamentos por dom\u00ednio de rede. Para saber mais sobre o que \u00e9 um dom\u00ednio de rede acesse a <a class=\"wiki_link\" href=\"..\/manual-locais#dominio\">p\u00e1gina de locais<\/a>.<br \/>\n<br \/>\n<u>Dica<\/u>: ao clicar sobre a quantidade de equipamentos, ser\u00e1 exibida a mesma distribui\u00e7\u00e3o por\u00e9m agrupada por tipos de equipamentos.<br \/>\n<hr \/>\n<br \/>\n<br \/>\n<hr \/>\n<strong>15<\/strong> - Vencimento das garantias: exibe a quantidade de equipamentos que ter\u00e3o vencimento de garantia por um per\u00edodo futuro de at\u00e9 3 anos.<br \/>\n<br \/>\nA partir da vers\u00e3o <strong>2.0RC4<\/strong>, esse relat\u00f3rio mostra ainda:<br \/>\n- link para exibi\u00e7\u00e3o da listagem dos equipamentos com vencimento em data espec\u00edfica;<br \/>\n- link para exibi\u00e7\u00e3o do quadro geral com <strong>todos<\/strong> equipamentos por data de vencimento, independente de j\u00e1 possu\u00edrem garantia vencida ou n\u00e3o.<br \/>\n<hr \/>\n<br \/>\n<br \/>\n<hr \/>\n<strong>16<\/strong> - Altera\u00e7\u00f5es de HW por per\u00edodo: toda vez que \u00e9 alterada uma informa\u00e7\u00e3o de configura\u00e7\u00e3o de um equipamento, esse registro \u00e9 gravado. Esse relat\u00f3rio exibe a quantidade de altera\u00e7\u00f5es por cada equipamento no per\u00edodo.<br \/>\n<br \/>\n<u>Dica<\/u>: \u00e9 poss\u00edvel verificar quais as pe\u00e7as foram trocadas para um determinado equipamento ao clicar na quantidade correspondente. Tamb\u00e9m \u00e9 poss\u00edvel verificar a configura\u00e7\u00e3o atual do equipamento clicando sobre o n\u00famero da etiqueta do mesmo.<br \/>\n<hr \/>\n<br \/>\n<br \/>\n<hr \/>\n<strong>17<\/strong> - Troca de pe\u00e7as avulsas por t\u00e9cnico: cara opera\u00e7\u00e3o de troca de <a class=\"wiki_link\" href=\"..\/manual-cadastro-componente-avulso\">pe\u00e7as avulsas<\/a> \u00e9 registrada no sistema. Esse relat\u00f3rio exibe a quantidade de oepra\u00e7\u00f5es por cada t\u00e9cnico\/operador do sistema.<br \/>\n<br \/>\n<u>Dica<\/u>: ao clicar no nome do t\u00e9cnico ser\u00e1 exibida a listagem das pe\u00e7as trocadas e equipamentos envolvidos.<br \/>\n<hr \/>\n\n    <\/div>\n  <br\/><a href=\"..\/manual\">&lt;&lt; Voltar para o \u00edndice do manual<\/a><\/body>\n<\/html><\/div><\/div><\/div><\/div><\/div>","protected":false},"excerpt":{"rendered":"<p>ocomonphp &raquo; inv-relatorios Estat\u00edsticas e relat\u00f3rios de invent\u00e1rio (Invent\u00e1rio -&gt; Estat\u00edsticas e relat\u00f3rios) Nessa \u00e1rea o OcoMon concentra todas as [&hellip;]<\/p>\n","protected":false},"author":1,"featured_media":0,"parent":0,"menu_order":0,"comment_status":"closed","ping_status":"closed","template":"page-templates\/full-width.php","meta":{"_bbp_topic_count":0,"_bbp_reply_count":0,"_bbp_total_topic_count":0,"_bbp_total_reply_count":0,"_bbp_voice_count":0,"_bbp_anonymous_reply_count":0,"_bbp_topic_count_hidden":0,"_bbp_reply_count_hidden":0,"_bbp_forum_subforum_count":0,"footnotes":""},"class_list":["post-1025","page","type-page","status-publish","hentry"],"_links":{"self":[{"href":"https:\/\/ocomon.com.br\/site\/wp-json\/wp\/v2\/pages\/1025","targetHints":{"allow":["GET"]}}],"collection":[{"href":"https:\/\/ocomon.com.br\/site\/wp-json\/wp\/v2\/pages"}],"about":[{"href":"https:\/\/ocomon.com.br\/site\/wp-json\/wp\/v2\/types\/page"}],"author":[{"embeddable":true,"href":"https:\/\/ocomon.com.br\/site\/wp-json\/wp\/v2\/users\/1"}],"replies":[{"embeddable":true,"href":"https:\/\/ocomon.com.br\/site\/wp-json\/wp\/v2\/comments?post=1025"}],"version-history":[{"count":2,"href":"https:\/\/ocomon.com.br\/site\/wp-json\/wp\/v2\/pages\/1025\/revisions"}],"predecessor-version":[{"id":1027,"href":"https:\/\/ocomon.com.br\/site\/wp-json\/wp\/v2\/pages\/1025\/revisions\/1027"}],"wp:attachment":[{"href":"https:\/\/ocomon.com.br\/site\/wp-json\/wp\/v2\/media?parent=1025"}],"curies":[{"name":"wp","href":"https:\/\/api.w.org\/{rel}","templated":true}]}}