{"id":1016,"date":"2020-06-19T09:47:27","date_gmt":"2020-06-19T12:47:27","guid":{"rendered":"https:\/\/ocomon.com.br\/site\/?page_id=1016"},"modified":"2020-06-19T09:47:27","modified_gmt":"2020-06-19T12:47:27","slug":"manual-historico-etiqueta","status":"publish","type":"page","link":"https:\/\/ocomon.com.br\/site\/manual-historico-etiqueta\/","title":{"rendered":"Manual: Hist\u00f3rico por Etiqueta"},"content":{"rendered":"<div id=\"pl-1016\"  class=\"panel-layout\" ><div id=\"pg-1016-0\"  class=\"panel-grid panel-no-style\" ><div id=\"pgc-1016-0-0\"  class=\"panel-grid-cell\" ><div id=\"panel-1016-0-0-0\" class=\"widget_text so-panel widget widget_custom_html panel-first-child panel-last-child\" data-index=\"0\" ><div class=\"textwidget custom-html-widget\"><html>\n  <head>\n    <title>ocomonphp &raquo; historico-etiqueta<\/title>\n    <link rel=\"stylesheet\" href=\"static\/style.css\" type=\"text\/css\" \/>\n    <meta http-equiv=\"Content-Type\" content=\"text\/html;charset=UTF-8\">\n  <\/head>\n  <body>\n    <div class=\"wiki\" id=\"content_view\" style=\"display: block;\">\n<strong>Consultar hist\u00f3rico por etiqueta<\/strong> (Invent\u00e1rio -&gt; Consultar -&gt; Hist\u00f3rico -&gt; Por etiqueta)<br \/>\n<br \/>\nAtrav\u00e9s dessa consulta \u00e9 poss\u00edvel visualizar o hist\u00f3rico de localiza\u00e7\u00e3o de um dado equipamento.<br \/>\n<br \/>\nEssa mesma fun\u00e7\u00e3o tamb\u00e9m pode ser acessada atrav\u00e9s do menu superior da tela de <a class=\"wiki_link\" href=\"..\/manual-equipamento-detalhes\">detalhes do equipamento<\/a>, no link &quot;<strong>Locais<\/strong>&quot;.\n    <\/div>\n  <br\/><a href=\"..\/manual\">&lt;&lt; Voltar para o \u00edndice do manual<\/a><\/body>\n<\/html><\/div><\/div><\/div><\/div><\/div>","protected":false},"excerpt":{"rendered":"<p>ocomonphp &raquo; historico-etiqueta Consultar hist\u00f3rico por etiqueta (Invent\u00e1rio -&gt; Consultar -&gt; Hist\u00f3rico -&gt; Por etiqueta) Atrav\u00e9s dessa consulta \u00e9 poss\u00edvel [&hellip;]<\/p>\n","protected":false},"author":1,"featured_media":0,"parent":0,"menu_order":0,"comment_status":"closed","ping_status":"closed","template":"page-templates\/full-width.php","meta":{"_bbp_topic_count":0,"_bbp_reply_count":0,"_bbp_total_topic_count":0,"_bbp_total_reply_count":0,"_bbp_voice_count":0,"_bbp_anonymous_reply_count":0,"_bbp_topic_count_hidden":0,"_bbp_reply_count_hidden":0,"_bbp_forum_subforum_count":0,"footnotes":""},"class_list":["post-1016","page","type-page","status-publish","hentry"],"_links":{"self":[{"href":"https:\/\/ocomon.com.br\/site\/wp-json\/wp\/v2\/pages\/1016","targetHints":{"allow":["GET"]}}],"collection":[{"href":"https:\/\/ocomon.com.br\/site\/wp-json\/wp\/v2\/pages"}],"about":[{"href":"https:\/\/ocomon.com.br\/site\/wp-json\/wp\/v2\/types\/page"}],"author":[{"embeddable":true,"href":"https:\/\/ocomon.com.br\/site\/wp-json\/wp\/v2\/users\/1"}],"replies":[{"embeddable":true,"href":"https:\/\/ocomon.com.br\/site\/wp-json\/wp\/v2\/comments?post=1016"}],"version-history":[{"count":2,"href":"https:\/\/ocomon.com.br\/site\/wp-json\/wp\/v2\/pages\/1016\/revisions"}],"predecessor-version":[{"id":1018,"href":"https:\/\/ocomon.com.br\/site\/wp-json\/wp\/v2\/pages\/1016\/revisions\/1018"}],"wp:attachment":[{"href":"https:\/\/ocomon.com.br\/site\/wp-json\/wp\/v2\/media?parent=1016"}],"curies":[{"name":"wp","href":"https:\/\/api.w.org\/{rel}","templated":true}]}}