{"id":1002,"date":"2020-06-19T09:36:47","date_gmt":"2020-06-19T12:36:47","guid":{"rendered":"https:\/\/ocomon.com.br\/site\/?page_id=1002"},"modified":"2020-06-19T09:36:47","modified_gmt":"2020-06-19T12:36:47","slug":"manual-visualizar-componentes","status":"publish","type":"page","link":"https:\/\/ocomon.com.br\/site\/manual-visualizar-componentes\/","title":{"rendered":"Manual: Visualizar Componentes"},"content":{"rendered":"<div id=\"pl-1002\"  class=\"panel-layout\" ><div id=\"pg-1002-0\"  class=\"panel-grid panel-no-style\" ><div id=\"pgc-1002-0-0\"  class=\"panel-grid-cell\" ><div id=\"panel-1002-0-0-0\" class=\"widget_text so-panel widget widget_custom_html panel-first-child panel-last-child\" data-index=\"0\" ><div class=\"textwidget custom-html-widget\"><html>\n  <head>\n    <title>ocomonphp &raquo; visualizar-componentes<\/title>\n    <link rel=\"stylesheet\" href=\"static\/style.css\" type=\"text\/css\" \/>\n    <meta http-equiv=\"Content-Type\" content=\"text\/html;charset=UTF-8\">\n  <\/head>\n  <body>\n    <div class=\"wiki\" id=\"content_view\" style=\"display: block;\">\n<strong>Visualiza\u00e7\u00e3o de componentes avulsos<\/strong> (Invent\u00e1rio -&gt; Visualizar -&gt; Componentes avulsos)<br \/>\n<br \/>\nEssa tela exibe a listagem de componentes avulsos cadastrados no sistema.<br \/>\n<br \/>\n<img decoding=\"async\" src=\"..\/files\/lista-componentes-avulsos.png\" alt=\"lista-componentes-avulsos.png\" title=\"lista-componentes-avulsos.png\" style=\"height: 310px; width: 878px;\" \/><br \/>\n<em>Tela exibindo a listagem de componentes cadastrados - vers\u00e3o 2.0rc3<\/em><br \/>\n<br \/>\n<u>Fun\u00e7\u00f5es a partir da listagem de componentes:<\/u><br \/>\n<br \/>\nBot\u00e3o Cadastrar componentes avulsos: bot\u00e3o para acesso r\u00e1pido \u00e0 fun\u00e7\u00e3o de <a class=\"wiki_link\" href=\"..\/manual-cadastro-componente-avulso\">cadastro de componentes<\/a>.<br \/>\n<br \/>\nBot\u00e3o Pesquisar componentes: bot\u00e3o para acesso \u00e0 tela de pesquisa por componentes.<br \/>\n<br \/>\nBot\u00e3o Incluir modelo de componente: bot\u00e3o para acesso \u00e0 tela de inclus\u00e3o de modelos de componentes.<br \/>\n<br \/>\n<u>Outros links na tela<\/u>:<br \/>\n<br \/>\nNa coluna <strong>Tipo<\/strong>, ao clicar em qualquer linha o sistema redireciona para a tela de detalhes do componente selecionado.<br \/>\n<br \/>\nna coluna <strong>Equipamento<\/strong>, ao clicar em qualquer n\u00famero de etiqueta, ser\u00e1 exibida a tela com os detalhes de configura\u00e7\u00e3o do equipamento em que o respectivo componente est\u00e1 agregado.\n    <\/div>\n  <br\/><a href=\"..\/manual\">&lt;&lt; Voltar para o \u00edndice do manual<\/a><\/body>\n<\/html><\/div><\/div><\/div><\/div><\/div>","protected":false},"excerpt":{"rendered":"<p>ocomonphp &raquo; visualizar-componentes Visualiza\u00e7\u00e3o de componentes avulsos (Invent\u00e1rio -&gt; Visualizar -&gt; Componentes avulsos) Essa tela exibe a listagem de componentes [&hellip;]<\/p>\n","protected":false},"author":1,"featured_media":0,"parent":0,"menu_order":0,"comment_status":"closed","ping_status":"closed","template":"page-templates\/full-width.php","meta":{"_bbp_topic_count":0,"_bbp_reply_count":0,"_bbp_total_topic_count":0,"_bbp_total_reply_count":0,"_bbp_voice_count":0,"_bbp_anonymous_reply_count":0,"_bbp_topic_count_hidden":0,"_bbp_reply_count_hidden":0,"_bbp_forum_subforum_count":0,"footnotes":""},"class_list":["post-1002","page","type-page","status-publish","hentry"],"_links":{"self":[{"href":"https:\/\/ocomon.com.br\/site\/wp-json\/wp\/v2\/pages\/1002","targetHints":{"allow":["GET"]}}],"collection":[{"href":"https:\/\/ocomon.com.br\/site\/wp-json\/wp\/v2\/pages"}],"about":[{"href":"https:\/\/ocomon.com.br\/site\/wp-json\/wp\/v2\/types\/page"}],"author":[{"embeddable":true,"href":"https:\/\/ocomon.com.br\/site\/wp-json\/wp\/v2\/users\/1"}],"replies":[{"embeddable":true,"href":"https:\/\/ocomon.com.br\/site\/wp-json\/wp\/v2\/comments?post=1002"}],"version-history":[{"count":2,"href":"https:\/\/ocomon.com.br\/site\/wp-json\/wp\/v2\/pages\/1002\/revisions"}],"predecessor-version":[{"id":1004,"href":"https:\/\/ocomon.com.br\/site\/wp-json\/wp\/v2\/pages\/1002\/revisions\/1004"}],"wp:attachment":[{"href":"https:\/\/ocomon.com.br\/site\/wp-json\/wp\/v2\/media?parent=1002"}],"curies":[{"name":"wp","href":"https:\/\/api.w.org\/{rel}","templated":true}]}}